{"id":22656,"date":"2023-12-12T14:43:22","date_gmt":"2023-12-12T14:43:22","guid":{"rendered":"https:\/\/www.medienlb.com\/produkt\/lesetraining-3-4-vol-3\/"},"modified":"2024-02-14T15:06:44","modified_gmt":"2024-02-14T15:06:44","slug":"lesetraining-3-4-vol-3","status":"publish","type":"product","link":"https:\/\/www.medienlb.com\/en\/produkt\/lesetraining-3-4-vol-3\/","title":{"rendered":"Lesetraining 3.\/4., Vol. 3"},"content":{"rendered":"<p>In unserem Arbeitsheft K\u00f6rper &amp; Gesundheit &#8211; Lesetraining 3.\/4., Vol. 3 finden Sie 50 interaktive und didaktisch aufbereitete Aufgaben.<\/p>\n<p>Das Medium bietet H5P-Aufgaben an, die ohne zus\u00e4tzliche Software verwendbar sind. Das Medium enth\u00e4lt interaktive Videos und 50 H5P-Aufgaben zum Thema K\u00f6rper &amp; Gesundheit.\u00a0<br \/>\nDurch interaktive Aufgabentypen wird das audiovisuelle und interaktive Lernen einfach.<br \/>\nLernen macht jetzt Spa\u00df!<\/p>\n","protected":false},"excerpt":{"rendered":"<p>In unserem Arbeitsheft K\u00f6rper &amp; Gesundheit &#8211; Lesetraining 3.\/4., Vol. 3 finden Sie 50 interaktive und didaktisch aufbereitete Aufgaben.<\/p>\n","protected":false},"featured_media":18182,"template":"","meta":{"_acf_changed":false},"product_brand":[],"product_cat":[183],"product_tag":[155,98,130],"class_list":{"0":"post-22656","1":"product","2":"type-product","3":"status-publish","4":"has-post-thumbnail","6":"product_cat-interactive-workbook","7":"product_tag-old_image-2","8":"product_tag-subject-primary-school","9":"product_tag-target-gru-2","11":"first","12":"instock","13":"taxable","14":"shipping-taxable","15":"purchasable","16":"product-type-variable"},"acf":{"subtitle":"","article_id":"55505302","languages":"DE","thumb_up":false,"cover_image":null,"linked_product":null,"linked_products":null,"banner":{"show":false,"text":"","color":""},"length":"","content_movie":"","learning_goals":"","preview_gif":null,"trailer":{"file":null,"url":"","image":null},"mediathek_id":"","amount":50,"demo_url":"","h5p_demo_id":"","content_interactive":"1. Augenarzt - Sachtext - Lesetraining\n2. Augenarzt - Lesetraining - L\u00fcckentext\n3. Augenarzt - Ein Wort zu viel - Lesetraining\n4. Verbinde die Satzanf\u00e4nge - Augenarzt\n5. Bewerte die folgenden Aussagen (Thema: Augenarzt)\n6. Markiere alle Tunw\u00f6rter (Verben) (Text: Augenarzt)\n7. Markiere alle Nomen (Hauptw\u00f6rter) (Text: Augenarzt)\n8. Autismus - Sachtext - Lesetraining\n9. Autismus - Lesetraining - L\u00fcckentext\n10. Autismus - Ein Wort zu viel - Lesetraining\n11. Verbinde die Satzanf\u00e4nge - Autismus\n12. Bewerte die folgenden Aussagen (Thema: Autismus)\n13. Markiere alle Tunw\u00f6rter (Verben) (Text: Autismus)\n14. Markiere alle Nomen (Hauptw\u00f6rter) (Text: Autismus)\n15. Bakterien - Sachtext - Lesetraining\n16. Bakterien - Lesetraining - L\u00fcckentext\n17. Bakterien - Ein Wort zu viel - Lesetraining\n18. Verbinde die Satzanf\u00e4nge - Bakterien\n19. Bewerte die folgenden Aussagen (Thema: Bakterien)\n20. Markiere alle Tunw\u00f6rter (Verben) (Text: Bakterien)\n21. Markiere alle Nomen (Hauptw\u00f6rter) (Text: Bakterien)\n22. Ballaststoffe - Sachtext - Lesetraining\n23. Ballaststoffe - Lesetraining - L\u00fcckentext\n24. Ballaststoffe - Ein Wort zu viel - Lesetraining\n25. Verbinde die Satzanf\u00e4nge - Ballaststoffe\n26. Bewerte die folgenden Aussagen (Thema: Ballaststoffe)\n27. Markiere alle Tunw\u00f6rter (Verben) (Text: Ballaststoffe)\n28. Markiere alle Nomen (Hauptw\u00f6rter) (Text: Ballaststoffe)\n29. Bestimmten Artikel einsetzen und Plural bilden (Ballaststoffe)\n30. Bart - Sachtext - Lesetraining\n31. Bart - Lesetraining - L\u00fcckentext\n32. Bart - Ein Wort zu viel - Lesetraining\n33. Verbinde die Satzanf\u00e4nge - Bart\n34. Bewerte die folgenden Aussagen (Thema: Bart)\n35. Markiere alle Tunw\u00f6rter (Verben) (Text: Bart)\n36. Markiere alle Nomen (Hauptw\u00f6rter) (Text: Bart)\n37. Bauch - Sachtext - Lesetraining\n38. Bauch - Lesetraining - L\u00fcckentext\n39. Bauch - Ein Wort zu viel - Lesetraining\n40. Verbinde die Satzanf\u00e4nge - Bauch\n41. Bewerte die folgenden Aussagen (Thema: Bauch)\n42. Markiere alle Tunw\u00f6rter (Verben) (Text: Bauch)\n43. Markiere alle Nomen (Hauptw\u00f6rter) (Text: Bauch)\n44. Bauchnabel - Sachtext - Lesetraining\n45. Bauchnabel - Lesetraining - L\u00fcckentext\n46. Bauchnabel - Ein Wort zu viel - Lesetraining\n47. Verbinde die Satzanf\u00e4nge - Bauchnabel\n48. Bewerte die folgenden Aussagen (Thema: Bauchnabel)\n49. Markiere alle Tunw\u00f6rter (Verben) (Text: Bauchnabel)\n50. Markiere alle Nomen (Hauptw\u00f6rter) (Text: Bauchnabel)","hide_numbers":true,"flyer":null,"info_columns":null},"_links":{"self":[{"href":"https:\/\/www.medienlb.com\/en\/wp-json\/wp\/v2\/product\/22656","targetHints":{"allow":["GET"]}}],"collection":[{"href":"https:\/\/www.medienlb.com\/en\/wp-json\/wp\/v2\/product"}],"about":[{"href":"https:\/\/www.medienlb.com\/en\/wp-json\/wp\/v2\/types\/product"}],"wp:featuredmedia":[{"embeddable":true,"href":"https:\/\/www.medienlb.com\/en\/wp-json\/wp\/v2\/media\/18182"}],"wp:attachment":[{"href":"https:\/\/www.medienlb.com\/en\/wp-json\/wp\/v2\/media?parent=22656"}],"wp:term":[{"taxonomy":"product_brand","embeddable":true,"href":"https:\/\/www.medienlb.com\/en\/wp-json\/wp\/v2\/product_brand?post=22656"},{"taxonomy":"product_cat","embeddable":true,"href":"https:\/\/www.medienlb.com\/en\/wp-json\/wp\/v2\/product_cat?post=22656"},{"taxonomy":"product_tag","embeddable":true,"href":"https:\/\/www.medienlb.com\/en\/wp-json\/wp\/v2\/product_tag?post=22656"}],"curies":[{"name":"wp","href":"https:\/\/api.w.org\/{rel}","templated":true}]}}