{"id":22644,"date":"2023-12-12T14:43:41","date_gmt":"2023-12-12T14:43:41","guid":{"rendered":"https:\/\/www.medienlb.com\/produkt\/feuer-und-wasser\/"},"modified":"2024-02-14T15:06:31","modified_gmt":"2024-02-14T15:06:31","slug":"feuer-und-wasser","status":"publish","type":"product","link":"https:\/\/www.medienlb.com\/en\/produkt\/feuer-und-wasser\/","title":{"rendered":"Feuer und Wasser"},"content":{"rendered":"<p>Feuer und Wasser &#8211; zwei Naturelemente, wie sie gegens\u00e4tzlicher nicht sein k\u00f6nnen.<br \/>\nBeiden gemein ist, dass sie f\u00fcr das Leben auf der Erde zum Fortbestehen unbedingt notwendig sind &#8211; doch ebenso zerst\u00f6rerisch wirken k\u00f6nnen.<br \/>\nIn 50 unterschiedliche interaktiv und methodisch-didaktisch aufbereiteten Aufgaben werden &#8222;Feuer und Wasser&#8220; aus unterschiedlichen Perspektiven beleuchtet.<br \/>\nDargestellt werden in einem ersten Teil beispielsweise der nat\u00fcrliche Wasserkreislauf bis hin zur Entstehung eines Tsunamis, oder das Leben im und mit Wasser bis hin zur nachhaltigen Nutzung von Wasser, um dieses Leben aufrecht zu erhalten.<br \/>\nIn einem zweiten Teil wird der Einfluss von Feuer auf unser Leben beschrieben, jedoch ebenso auf die Gefahr und Kraft hingewiesen, die von Feuer ausgeht. Eine der zentralen Fragen ist hierbei beispielsweise, welche Handlungsschritte bei einem Wohnungs- oder Waldbrand zu ber\u00fccksichtigen sind.<\/p>\n","protected":false},"excerpt":{"rendered":"<p>Feuer und Wasser &#8211; zwei Naturelemente, wie sie gegens\u00e4tzlicher nicht sein k\u00f6nnen.<\/p>\n","protected":false},"featured_media":18210,"template":"","meta":{"_acf_changed":false},"product_brand":[],"product_cat":[183],"product_tag":[155,98,130],"class_list":{"0":"post-22644","1":"product","2":"type-product","3":"status-publish","4":"has-post-thumbnail","6":"product_cat-interactive-workbook","7":"product_tag-old_image-2","8":"product_tag-subject-primary-school","9":"product_tag-target-gru-2","11":"first","12":"instock","13":"taxable","14":"shipping-taxable","15":"purchasable","16":"product-type-variable"},"acf":{"subtitle":"","article_id":"55505024","languages":"DE","thumb_up":false,"cover_image":null,"linked_product":null,"linked_products":null,"banner":{"show":false,"text":"","color":""},"length":"","content_movie":"","learning_goals":"","preview_gif":null,"trailer":{"file":null,"url":"","image":null},"mediathek_id":"","amount":50,"demo_url":"","h5p_demo_id":"","content_interactive":"1. Wasser - unser Lebenselixier - Interaktives Video\n2. Aggregatzust\u00e4nde des Wassers\n3. Aggregatzust\u00e4nde - Flashcards\n4. Wo steckt im Wetter Wasser drin? - Finde die Bildpaare\n5. Niederschlag - Welche Arten gibt es?\n6. Der Wasserkreislauf - Verbinde die Satzteile\n7. Der Wasserkreislauf - Sortiere die Paragraphen\n8. Der Weg des Wassers - Bestimme die Bodenschichten\n9. Wie viel Wasser verbrauchen wir im Alltag? - Interaktive Aufgaben\n10. Wasser im Alltag sparen und sch\u00fctzen\n11. Wasserqualit\u00e4t - Interaktives Video\n12. Wasser ist lebensnotwendig!\n13. Wasser ist lebensnotwendig - Verbinde die Satzteile\n14. Woher kommt unser Trinkwasser? - Interaktive Aufgaben\n15. Sauberes Wasser f\u00fcr alle?\n16. Wasser sparen - L\u00fcckentext\n17. Die Ozeane - Interaktive Aufgaben\n18. Abwasser - Interaktive Aufgaben\n19. Wasser ist \u00fcberall! - Interaktive Aufgaben\n20. Das Leben im Wasser\n21. Das Leben im Wasser - Interaktive Aufgaben\n22. Achtung - Gefahr! - Tsunamis und \u00dcberschwemmungen\n23. Auftrieb und Verdr\u00e4ngung - Interaktives Video\n24. L\u00f6slichkeit von Stoffen - Interaktives Video\n25. Was l\u00f6st sich in Wasser? - Zurordnungsaufgabe\n26. Wasser - Finde die L\u00f6sungsw\u00f6rter\n27. Wie hat Feuer die Menschheit ver\u00e4ndert?\n28. Das Verbrennungsdreieck - Interaktive Aufgaben\n29. Wie l\u00f6sche ich Feuer?\n30. Wie l\u00f6sche ich Feuer? - Verbinde die Textpaare\n31. Notruf und Brandschutz- Rettungszeichen\n32. Brandschutzzeichen und Rettungszeichen - Finde die Bildpaare\n33. Die Feuerwehr kommt! - Interaktives Video\n34. Hilfe! -  es brennt! - Richtiges Verhalten im Notfall\n35. Feuer l\u00f6schen - Finde die Bildpaare\n36. Brennbar oder nicht? - Zuordnungsaufgabe\n37. Die Feuerwehr - Teste dein Wissen im Quiz!\n38. Feuer und Flammen - Finde die Bildpaare\n39. Vorsicht! - Brandgefahr! - Finde die brennbaren Objekte\n40. Waldbr\u00e4nde - eine Gefahr f\u00fcr Natur; Mensch und Tier\n41. Feuer - Wortsuchr\u00e4tsel\n42. Welche Bestandteile hat eine Kerze?\n43. Der sichere Umgang mit Kerzen - Interaktive Aufgaben\n44. Eine Flamme l\u00f6schen - Verbrennungsdreieck\n45. Die Kerze - Finde die L\u00f6sungsw\u00f6rter\n46. H\u00e4ttest du das gewusst? - Ungew\u00f6hnliche Fakten \u00fcber Wasser\n47. H\u00e4ttest du das gewusst? - Ungew\u00f6hnliche Fakten \u00fcber Feuer\n48. Was bedeuten diese Sprichw\u00f6rter? - Feuer und Wasser\n49. Feuer und Wasser - Teste dein Wissen im Quiz!\n50. Feuer und Wasser - Kreuzwortr\u00e4tsel","hide_numbers":true,"flyer":null,"info_columns":null},"_links":{"self":[{"href":"https:\/\/www.medienlb.com\/en\/wp-json\/wp\/v2\/product\/22644","targetHints":{"allow":["GET"]}}],"collection":[{"href":"https:\/\/www.medienlb.com\/en\/wp-json\/wp\/v2\/product"}],"about":[{"href":"https:\/\/www.medienlb.com\/en\/wp-json\/wp\/v2\/types\/product"}],"wp:featuredmedia":[{"embeddable":true,"href":"https:\/\/www.medienlb.com\/en\/wp-json\/wp\/v2\/media\/18210"}],"wp:attachment":[{"href":"https:\/\/www.medienlb.com\/en\/wp-json\/wp\/v2\/media?parent=22644"}],"wp:term":[{"taxonomy":"product_brand","embeddable":true,"href":"https:\/\/www.medienlb.com\/en\/wp-json\/wp\/v2\/product_brand?post=22644"},{"taxonomy":"product_cat","embeddable":true,"href":"https:\/\/www.medienlb.com\/en\/wp-json\/wp\/v2\/product_cat?post=22644"},{"taxonomy":"product_tag","embeddable":true,"href":"https:\/\/www.medienlb.com\/en\/wp-json\/wp\/v2\/product_tag?post=22644"}],"curies":[{"name":"wp","href":"https:\/\/api.w.org\/{rel}","templated":true}]}}