{"id":22617,"date":"2023-12-12T14:44:22","date_gmt":"2023-12-12T14:44:22","guid":{"rendered":"https:\/\/www.medienlb.com\/produkt\/einheimische-greifvoegel\/"},"modified":"2024-02-14T15:05:59","modified_gmt":"2024-02-14T15:05:59","slug":"einheimische-greifvoegel","status":"publish","type":"product","link":"https:\/\/www.medienlb.com\/en\/produkt\/einheimische-greifvoegel\/","title":{"rendered":"Einheimische Greifv\u00f6gel"},"content":{"rendered":"<p>In unserem Arbeitsheft Biologie 4-6, Vol. 6, Artenvielfalt &#8211; Einheimische Greifv\u00f6gel finden Sie 50 interaktive und didaktisch aufbereitete Aufgaben zur Wissensvermittlung, Vertiefung und Lernstandkontrolle.<br \/>\n\u00a0<br \/>\nDas Medium bietet H5P-Aufgaben an, die ohne zus\u00e4tzliche Software verwendbar sind. Das Medium enth\u00e4lt interaktive Videos und 25 H5P-Aufgaben zum Thema Einheimische Greifv\u00f6gel.\u00a0<br \/>\nDurch interaktive Aufgabentypen wird das audiovisuelle und interaktive Lernen einfach.<br \/>\nLernen macht jetzt Spa\u00df!<\/p>\n","protected":false},"excerpt":{"rendered":"<p>In unserem Arbeitsheft Biologie 4-6, Vol. 6, Artenvielfalt &#8211; Einheimische Greifv\u00f6gel finden Sie 50 interaktive und didaktisch aufbereitete Aufgaben zur Wissensvermittlung, Vertiefung und Lernstandkontrolle.<\/p>\n","protected":false},"featured_media":26021,"template":"","meta":{"_acf_changed":false},"product_brand":[],"product_cat":[183],"product_tag":[88,126],"class_list":{"0":"post-22617","1":"product","2":"type-product","3":"status-publish","4":"has-post-thumbnail","6":"product_cat-interactive-workbook","7":"product_tag-subject-biology","8":"product_tag-target-sek-i-2","10":"first","11":"instock","12":"taxable","13":"shipping-taxable","14":"purchasable","15":"product-type-variable"},"acf":{"subtitle":"","article_id":"55501614","languages":"DE","thumb_up":false,"cover_image":null,"linked_product":"","linked_products":null,"banner":{"show":false,"text":"","color":""},"length":"","content_movie":"","learning_goals":"","preview_gif":"","trailer":{"file":"","url":"","image":""},"mediathek_id":"","amount":50,"demo_url":"","h5p_demo_id":"","content_interactive":"1. M\u00e4usebussard - Biologische Einordnung - Interaktives Video\r\n2. Der M\u00e4usebussard - Lebensweise - Interaktives Video\r\n3. Der M\u00e4usebussard - Fortpflanzung - Interaktives Video\r\n4. Der M\u00e4usebussard (Buteo buteo) - Artenportr\u00e4t\r\n5. Schnellraterunde - M\u00e4usebussard\r\n6. Der M\u00e4usebussard - 5 interaktive Aufgaben (1)\r\n7. Der M\u00e4usebussard - 5 interaktive Aufgaben (2)\r\n8. Der M\u00e4usebussard - 5 interaktive Aufgaben (3)\r\n9. Der M\u00e4usebussard - 5 interaktive Aufgaben (4)\r\n10. Habicht (Accipiter gentilis) - Artenportr\u00e4t\r\n11. Wespenbussard (Pernis apivorus) - Artenportr\u00e4t\r\n12. Rotmilan (Milvus milvus) - Artenportr\u00e4t\r\n13. Schnellraterunde - Rotmilan (Milvus milvus)\r\n14. Schwarzmilan (Milvus migrans) - Artenportr\u00e4t\r\n15. Schnellraterunde - Schwarzmilan (Milvus migrans)\r\n16. Turmfalke (Falco tinnunculus) - Artenportr\u00e4t\r\n17. Schnellraterunde - Turmfalke (Falco tinnunculus)\r\n18. Baumfalke (Falco subbuteo) - Artenportr\u00e4t\r\n19. Schnellraterunde - Baumfalke (Falco subbuteo)\r\n20. Wanderfalke (Falco peregrinus) - Artenportr\u00e4t\r\n21. Schnellraterunde - Wanderfalke (Falco peregrinus)\r\n22. Wiesenweihe (Circus pygargus) - Artenportr\u00e4t\r\n23. Schnellraterunde - Wiesenweihe (Circus pygargus)\r\n24. Rohrweihe (Circus aeruginosus) - Artenportr\u00e4t\r\n25. Schnellraterunde - Rohrweihe (Circus aeruginosus)\r\n26. Kornweihe (Circus cyaneus) - Artenportr\u00e4t\r\n27. Schnellraterunde - Kornweihe (Circus cyaneus)\r\n28. Sperber (Accipiter nisus) - Artenportr\u00e4t\r\n29. Schnellraterunde - Sperber (Accipiter nisus)\r\n30. Steinadler (Aquila chrysaetos) - Artenportr\u00e4t\r\n31. Schnellraterunde - Steinadler (Aquila chrysaetos)\r\n32. Fischadler - (Pandion haliaetus) - Artenportr\u00e4t\r\n33. Schnellraterunde - Fischadler (Pandion haliaetus)\r\n34. Seeadler (Haliaeetus albicilla) - Artenportr\u00e4t\r\n35. Schnellraterunde - Seeadler (Haliaeetus albicilla)\r\n36. Schreiadler (Clanga pomarina) - Artenportr\u00e4t\r\n37. Schnellraterunde - Schreiadler (Clanga pomarina)\r\n38. Bartgeier (Gypaetus barbatus) - Artenportr\u00e4t\r\n39. Schnellraterunde - Bartgeier\r\n40. G\u00e4nsegeier (Gyps fulvus) - Artenportr\u00e4t\r\n41. Ordne zu! - 2 Greifv\u00f6gel als Puzzle (1)\r\n42. Ordne zu! - 2 Greifv\u00f6gel als Puzzle (2)\r\n43. Ordne zu! - 2 Greifv\u00f6gel als Puzzle (3)\r\n44. Ordne die Namen den Greifv\u00f6geln zu! - Interaktive Aufgabe (1)\r\n45. Ordne die Namen den Greifv\u00f6geln zu! - Interaktive Aufgabe (2)\r\n46. Schnellraterunde - Greifv\u00f6gel (1)\r\n47. Schnellraterunde - Greifv\u00f6gel (2)\r\n48. 6 Greifv\u00f6gel - Finde die Bildpaare (1)\r\n49. 6 Greifv\u00f6gel - Finde die Bildpaare (2)\r\n50. Artenvielfalt - Greifv\u00f6gel richtig zuordnen (1)","hide_numbers":true,"flyer":"","info_columns":null},"_links":{"self":[{"href":"https:\/\/www.medienlb.com\/en\/wp-json\/wp\/v2\/product\/22617","targetHints":{"allow":["GET"]}}],"collection":[{"href":"https:\/\/www.medienlb.com\/en\/wp-json\/wp\/v2\/product"}],"about":[{"href":"https:\/\/www.medienlb.com\/en\/wp-json\/wp\/v2\/types\/product"}],"wp:featuredmedia":[{"embeddable":true,"href":"https:\/\/www.medienlb.com\/en\/wp-json\/wp\/v2\/media\/26021"}],"wp:attachment":[{"href":"https:\/\/www.medienlb.com\/en\/wp-json\/wp\/v2\/media?parent=22617"}],"wp:term":[{"taxonomy":"product_brand","embeddable":true,"href":"https:\/\/www.medienlb.com\/en\/wp-json\/wp\/v2\/product_brand?post=22617"},{"taxonomy":"product_cat","embeddable":true,"href":"https:\/\/www.medienlb.com\/en\/wp-json\/wp\/v2\/product_cat?post=22617"},{"taxonomy":"product_tag","embeddable":true,"href":"https:\/\/www.medienlb.com\/en\/wp-json\/wp\/v2\/product_tag?post=22617"}],"curies":[{"name":"wp","href":"https:\/\/api.w.org\/{rel}","templated":true}]}}