{"id":22614,"date":"2023-12-12T14:44:27","date_gmt":"2023-12-12T14:44:27","guid":{"rendered":"https:\/\/www.medienlb.com\/produkt\/pronomen-unregelmaessige-und-starke-verben\/"},"modified":"2024-02-14T15:05:56","modified_gmt":"2024-02-14T15:05:56","slug":"pronomen-unregelmaessige-und-starke-verben","status":"publish","type":"product","link":"https:\/\/www.medienlb.com\/en\/produkt\/pronomen-unregelmaessige-und-starke-verben\/","title":{"rendered":"Pronomen, unregelm\u00e4\u00dfige und starke Verben"},"content":{"rendered":"<p>In unserem Arbeitsheft Berufsschule, DaF\/C1, Vol. 4 &#8211; Pronomen, unregelm\u00e4\u00dfige und starke Verben finden Sie 50 interaktive und didaktisch aufbereitete Aufgaben zur Vermittlung der Grammatik und gleichzeitigen Lernstandkontrolle.<br \/>\n\u00a0<br \/>\nDas Medium bietet H5P-Aufgaben an, die ohne zus\u00e4tzliche Software verwendbar sind. Das Medium enth\u00e4lt interaktive Videos und 25 H5P-Aufgaben zum Thema Pronomen, unregelm\u00e4\u00dfige und starke Verben.\u00a0<br \/>\nDurch interaktive Aufgabentypen wird das audiovisuelle und interaktive Lernen einfach.<br \/>\nLernen macht jetzt Spa\u00df!<\/p>\n","protected":false},"excerpt":{"rendered":"<p>In unserem Arbeitsheft Berufsschule, DaF\/C1, Vol. 4 &#8211; Pronomen, unregelm\u00e4\u00dfige und starke Verben finden Sie 50 interaktive und didaktisch aufbereitete Aufgaben zur Vermittlung der Grammatik und gleichzeitigen Lernstandkontrolle.<\/p>\n","protected":false},"featured_media":18280,"template":"","meta":{"_acf_changed":false},"product_brand":[],"product_cat":[183],"product_tag":[155,120,126],"class_list":{"0":"post-22614","1":"product","2":"type-product","3":"status-publish","4":"has-post-thumbnail","6":"product_cat-interactive-workbook","7":"product_tag-old_image-2","8":"product_tag-subject-german","9":"product_tag-target-sek-i-2","11":"first","12":"instock","13":"taxable","14":"shipping-taxable","15":"purchasable","16":"product-type-variable"},"acf":{"subtitle":"","article_id":"55504865","languages":"DE","thumb_up":false,"cover_image":null,"linked_product":null,"linked_products":null,"banner":{"show":false,"text":"","color":""},"length":"","content_movie":"","learning_goals":"","preview_gif":null,"trailer":{"file":null,"url":"","image":null},"mediathek_id":"","amount":50,"demo_url":"","h5p_demo_id":"","content_interactive":"1. Fehlende Personalpronomen erg\u00e4nzen (1) \n2. Fehlende Personalpronomen erg\u00e4nzen (2) \n3. Substantiv durch Personalpronomen ersetzen (1) \n4. Substantiv durch Personalpronomen ersetzen (2) \n5. Possessivpronomen im richtigen Kasus erg\u00e4nzen (1) \n6. Possessivpronomen im richtigen Kasus erg\u00e4nzen (2) \n7. Erg\u00e4nzen Sie das Possessivpronomen (1) \n8. Erg\u00e4nzen Sie das Possessivpronomen (2) \n9. derselbe oder der gleiche? \n10. Setzen Sie das Reflexivpronomen ein (1) \n11. Setzen Sie das Reflexivpronomen ein (2) \n12. Starke Verben im Pr\u00e4teritum konjugieren (1) \n13. Starke Verben im Pr\u00e4teritum konjugieren (2) \n14. Starke Verben im Pr\u00e4teritum konjugieren (3)\n15. Konjugiere die starken\/unregelm\u00e4\u00dfigen Verben A1 (1) \n16. Konjugiere die starken\/unregelm\u00e4\u00dfigen Verben A1 (2) \n17. Konjugiere die starken\/unregelm\u00e4\u00dfigen Verben A1 (3) \n18. Konjugiere die starken\/unregelm\u00e4\u00dfigen Verben A1 (4) \n19. Konjugiere die starken\/unregelm\u00e4\u00dfigen Verben A1 (5) \n20. Erg\u00e4nzen Sie die fehlenden Stammformen der Verben (1) \n21. Erg\u00e4nzen Sie die fehlenden Stammformen der Verben (2) \n22. Sie die erg\u00e4nzenden Stammformen der Verben (3) \n23. Erg\u00e4nzen Sie die fehlenden Stammformen der Verben (4) \n24. Erg\u00e4nzend Sie die starken Verben im Partizip II (1) \n25. Erg\u00e4nzend Sie die starken Verben im Partizip II (2) \n26. Erg\u00e4nzend Sie die starken Verben im Partizip II (3)\n27. Erg\u00e4nzen Sie die starken Verben im Partizip II. (4) \n28. Endungen der Demonstrativpronomen erg\u00e4nzen (1) \n29. Endungen der Demonstrativpronomen erg\u00e4nzen (2) \n30. Die Indefinitpronomen (jemand oder niemand) (1) \n31. Die Indefinitpronomen (jemand oder niemand) (2) \n32. S\u00e4tze bilden mit Fragepronomen (1) \n33. S\u00e4tze bilden mit Fragepronomen (2) \n34. S\u00e4tze bilden mit einem Fragepronomen (3) \n35. Adjektivdeklination nach dem Possessivpronomen (1) \n36. Adjektivdeklination nach dem Possessivpronomen (2) \n37. Adjektivdeklination nach dem Possessivpronomen ( 3) \n38. Adjektivdeklination nach dem Possessivpronomen (4) \n39. Substantivisch verwendete Adjektive und Partizipien (1)\n40. S\u00e4tze mit substantivisch verwendeten Adjektiven und Partizipien (2) \n41. S\u00e4tze mit substantivisch verwendeten Adjektiven und Partizipien (1) \n42. S\u00e4tze mit substantivisch verwendeten Adjektiven und Partizipien (2) \n43. S\u00e4tze richtig ein: mich -mir \/ dich - dir (1) \n44. S\u00e4tze richtig ein: mich -mir \/ dich - dir (2) \n45. S\u00e4tze mit Modalverben im Pr\u00e4sens bilden (1) \n46. S\u00e4tze mit Modalverben im Pr\u00e4sens bilden (2) \n47. S\u00e4tze mit Modalverben im Pr\u00e4teritum bilden (1) \n48 . S\u00e4tze mit Modalverben im Pr\u00e4teritum bilden (2) \n49. Pr\u00e4positionen f\u00fcr Zeitangaben erg\u00e4nzen (1) \n50. Pr\u00e4positionen f\u00fcr Zeitangaben erg\u00e4nzen (2)","hide_numbers":true,"flyer":null,"info_columns":null},"_links":{"self":[{"href":"https:\/\/www.medienlb.com\/en\/wp-json\/wp\/v2\/product\/22614","targetHints":{"allow":["GET"]}}],"collection":[{"href":"https:\/\/www.medienlb.com\/en\/wp-json\/wp\/v2\/product"}],"about":[{"href":"https:\/\/www.medienlb.com\/en\/wp-json\/wp\/v2\/types\/product"}],"wp:featuredmedia":[{"embeddable":true,"href":"https:\/\/www.medienlb.com\/en\/wp-json\/wp\/v2\/media\/18280"}],"wp:attachment":[{"href":"https:\/\/www.medienlb.com\/en\/wp-json\/wp\/v2\/media?parent=22614"}],"wp:term":[{"taxonomy":"product_brand","embeddable":true,"href":"https:\/\/www.medienlb.com\/en\/wp-json\/wp\/v2\/product_brand?post=22614"},{"taxonomy":"product_cat","embeddable":true,"href":"https:\/\/www.medienlb.com\/en\/wp-json\/wp\/v2\/product_cat?post=22614"},{"taxonomy":"product_tag","embeddable":true,"href":"https:\/\/www.medienlb.com\/en\/wp-json\/wp\/v2\/product_tag?post=22614"}],"curies":[{"name":"wp","href":"https:\/\/api.w.org\/{rel}","templated":true}]}}