{"id":22581,"date":"2023-12-12T14:45:16","date_gmt":"2023-12-12T14:45:16","guid":{"rendered":"https:\/\/www.medienlb.com\/produkt\/mittleres-niveau-pdf-2\/"},"modified":"2024-02-14T15:05:17","modified_gmt":"2024-02-14T15:05:17","slug":"mittleres-niveau-pdf-2","status":"publish","type":"product","link":"https:\/\/www.medienlb.com\/en\/produkt\/mittleres-niveau-pdf-2\/","title":{"rendered":"Mittleres Niveau &amp; PDF"},"content":{"rendered":"<p>In unserem Arbeitsheft Pflanzen &#8211; Lesetraining 3.\/4., Vol. 2 &#8211; Mittleres Niveau &amp; PDF finden Sie 50 interaktive und didaktisch aufbereitete Aufgaben.<\/p>\n<p>Das Medium bietet H5P-Aufgaben an, die ohne zus\u00e4tzliche Software verwendbar sind. Das Medium enth\u00e4lt interaktive Videos und 50 H5P-Aufgaben zum Thema Pflanzen.\u00a0<br \/>\nDurch interaktive Aufgabentypen wird das audiovisuelle und interaktive Lernen einfach.<br \/>\nLernen macht jetzt Spa\u00df!<\/p>\n","protected":false},"excerpt":{"rendered":"<p>In unserem Arbeitsheft Pflanzen &#8211; Lesetraining 3.\/4., Vol. 2 &#8211; Mittleres Niveau &amp; PDF finden Sie 50 interaktive und didaktisch aufbereitete Aufgaben.<\/p>\n","protected":false},"featured_media":18357,"template":"","meta":{"_acf_changed":false},"product_brand":[],"product_cat":[183],"product_tag":[155,98,130],"class_list":{"0":"post-22581","1":"product","2":"type-product","3":"status-publish","4":"has-post-thumbnail","6":"product_cat-interactive-workbook","7":"product_tag-old_image-2","8":"product_tag-subject-primary-school","9":"product_tag-target-gru-2","11":"first","12":"instock","13":"taxable","14":"shipping-taxable","15":"purchasable","16":"product-type-variable"},"acf":{"subtitle":"","article_id":"55504855","languages":"DE","thumb_up":false,"cover_image":null,"linked_product":null,"linked_products":null,"banner":{"show":false,"text":"","color":""},"length":"","content_movie":"","learning_goals":"","preview_gif":null,"trailer":{"file":null,"url":"","image":null},"mediathek_id":"","amount":50,"demo_url":"","h5p_demo_id":"","content_interactive":"1. Farne - Lesetraining mittleres Niveau & PDF\n2. Farne - Schreib\u00fcbungen mittleres Niveau & PDF\n3. Verbinde die Satzanf\u00e4nge - Farne\n4. Bewerte die folgenden Aussagen (Thema: Farne) mit PDF\n5. Markiere alle Tunw\u00f6rter (Verben) (Text: Farne) mit PDF\n6. Fichten - Lesetraining mittleres Niveau & PDF\n7. Fichten - Schreib\u00fcbungen mittleres Niveau & PDF\n8. Markiere alle Nomen (Hauptw\u00f6rter) (Text: Fichten) mit PDF\n9. Bewerte die folgenden Aussagen (Thema: Fichten) mit PDF\n10. Bilde diese S\u00e4tze in der 1. Vergangenheitsform (Fichten) & PDF\n11. Fliegenpilz - Lesetraining mittleres Niveau & PDF\n12. Fliegenpilz - Schreib\u00fcbungen mittleres Niveau & PDF\n13. Bilde diese S\u00e4tze in der 1. Vergangenheitsform (Fliegenpilz) & PDF\n14. Bewerte die folgenden Aussagen (Thema: Fliegenpilz) mit PDF\n15. Markiere alle Tunw\u00f6rter (Verben) (Text: Fliegenpilz) mit PDF\n16. Fr\u00fchjahrsbl\u00fcher - Lesetraining mittleres Niveau & PDF\n17. Fr\u00fchjahrsbl\u00fcher - Schreib\u00fcbungen mittleres Niveau & PDF\n18. Bewerte die folgenden Aussagen (Thema: Fr\u00fchjahrsbl\u00fcher)\n19. Bestimmten Artikel einsetzen und Plural bilden(Fr\u00fchjahrsbl\u00fcher)\n20. G\u00e4nsebl\u00fcmchen - Lesetraining mittleres Niveau & PDF\n21. G\u00e4nsebl\u00fcmchen - Schreib\u00fcbungen mittleres Niveau & PDF\n22. Bilde diese S\u00e4tze in der 1. Vergangenheitsform(G\u00e4nsebl\u00fcmchen)\n23. Bewerte die folgenden Aussagen (Thema: G\u00e4nsebl\u00fcmchen) mit PDF\n24. Markiere alle Tunw\u00f6rter (Verben) (Text: G\u00e4nsebl\u00fcmchen) mit PDF\n25. Gem\u00fcse - Lesetraining mittleres Niveau & PDF\n26. Gem\u00fcse - Schreib\u00fcbungen mittleres Niveau & PDF\n27. Bestimmten Artikel einsetzen und Plural bilden (Gem\u00fcse) & PDF\n28. Verbinde die Satzanf\u00e4nge - Gem\u00fcse\n29. Gerste - Lesetraining mittleres Niveau & PDF\n30. Bewerte die folgenden Aussagen (Thema: Gerste) mit PDF\n31. Gerste - Schreib\u00fcbungen mittleres Niveau & PDF\n32. Markiere alle Tunw\u00f6rter (Verben) (Text: Gerste) mit PDF\n33. Getreide - Lesetraining mittleres Niveau & PDF\n34. Bewerte die folgenden Aussagen (Thema: Getreide) mit PDF\n35. Getreide - Schreib\u00fcbungen mittleres Niveau & PDF\n36. Bilde diese S\u00e4tze in der 1. Vergangenheitsform (Getreide) & PDF\n37. Gluten - Lesetraining mittleres Niveau & PDF\n38. Bewerte die folgenden Aussagen (Thema: Gluten) mit PDF\n39. Gluten - Schreib\u00fcbungen mittleres Niveau & PDF\n40. Markiere alle Tunw\u00f6rter (Verben) (Text: Gluten) mit PDF\n41. Gr\u00e4ser - Lesetraining mittleres Niveau & PDF\n42. Gr\u00e4ser - Schreib\u00fcbungen mittleres Niveau & PDF\n43. Bewerte die folgenden Aussagen (Thema: Gr\u00e4ser) mit PDF\n44. Verbinde die Satzanf\u00e4nge - Gr\u00e4ser\n45. Gurke - Lesetraining mittleres Niveau & PDF\n46. Gurke - Schreib\u00fcbungen mittleres Niveau & PDF\n47. Bewerte die folgenden Aussagen (Thema: Gurke) mit PDF\n48. Bestimmten Artikel einsetzen und Plural bilden (Gurke) & PDF\n49. Markiere alle Tunw\u00f6rter (Verben) (Text: Gurke) mit PDF\n50. Verben (A1) finden (Pr\u00e4teritum) - Suchsel (Nr. 2) mit PDF","hide_numbers":true,"flyer":null,"info_columns":null},"_links":{"self":[{"href":"https:\/\/www.medienlb.com\/en\/wp-json\/wp\/v2\/product\/22581","targetHints":{"allow":["GET"]}}],"collection":[{"href":"https:\/\/www.medienlb.com\/en\/wp-json\/wp\/v2\/product"}],"about":[{"href":"https:\/\/www.medienlb.com\/en\/wp-json\/wp\/v2\/types\/product"}],"wp:featuredmedia":[{"embeddable":true,"href":"https:\/\/www.medienlb.com\/en\/wp-json\/wp\/v2\/media\/18357"}],"wp:attachment":[{"href":"https:\/\/www.medienlb.com\/en\/wp-json\/wp\/v2\/media?parent=22581"}],"wp:term":[{"taxonomy":"product_brand","embeddable":true,"href":"https:\/\/www.medienlb.com\/en\/wp-json\/wp\/v2\/product_brand?post=22581"},{"taxonomy":"product_cat","embeddable":true,"href":"https:\/\/www.medienlb.com\/en\/wp-json\/wp\/v2\/product_cat?post=22581"},{"taxonomy":"product_tag","embeddable":true,"href":"https:\/\/www.medienlb.com\/en\/wp-json\/wp\/v2\/product_tag?post=22581"}],"curies":[{"name":"wp","href":"https:\/\/api.w.org\/{rel}","templated":true}]}}