{"id":22521,"date":"2023-12-12T14:49:40","date_gmt":"2023-12-12T14:49:40","guid":{"rendered":"https:\/\/www.medienlb.com\/produkt\/lese-hoerverstehen-stufe-1\/"},"modified":"2024-02-14T15:04:11","modified_gmt":"2024-02-14T15:04:11","slug":"lese-hoerverstehen-stufe-1","status":"publish","type":"product","link":"https:\/\/www.medienlb.com\/en\/produkt\/lese-hoerverstehen-stufe-1\/","title":{"rendered":"Lese-\/H\u00f6rverstehen Stufe 1"},"content":{"rendered":"<p>In unserem Arbeitsheft Franz\u00f6sisch 5\/6, Vol. 3, Lese-\/H\u00f6rverstehen Stufe 1 finden Sie 50 interaktive und didaktisch aufbereitete Aufgaben.<\/p>\n<p>Das Medium bietet H5P-Aufgaben an, die ohne zus\u00e4tzliche Software verwendbar sind. Das Medium enth\u00e4lt interaktive Videos und 50 H5P-Aufgaben zum Thema Franz\u00f6sisch.\u00a0<br \/>\nDurch interaktive Aufgabentypen wird das audiovisuelle und interaktive Lernen einfach.<br \/>\nLernen macht jetzt Spa\u00df!<\/p>\n","protected":false},"excerpt":{"rendered":"<p>In unserem Arbeitsheft Franz\u00f6sisch 5\/6, Vol. 3, Lese-\/H\u00f6rverstehen Stufe 1 finden Sie 50 interaktive und didaktisch aufbereitete Aufgaben.<\/p>\n","protected":false},"featured_media":18497,"template":"","meta":{"_acf_changed":false},"product_brand":[],"product_cat":[183],"product_tag":[155,153,126],"class_list":{"0":"post-22521","1":"product","2":"type-product","3":"status-publish","4":"has-post-thumbnail","6":"product_cat-interactive-workbook","7":"product_tag-old_image-2","8":"product_tag-subject-foreign-language","9":"product_tag-target-sek-i-2","11":"first","12":"instock","13":"taxable","14":"shipping-taxable","15":"purchasable","16":"product-type-variable"},"acf":{"subtitle":"","article_id":"55503675","languages":"DE","thumb_up":false,"cover_image":null,"linked_product":null,"linked_products":null,"banner":{"show":false,"text":"","color":""},"length":"","content_movie":"","learning_goals":"","preview_gif":null,"trailer":{"file":null,"url":"","image":null},"mediathek_id":"","amount":50,"demo_url":"","h5p_demo_id":"","content_interactive":"1. Franz\u00f6sische Schreibregeln - Interaktive Wissensvermittlung\n2. Les Trois Petits Chatons (Level 1) - mit Audio\n3. Schreibtraining Franz\u00f6sisch - Les Trois Petits Chatons (5 S\u00e4tze)\n4. Les petits peintres (Level 1) - mit Audio\n5. Schreibtraining Franz\u00f6sisch - Les petits peintres (5 kurze S\u00e4tze)\n6. Chat Sauvage ! Chat Sauvage ! (Level 1) - mit Audio\n7. Schreibtraining Franz\u00f6sisch - Chat Sauvage ! (5 S\u00e4tze)\n8. Ma meilleure amie (Level 1) - mit Audio\n9. Schreibtraining Franz\u00f6sisch - Ma meilleure amie (5 kurze S\u00e4tze)\n10. Ordne zu! - 9 Begriffe (Franz\u00f6sisch)\n11. Reviens; chat ! (Level 1) - mit Audio\n12. Schreibtraining Franz\u00f6sisch - Reviens; chat ! (5 kurze S\u00e4tze)\n13. Mes amis (Level 1) - mit Audio\n14. Schreibtraining Franz\u00f6sisch - Mes amis (5 kurze S\u00e4tze)\n15. Ordne zu - Franz\u00f6sische Bezeichnungen der Satzzeichen (1)\n16. Ordne zu - Franz\u00f6sische Bezeichnungen der Satzzeichen (2)\n17. Allgemeine Verben - Verbes g\u00e9n\u00e9raux (1)\n18. Allgemeine Verben - Verbes g\u00e9n\u00e9raux (2)\n19. Allgemeine Verben - Verbes g\u00e9n\u00e9raux (3)\n20. Allgemeine Verben - Verbes g\u00e9n\u00e9raux (4)\n21. Allgemeine Verben - Verbes g\u00e9n\u00e9raux (5)\n22. La course (Level 1) - mit Audio\n23. Schreibtraining Franz\u00f6sisch - La course (5 kurze S\u00e4tze)\n24. Raconte Moi... Maintenant ! Les Couleurs (Level 1) - mit Audio\n25. Schreibtraining Franz\u00f6sisch - Raconte Moi (5 S\u00e4tze)\n26. Le Premier Jour d'Ecole de Rani (Level 1) - mit Audio\n27. Schreibtraining Franz\u00f6sisch - Le Premier Jour d'Ecole de Rani (5 S\u00e4tze)\n28. Ordne zu - \u00dcbersetzungstraining - Le Premier Jour d'Ecole de Rani (1)\n29. Ordne zu - \u00dcbersetzungstraining - Le Premier Jour d'Ecole de Rani (2)\n30. Grand et petit (Level 1) - mit Audio\n31. Schreibtraining Franz\u00f6sisch - Grand et petit (5 kurze S\u00e4tze) (1)\n32. Schreibtraining Franz\u00f6sisch - Grand et petit (5 kurze S\u00e4tze) (2)\n33. Ordne zu - \u00dcbersetzungstraining - Grand et petit (1)\n34. Ordne zu - \u00dcbersetzungstraining - Grand et petit (2)\n35. Je peux grimper ! (Level 1) - mit Audio\n36. Schreibtraining Franz\u00f6sisch - Je peux grimper ! (5 S\u00e4tze)\n37. Le gros roi et le chien maigre (Level 1) - mit Audio\n38. Schreibtraining Franz\u00f6sisch - Le gros roi (5 lange S\u00e4tze)\n39. Allgemeine Substantive - Noms g\u00e9n\u00e9raux (1)\n40. Allgemeine Substantive - Noms g\u00e9n\u00e9raux (2)\n41. Allgemeine Substantive - Noms g\u00e9n\u00e9raux (3)\n42. Allgemeine Substantive - Noms g\u00e9n\u00e9raux (4)\n43. Allgemeine Substantive - Noms g\u00e9n\u00e9raux (5)\n44. Fourmis affair\u00e9es (Level 1) - mit Audio\n45. Schreibtraining Franz\u00f6sisch - Fourmis affair\u00e9es (5 lange S\u00e4tze)\n46. Bonjour ! (Level 1) - mit Audio\n47. Schreibtraining Franz\u00f6sisch - Bonjour ! (5 kurze S\u00e4tze)\n48. Schreibtraining Franz\u00f6sisch - Bonjour ! (5 lange S\u00e4tze)\n49. C\u00e2lins dans la ville. (Level 1) - mit Audio\n50. Schreibtraining Franz\u00f6sisch - C\u00e2lins dans la ville (5 S\u00e4tze)","hide_numbers":true,"flyer":null,"info_columns":null},"_links":{"self":[{"href":"https:\/\/www.medienlb.com\/en\/wp-json\/wp\/v2\/product\/22521","targetHints":{"allow":["GET"]}}],"collection":[{"href":"https:\/\/www.medienlb.com\/en\/wp-json\/wp\/v2\/product"}],"about":[{"href":"https:\/\/www.medienlb.com\/en\/wp-json\/wp\/v2\/types\/product"}],"wp:featuredmedia":[{"embeddable":true,"href":"https:\/\/www.medienlb.com\/en\/wp-json\/wp\/v2\/media\/18497"}],"wp:attachment":[{"href":"https:\/\/www.medienlb.com\/en\/wp-json\/wp\/v2\/media?parent=22521"}],"wp:term":[{"taxonomy":"product_brand","embeddable":true,"href":"https:\/\/www.medienlb.com\/en\/wp-json\/wp\/v2\/product_brand?post=22521"},{"taxonomy":"product_cat","embeddable":true,"href":"https:\/\/www.medienlb.com\/en\/wp-json\/wp\/v2\/product_cat?post=22521"},{"taxonomy":"product_tag","embeddable":true,"href":"https:\/\/www.medienlb.com\/en\/wp-json\/wp\/v2\/product_tag?post=22521"}],"curies":[{"name":"wp","href":"https:\/\/api.w.org\/{rel}","templated":true}]}}