{"id":22512,"date":"2023-12-12T14:49:54","date_gmt":"2023-12-12T14:49:54","guid":{"rendered":"https:\/\/www.medienlb.com\/produkt\/lese-hoerverstehen\/"},"modified":"2024-02-14T15:04:02","modified_gmt":"2024-02-14T15:04:02","slug":"lese-hoerverstehen","status":"publish","type":"product","link":"https:\/\/www.medienlb.com\/en\/produkt\/lese-hoerverstehen\/","title":{"rendered":"Lese-\/H\u00f6rverstehen"},"content":{"rendered":"<p>In 50 interaktiven H5P-Modulen wird mit kindgerechten Kurzgeschichten das Lese-\/H\u00f6rverstehen des Grundwortschatzes in Deutsch angewendet und vertieft.\u00a0<br \/>\nAlle S\u00e4tze sind erg\u00e4nzend in ukrainischer Sprache vorhanden.<br \/>\nIn verschiedenen Aufgabentypen zum Lese- und H\u00f6rverst\u00e4ndnis m\u00fcssen W\u00f6rter markiert, S\u00e4tze abgeschrieben, Bildern die passenden Texte zugeordnet und kurze einfache S\u00e4tze angeh\u00f6rt und aufgeschrieben (Diktat) werden.\u00a0<br \/>\nZuordnungsaufgaben der einfachen englischen S\u00e4tze und der deutschen \u00dcbersetzung erg\u00e4nzen die Aufgabenformate.\u00a0<br \/>\nDer Inhalt orientiert sich vollst\u00e4ndig an den Lehrpl\u00e4nen der Bundesl\u00e4nder im Fach Deutsch DaF\/DaZ an Grundschulen und F\u00f6rderschulen, sowie als Einstieg f\u00fcr Eltern mit Kind. Au\u00dferdem eignen sich die Aufgaben auch hervorragend f\u00fcr das Selbststudium und als \u00dcbungsaufgaben f\u00fcr das Homeschooling.<\/p>\n","protected":false},"excerpt":{"rendered":"<p>In 50 interaktiven H5P-Modulen wird mit kindgerechten Kurzgeschichten das Lese-\/H\u00f6rverstehen des Grundwortschatzes in Deutsch angewendet und vertieft.\u00a0<\/p>\n","protected":false},"featured_media":18518,"template":"","meta":{"_acf_changed":false},"product_brand":[],"product_cat":[183],"product_tag":[155,153,130],"class_list":{"0":"post-22512","1":"product","2":"type-product","3":"status-publish","4":"has-post-thumbnail","6":"product_cat-interactive-workbook","7":"product_tag-old_image-2","8":"product_tag-subject-foreign-language","9":"product_tag-target-gru-2","11":"first","12":"instock","13":"taxable","14":"shipping-taxable","15":"purchasable","16":"product-type-variable"},"acf":{"subtitle":"","article_id":"55504254","languages":"DE","thumb_up":false,"cover_image":null,"linked_product":null,"linked_products":null,"banner":{"show":false,"text":"","color":""},"length":"","content_movie":"","learning_goals":"","preview_gif":null,"trailer":{"file":null,"url":"","image":null},"mediathek_id":"","amount":50,"demo_url":"","h5p_demo_id":"","content_interactive":"1. Wortschatz - das Gesicht - \u0441\u043b\u043e\u0432\u043d\u0438\u043a\u043e\u0432\u0438\u0439 \u0437\u0430\u043f\u0430\u0441 (\u043e\u0431\u043b\u0438\u0447\u0447\u044f)\n2. Ordne zu - das Gesicht \/ \u041c\u0430\u0442\u0447 \u0440\u0430\u0437\u043e\u043c - \u043e\u0431\u043b\u0438\u0447\u0447\u044f (1)\n3. Ordne zu - das Gesicht \/ \u041c\u0430\u0442\u0447 \u0440\u0430\u0437\u043e\u043c - \u043e\u0431\u043b\u0438\u0447\u0447\u044f (2)\n4. Wortschatz - das Haus - \u0441\u043b\u043e\u0432\u043d\u0438\u043a\u043e\u0432\u0438\u0439 \u0437\u0430\u043f\u0430\u0441 (\u0431\u0443\u0434\u0438\u043d\u043e\u043a)\n5. Ordne zu - das Haus \/ \u041c\u0430\u0442\u0447 \u0440\u0430\u0437\u043e\u043c - \u0431\u0443\u0434\u0438\u043d\u043e\u043a (1)\n6. Ordne zu - das Haus \/ \u041c\u0430\u0442\u0447 \u0440\u0430\u0437\u043e\u043c - \u0431\u0443\u0434\u0438\u043d\u043e\u043a (2)\n7. Wortschatz - das Blattgem\u00fcse - \u0441\u043b\u043e\u0432\u043d\u0438\u043a\u043e\u0432\u0438\u0439 \u0437\u0430\u043f\u0430\u0441 (\u041b\u0438\u0441\u0442\u043e\u0432\u0456 \u043e\u0432\u043e\u0447\u0456)\n8. Ordne zu - das Blattgem\u00fcse \/ \u041c\u0430\u0442\u0447 \u0440\u0430\u0437\u043e\u043c - \u041b\u0438\u0441\u0442\u043e\u0432\u0456 \u043e\u0432\u043e\u0447\u0456\n9. W\u00f6rter in L\u00fcckentext und in Schreibschrift \u00fcben mit PDF (1) - Gesicht\n10. W\u00f6rter in L\u00fcckentext und in Schreibschrift \u00fcben mit PDF (2) - Obst\n11. W\u00f6rter in L\u00fcckentext und in Schreibschrift \u00fcben mit PDF (3) - Tiere\n12. W\u00f6rter in L\u00fcckentext und in Schreibschrift \u00fcben mit PDF (4) - Gem\u00fcse\n13. W\u00f6rter in L\u00fcckentext und in Schreibschrift \u00fcben mit PDF (5) - Zuhause\n14. W\u00f6rter in L\u00fcckentext und in Schreibschrift \u00fcben mit PDF (6) - Kleidung\n15. W\u00f6rter in L\u00fcckentext und in Schreibschrift \u00fcben mit PDF (7) - Schule\n16. W\u00f6rter in L\u00fcckentext und in Schreibschrift \u00fcben mit PDF (8) - Familie\n17. Finde die zehn W\u00f6rter (Familie) - \u0417\u043d\u0430\u0439\u0434\u0456\u0442\u044c \u0434\u0435\u0441\u044f\u0442\u044c \u0441\u043b\u0456\u0432 (\u0441\u0456\u043c'\u0457)\n18. W\u00f6rter in L\u00fcckentext und in Schreibschrift \u00fcben mit PDF (9) - Verkehr\n19. Finde die zehn W\u00f6rter (Verkehr) - \u0417\u043d\u0430\u0439\u0434\u0456\u0442\u044c \u0434\u0435\u0441\u044f\u0442\u044c \u0441\u043b\u0456\u0432 (\u0442\u0440\u0430\u0444\u0456\u043a\u0443)\n20. W\u00f6rter in L\u00fcckentext und in Schreibschrift \u00fcben mit PDF (10) - Natur\n21. Finde die zehn W\u00f6rter (Natur) - \u0417\u043d\u0430\u0439\u0434\u0456\u0442\u044c \u0434\u0435\u0441\u044f\u0442\u044c \u0441\u043b\u0456\u0432 (\u043f\u0440\u0438\u0440\u043e\u0434\u0430)\n22. S\u00e4tze in Schreibschrift \u00fcben mit Audio und PDF (1)\n23. S\u00e4tze in Schreibschrift \u00fcben mit Audio und PDF (2)\n24. S\u00e4tze in Schreibschrift \u00fcben mit Audio und PDF (3)\n25. Lockig und glatt - \u041f\u0440\u044f\u043c\u0456 \u0442\u0430 \u0445\u0432\u0438\u043b\u044f\u0441\u0442\u0456 (Level 1) - Lesetraining\n26. S\u00e4tze in Schreibschrift \u00fcben mit Audio und PDF (4)\n27. S\u00e4tze in Schreibschrift \u00fcben mit Audio und PDF (5)\n28. Schreibtraining (Lockig und glatt) - \u041d\u0430\u0432\u0447\u0456\u0442\u044c\u0441\u044f \u043f\u0438\u0441\u0430\u0442\u0438 \u043d\u0456\u043c\u0435\u0446\u044c\u043a\u043e\u044e\n29. Fetter K\u00f6nig - magerer Hund - \u0422\u043e\u0432\u0441\u0442\u0438\u0439 \u043a\u043e\u0440\u043e\u043b\u044c \u0456 \u0445\u0443\u0434\u0435\u043d\u044c\u043a\u0430 \u0441\u043e\u0431\u0430\u043a\u0430\n30. Schreibtraining (Fetter K\u00f6nig - magerer Hund)\n31. Zwei kleine Maler (Level 1) - \u0414\u0432\u043e\u0454 \u043c\u0430\u043b\u0435\u043d\u044c\u043a\u0438\u0445 \u043c\u0430\u043b\u044f\u0440\u0456\u0432\n32. Schreibtraining (Zwei kleine Maler) - \u0414\u0432\u043e\u0454 \u043c\u0430\u043b\u0435\u043d\u044c\u043a\u0438\u0445 \u043c\u0430\u043b\u044f\u0440\u0456\u0432 (1)\n33. Schreibtraining (Zwei kleine Maler) - \u0414\u0432\u043e\u0454 \u043c\u0430\u043b\u0435\u043d\u044c\u043a\u0438\u0445 \u043c\u0430\u043b\u044f\u0440\u0456\u0432 (2)\n34. Ordne zu - \u041c\u0430\u0442\u0447 \u0440\u0430\u0437\u043e\u043c (Zwei kleine Maler) (1)\n35. Ordne zu - \u041c\u0430\u0442\u0447 \u0440\u0430\u0437\u043e\u043c (Zwei kleine Maler) (2)\n36. Flei\u00dfige Ameisen (Level 1) - Lesetraining mit Audio\n37. S\u00e4tze in Schreibschrift \u00fcben mit Audio und PDF (6)\n38. A wie Affe und B wie B\u00e4r - Video mit PDF\n39. C wie Clownfisch und D wie Dackel - Video mit PDF\n40. E wie Elefant und F wie Flamingo - Video mit PDF\n41. G wie Giraffe und H wie Hai - Video mit PDF\n42. I wie Igel und J wie Jaguar - Video mit PDF\n43. K wie Krokodil und L wie Libelle - Video mit PDF\n44. M wie Maulwurf und N wie Nilpferd - Video mit PDF\n45. O wie Otter und und P wie Pfau - Video mit PDF\n46. Qu wie Qualle und R wie Rentier - Video mit PDF\n47. S wie Seepferdchen und T wie Tiger - Video mit PDF\n48. U wie Uhu und V wie Vogelspinne - Video mit PDF\n49. W wie Wildschwein und Z wie Zebra - Video mit PDF\n50. X und Y wie im Tyrannosaurus Rex - Video mit PDF","hide_numbers":true,"flyer":null,"info_columns":null},"_links":{"self":[{"href":"https:\/\/www.medienlb.com\/en\/wp-json\/wp\/v2\/product\/22512","targetHints":{"allow":["GET"]}}],"collection":[{"href":"https:\/\/www.medienlb.com\/en\/wp-json\/wp\/v2\/product"}],"about":[{"href":"https:\/\/www.medienlb.com\/en\/wp-json\/wp\/v2\/types\/product"}],"wp:featuredmedia":[{"embeddable":true,"href":"https:\/\/www.medienlb.com\/en\/wp-json\/wp\/v2\/media\/18518"}],"wp:attachment":[{"href":"https:\/\/www.medienlb.com\/en\/wp-json\/wp\/v2\/media?parent=22512"}],"wp:term":[{"taxonomy":"product_brand","embeddable":true,"href":"https:\/\/www.medienlb.com\/en\/wp-json\/wp\/v2\/product_brand?post=22512"},{"taxonomy":"product_cat","embeddable":true,"href":"https:\/\/www.medienlb.com\/en\/wp-json\/wp\/v2\/product_cat?post=22512"},{"taxonomy":"product_tag","embeddable":true,"href":"https:\/\/www.medienlb.com\/en\/wp-json\/wp\/v2\/product_tag?post=22512"}],"curies":[{"name":"wp","href":"https:\/\/api.w.org\/{rel}","templated":true}]}}