{"id":22509,"date":"2023-12-12T14:49:58","date_gmt":"2023-12-12T14:49:58","guid":{"rendered":"https:\/\/www.medienlb.com\/produkt\/wortschatzuebungen-audiotraining\/"},"modified":"2024-02-14T15:03:58","modified_gmt":"2024-02-14T15:03:58","slug":"wortschatzuebungen-audiotraining","status":"publish","type":"product","link":"https:\/\/www.medienlb.com\/en\/produkt\/wortschatzuebungen-audiotraining\/","title":{"rendered":"Wortschatz\u00fcbungen\/Audiotraining"},"content":{"rendered":"<p>In verschiedenen Aufgabentypen zum Lese- und H\u00f6rverst\u00e4ndnis m\u00fcssen W\u00f6rter markiert, S\u00e4tze abgeschrieben und Aussprache mit Audiodateien ge\u00fcbt werden.\u00a0<br \/>\nWortgitter sollen den Blick auf die W\u00f6rter vertiefen. Der Inhalt orientiert sich vollst\u00e4ndig an den Lehrpl\u00e4nen der Bundesl\u00e4nder im Fach DaF\/DaZ, erg\u00e4nzt um die \u00dcbersetzung in Ukrainisch.\u00a0<br \/>\nDie Aufgaben sind auch ideal zum Selbstlernen, f\u00fcr das Homeschooling und auch f\u00fcr Erwachsene als Einstieg.<br \/>\nDas Medium bietet H5P-Aufgaben an, die ohne zus\u00e4tzliche Software verwendbar sind. Das Medium enth\u00e4lt 50 H5P-Aufgaben zum Thema Wortschatz\u00fcbungen\/Audiotraining.\u00a0<br \/>\nDurch interaktive Aufgabentypen wird das audiovisuelle und interaktive Lernen einfach.<br \/>\nLernen macht jetzt Spa\u00df!<\/p>\n","protected":false},"excerpt":{"rendered":"<p>In verschiedenen Aufgabentypen zum Lese- und H\u00f6rverst\u00e4ndnis m\u00fcssen W\u00f6rter markiert, S\u00e4tze abgeschrieben und Aussprache mit Audiodateien ge\u00fcbt werden.\u00a0<\/p>\n","protected":false},"featured_media":18526,"template":"","meta":{"_acf_changed":false},"product_brand":[],"product_cat":[183],"product_tag":[155,153,130],"class_list":{"0":"post-22509","1":"product","2":"type-product","3":"status-publish","4":"has-post-thumbnail","6":"product_cat-interactive-workbook","7":"product_tag-old_image-2","8":"product_tag-subject-foreign-language","9":"product_tag-target-gru-2","11":"first","12":"instock","13":"taxable","14":"shipping-taxable","15":"purchasable","16":"product-type-variable"},"acf":{"subtitle":"","article_id":"55504253","languages":"DE","thumb_up":false,"cover_image":null,"linked_product":"","linked_products":null,"banner":{"show":false,"text":"","color":""},"length":"","content_movie":"","learning_goals":"","preview_gif":"","trailer":{"file":"","url":"","image":""},"mediathek_id":"","amount":50,"demo_url":"","h5p_demo_id":"","content_interactive":"1. Ordne zu - \u041c\u0430\u0442\u0447 \u0440\u0430\u0437\u043e\u043c (Schulsachen - \u0447\u0430\u0441\u0442\u0438\u043d\u0438 \u0434\u043b\u044f \u0448\u043a\u043e\u043b\u0438)\r\n2. Ordne zu - Farben \/ \u041c\u0430\u0442\u0447 \u0440\u0430\u0437\u043e\u043c - \u041a\u043e\u043b\u044c\u043e\u0440\u0438\r\n3. Ordne zu - \u041c\u0430\u0442\u0447 \u0440\u0430\u0437\u043e\u043c (Kleidung - \u041e\u0434\u044f\u0433)\r\n4. Ordne zu - \u041c\u0430\u0442\u0447 \u0440\u0430\u0437\u043e\u043c (K\u00f6rper - \u0442\u0456\u043b\u043e )\r\n5. Ordne zu - \u041c\u0430\u0442\u0447 \u0440\u0430\u0437\u043e\u043c (Haus - \u0411\u0443\u0434\u0438\u043d\u043e\u043a)\r\n6. Ordne zu - \u041c\u0430\u0442\u0447 \u0440\u0430\u0437\u043e\u043c (Das Gesicht - \u043e\u0431\u043b\u0438\u0447\u0447\u044f)\r\n7. Ordne zu - \u041c\u0430\u0442\u0447 \u0440\u0430\u0437\u043e\u043c (Tiere - \u0442\u0432\u0430\u0440\u0438\u043d) (2)\r\n8. Ordne zu - \u041c\u0430\u0442\u0447 \u0440\u0430\u0437\u043e\u043c (Tiere - \u0442\u0432\u0430\u0440\u0438\u043d) (1)\r\n9. Ordne zu - \u041c\u0430\u0442\u0447 \u0440\u0430\u0437\u043e\u043c (K\u00f6rperpflege - \u043e\u0441\u043e\u0431\u0438\u0441\u0442\u0430 \u0433\u0456\u0433\u0456\u0454\u043d\u0430)\r\n10. Ordne zu - \u041c\u0430\u0442\u0447 \u0440\u0430\u0437\u043e\u043c (Obst- \u0444\u0440\u0443\u043a\u0442\u0438) (1)\r\n11. Ordne zu - \u041c\u0430\u0442\u0447 \u0440\u0430\u0437\u043e\u043c (Obst- \u0444\u0440\u0443\u043a\u0442\u0438) (2)\r\n12. Ordne zu - \u041c\u0430\u0442\u0447 \u0440\u0430\u0437\u043e\u043c (Gem\u00fcse - \u043e\u0432\u043e\u0447\u0456)\r\n13. Ordne zu - \u041c\u0430\u0442\u0447 \u0440\u0430\u0437\u043e\u043c (Wetter - \u043f\u043e\u0433\u043e\u0434\u0430)\r\n14. Zahlen 0 bis 10 - \u0427\u0438\u0441\u043b\u0430 \u0432\u0456\u0434 0 \u0434\u043e 10\r\n15. Zahlen lesen lernen - \u043d\u0430\u0432\u0447\u0438\u0442\u0438\u0441\u044f \u0447\u0438\u0442\u0430\u0442\u0438 \u0447\u0438\u0441\u043b\u0430\r\n16. Ordne zu - Zahlen 1-10 \/ \u041c\u0430\u0442\u0447 \u0440\u0430\u0437\u043e\u043c - \u0427\u0438\u0441\u043b\u0430 1-10\r\n17. Ordne zu - Zahlen 11-20 \/ \u041c\u0430\u0442\u0447 \u0440\u0430\u0437\u043e\u043c - \u0427\u0438\u0441\u043b\u0430 11-20\r\n18. Mit Zahlen rechnen - \u041e\u0431\u0447\u0438\u0441\u043b\u0456\u0442\u044c \u0437 \u0447\u0438\u0441\u043b\u0430\u043c\u0438\r\n19. Ordne zu - Wochentage \/ \u041c\u0430\u0442\u0447 \u0440\u0430\u0437\u043e\u043c - \u0434\u043d\u0456 \u0442\u0438\u0436\u043d\u044f\r\n20. Ordne zu - Monate \/ \u041c\u0430\u0442\u0447 \u0440\u0430\u0437\u043e\u043c - \u043c\u0456\u0441\u044f\u0446\u0456\u0432\r\n21. Ordne zu - Zahlen 10 bis 100 \/ \u041c\u0430\u0442\u0447 \u0440\u0430\u0437\u043e\u043c - \u0427\u0438\u0441\u043b\u0430 \u0412\u0456\u0434 10 \u0434\u043e 100\r\n22. Sortiere die Zahlen von 1 bis 10 - \u0420\u043e\u0437\u0441\u043e\u0440\u0442\u0443\u0439\u0442\u0435 \u0447\u0438\u0441\u043b\u0430 \u0432\u0456\u0434 1 \u0434\u043e 10\r\n23. Verbinde die Zahlen 11 - 20 \/ \u0417\u2019\u0454\u0434\u043d\u0430\u0439\u0442\u0435 \u0447\u0438\u0441\u043b\u0430 11 - 20\r\n24. Finde die zehn W\u00f6rter (Farben) - \u0417\u043d\u0430\u0439\u0434\u0456\u0442\u044c \u0434\u0435\u0441\u044f\u0442\u044c \u0441\u043b\u0456\u0432 (\u043a\u043e\u043b\u044c\u043e\u0440\u0438)\r\n25. Finde die zehn W\u00f6rter (Obst) - \u0417\u043d\u0430\u0439\u0434\u0456\u0442\u044c \u0434\u0435\u0441\u044f\u0442\u044c \u0441\u043b\u0456\u0432 (\u0444\u0440\u0443\u043a\u0442\u0438)\r\n26. Finde die zehn W\u00f6rter (Tiere) - \u0417\u043d\u0430\u0439\u0434\u0456\u0442\u044c \u0434\u0435\u0441\u044f\u0442\u044c \u0441\u043b\u0456\u0432 (\u0442\u0432\u0430\u0440\u0438\u043d)\r\n27. Finde die zehn W\u00f6rter (Schule) - \u0417\u043d\u0430\u0439\u0434\u0456\u0442\u044c \u0434\u0435\u0441\u044f\u0442\u044c \u0441\u043b\u0456\u0432 (\u0448\u043a\u043e\u043b\u0443)\r\n28. Wortschatz - Die Familie - \u0441\u043b\u043e\u0432\u043d\u0438\u043a\u043e\u0432\u0438\u0439 \u0437\u0430\u043f\u0430\u0441 (\u0441\u0456\u043c'\u044f)\r\n29. Ordne zu - die Familie \/ \u041c\u0430\u0442\u0447 \u0440\u0430\u0437\u043e\u043c - \u0441\u0456\u043c'\u044f\r\n30. Allgemeine Verben - \u0417\u0430\u0433\u0430\u043b\u044c\u043d\u0456 \u0434\u0456\u0454\u0441\u043b\u043e\u0432\u0430 (1)\r\n31. Allgemeine Verben - \u0417\u0430\u0433\u0430\u043b\u044c\u043d\u0456 \u0434\u0456\u0454\u0441\u043b\u043e\u0432\u0430 (2)\r\n32. Allgemeine Verben - \u0417\u0430\u0433\u0430\u043b\u044c\u043d\u0456 \u0434\u0456\u0454\u0441\u043b\u043e\u0432\u0430 (3)\r\n33. Allgemeine Verben - \u0417\u0430\u0433\u0430\u043b\u044c\u043d\u0456 \u0434\u0456\u0454\u0441\u043b\u043e\u0432\u0430 (4)\r\n34. Allgemeine Verben - \u0417\u0430\u0433\u0430\u043b\u044c\u043d\u0456 \u0434\u0456\u0454\u0441\u043b\u043e\u0432\u0430 (5)\r\n35. Ordne zu - Namen der Tiere \/ \u041c\u0430\u0442\u0447 \u0440\u0430\u0437\u043e\u043c - \u043d\u0430\u0437\u0432\u0438 \u0442\u0432\u0430\u0440\u0438\u043d (1)\r\n36. Ordne zu - Namen der Tiere \/ \u041c\u0430\u0442\u0447 \u0440\u0430\u0437\u043e\u043c - \u043d\u0430\u0437\u0432\u0438 \u0442\u0432\u0430\u0440\u0438\u043d (2)\r\n37. Allgemeine Substantive - \u0417\u0430\u0433\u0430\u043b\u044c\u043d\u0456 \u0456\u043c\u0435\u043d\u043d\u0438\u043a\u0438 (1)\r\n38. Allgemeine Substantive - \u0417\u0430\u0433\u0430\u043b\u044c\u043d\u0456 \u0456\u043c\u0435\u043d\u043d\u0438\u043a\u0438 (2)\r\n39. Allgemeine Substantive - \u0417\u0430\u0433\u0430\u043b\u044c\u043d\u0456 \u0456\u043c\u0435\u043d\u043d\u0438\u043a\u0438 (3)\r\n40. Allgemeine Substantive - \u0417\u0430\u0433\u0430\u043b\u044c\u043d\u0456 \u0456\u043c\u0435\u043d\u043d\u0438\u043a\u0438 (4)\r\n41. Allgemeine Substantive - \u0417\u0430\u0433\u0430\u043b\u044c\u043d\u0456 \u0456\u043c\u0435\u043d\u043d\u0438\u043a\u0438 (5)\r\n42. Gegens\u00e4tze - \u043f\u0440\u043e\u0442\u0438\u043b\u0435\u0436\u043d\u043e\u0441\u0442\u0456 (1)\r\n43. Gegens\u00e4tze - \u043f\u0440\u043e\u0442\u0438\u043b\u0435\u0436\u043d\u043e\u0441\u0442\u0456 (2)\r\n44. Standort - \u0420\u043e\u0437\u0442\u0430\u0448\u0443\u0432\u0430\u043d\u043d\u044f\r\n45. Steigerungsformen - \u0444\u043e\u0440\u043c\u0438 \u043f\u0456\u0434\u0432\u0438\u0449\u0435\u043d\u043d\u044f (1)\r\n46. Schreibe die W\u00f6rter (Schule) - \u043f\u0438\u0441\u0430\u0442\u0438 \u0441\u043b\u043e\u0432\u0430 (\u0448\u043a\u043e\u043b\u0443)\r\n47. Vokabeln lernen - \u0432\u0438\u0432\u0447\u0438\u0442\u0438 \u0441\u043b\u043e\u0432\u043d\u0438\u043a\u043e\u0432\u0438\u0439 \u0437\u0430\u043f\u0430\u0441 (1)\r\n48. Vokabeln lernen - \u0432\u0438\u0432\u0447\u0438\u0442\u0438 \u0441\u043b\u043e\u0432\u043d\u0438\u043a\u043e\u0432\u0438\u0439 \u0437\u0430\u043f\u0430\u0441 (2)\r\n49. Vokabeln lernen - \u0432\u0438\u0432\u0447\u0438\u0442\u0438 \u0441\u043b\u043e\u0432\u043d\u0438\u043a\u043e\u0432\u0438\u0439 \u0437\u0430\u043f\u0430\u0441 (3)\r\n50. Vokabeln lernen - \u0432\u0438\u0432\u0447\u0438\u0442\u0438 \u0441\u043b\u043e\u0432\u043d\u0438\u043a\u043e\u0432\u0438\u0439 \u0437\u0430\u043f\u0430\u0441 (4)","hide_numbers":true,"flyer":"","info_columns":null},"_links":{"self":[{"href":"https:\/\/www.medienlb.com\/en\/wp-json\/wp\/v2\/product\/22509","targetHints":{"allow":["GET"]}}],"collection":[{"href":"https:\/\/www.medienlb.com\/en\/wp-json\/wp\/v2\/product"}],"about":[{"href":"https:\/\/www.medienlb.com\/en\/wp-json\/wp\/v2\/types\/product"}],"wp:featuredmedia":[{"embeddable":true,"href":"https:\/\/www.medienlb.com\/en\/wp-json\/wp\/v2\/media\/18526"}],"wp:attachment":[{"href":"https:\/\/www.medienlb.com\/en\/wp-json\/wp\/v2\/media?parent=22509"}],"wp:term":[{"taxonomy":"product_brand","embeddable":true,"href":"https:\/\/www.medienlb.com\/en\/wp-json\/wp\/v2\/product_brand?post=22509"},{"taxonomy":"product_cat","embeddable":true,"href":"https:\/\/www.medienlb.com\/en\/wp-json\/wp\/v2\/product_cat?post=22509"},{"taxonomy":"product_tag","embeddable":true,"href":"https:\/\/www.medienlb.com\/en\/wp-json\/wp\/v2\/product_tag?post=22509"}],"curies":[{"name":"wp","href":"https:\/\/api.w.org\/{rel}","templated":true}]}}