{"id":22503,"date":"2023-12-12T14:50:07","date_gmt":"2023-12-12T14:50:07","guid":{"rendered":"https:\/\/www.medienlb.com\/produkt\/greifvoegel-faszinierende-flugkuenstler\/"},"modified":"2024-02-14T15:03:51","modified_gmt":"2024-02-14T15:03:51","slug":"greifvoegel-faszinierende-flugkuenstler","status":"publish","type":"product","link":"https:\/\/www.medienlb.com\/en\/produkt\/greifvoegel-faszinierende-flugkuenstler\/","title":{"rendered":"Greifv\u00f6gel &#8211; faszinierende Flugk\u00fcnstler"},"content":{"rendered":"<p>In unserem Arbeitsheft Sachunterricht 1-4 &#8211; Greifv\u00f6gel &#8211; faszinierende Flugk\u00fcnstler finden Sie 60 interaktive und didaktisch aufbereitete Aufgaben.<\/p>\n<p>Das Medium bietet H5P-Aufgaben an, die ohne zus\u00e4tzliche Software verwendbar sind. Das Medium enth\u00e4lt interaktive Videos und 60 H5P-Aufgaben zum Thema Greifv\u00f6gel.\u00a0<br \/>\nDurch interaktive Aufgabentypen wird das audiovisuelle und interaktive Lernen einfach.<br \/>\nLernen macht jetzt Spa\u00df!<\/p>\n","protected":false},"excerpt":{"rendered":"<p>In unserem Arbeitsheft Sachunterricht 1-4 &#8211; Greifv\u00f6gel &#8211; faszinierende Flugk\u00fcnstler finden Sie 60 interaktive und didaktisch aufbereitete Aufgaben.<\/p>\n","protected":false},"featured_media":18540,"template":"","meta":{"_acf_changed":false},"product_brand":[],"product_cat":[183],"product_tag":[155,98,130],"class_list":{"0":"post-22503","1":"product","2":"type-product","3":"status-publish","4":"has-post-thumbnail","6":"product_cat-interactive-workbook","7":"product_tag-old_image-2","8":"product_tag-subject-primary-school","9":"product_tag-target-gru-2","11":"first","12":"instock","13":"taxable","14":"shipping-taxable","15":"purchasable","16":"product-type-variable"},"acf":{"subtitle":"","article_id":"55503677","languages":"DE","thumb_up":false,"cover_image":null,"linked_product":"","linked_products":null,"banner":{"show":false,"text":"","color":""},"length":"","content_movie":"","learning_goals":"","preview_gif":"","trailer":{"file":"","url":"","image":""},"mediathek_id":"","amount":50,"demo_url":"","h5p_demo_id":"","content_interactive":"1. Machtsymbol Greifvogel - Interaktive Aufgaben\r\n2. Greifv\u00f6gel als Zeichen von Kraft und Macht - Satzteile zusammenfinden\r\n3. Bekannte Greifv\u00f6gel 1 - Zuordnung\r\n4. Bekannte Greifv\u00f6gel 2 - Zuordnung\r\n5. Bekannte Greifv\u00f6gel 3 - Zuordnung\r\n6. Welcher Greifvogel ist das? - Flashcards\r\n7. Welcher Kopf geh\u00f6rt welchem Vogel? - Zuordnung\r\n8. Greifv\u00f6gel - Satzteile zusammenfinden\r\n9. Greifv\u00f6gel anderer L\u00e4nder (1) - Interaktive Aufgaben\r\n10. Greifv\u00f6gel anderer L\u00e4nder (2) - Interaktive Aufgaben\r\n11. Fachausdr\u00fccke rund um Greifv\u00f6gel - Zuordnung\r\n12. Grifft\u00f6ter und Bisst\u00f6ter - Interaktive Aufgaben\r\n13. Grifft\u00f6ter oder Bisst\u00f6ter? - Zuordnungsaufgabe\r\n14. Raue Tischsitten bei den Geiern - Interaktive Aufgaben\r\n15. Gef\u00e4hrliche Waffen - Interaktive Aufgaben\r\n16. T\u00f6dliche Krallen - Bilderfolge\r\n17. Keine Chance gegen den Greifvogel? - Interaktive Aufgaben\r\n18. Federn unter dem Mikroskop - Interaktive Aufgaben\r\n19. Wie eine Feder w\u00e4chst - Bilderfolge\r\n20. Wenn ich gro\u00df bin... - Schiebebild\r\n21. Perfekt gleiten und segeln - Interaktive Aufgaben\r\n22. Fl\u00fcgelform und Lebensart - Interaktive Aufgaben\r\n23. Anpassung an Lebensraum und Beute - Interaktive Aufgaben\r\n24. Lange verkannt: Der Bartgeier - Interaktive Aufgaben\r\n25. Greifv\u00f6gel als Zugv\u00f6gel - Interaktive Aufgaben\r\n26. Der Truthahngeier - Interaktive Aufgaben\r\n27. Geschickt aus dem Wasser gefischt - Bilderfolge\r\n28. Der Wespenbussard - Interaktive Aufgaben\r\n29. Speiseplan f\u00fcr den Adler - Bilderr\u00e4tsel\r\n30. Freche Milane - Interaktive Aufgaben\r\n31. Leben in Gemeinschaft - der W\u00fcstenbussard\r\n32. Karge Winterzeit - Interaktive Aufgaben\r\n33. Wer von uns frisst Aas? - Bilderr\u00e4tsel\r\n34. Greifv\u00f6gel als Filmstars - Interaktive Aufgaben\r\n35. Finde die Bildpaare!\r\n36. Bilder mit Texten verbinden (1) - Interaktive Aufgaben\r\n37. Bilder mit Texten verbinden (2) - Interaktive Aufgaben\r\n38. Bilder mit Texten verbinden (3) - Interaktive Aufgaben\r\n39. Greifv\u00f6gel - bald nur mehr selten zu sehen? - Interaktive Aufgaben\r\n40. Richtig oder falsch? (1) - Flashcards Greifvogelwissen\r\n41. Richtig oder falsch? (2) - Flashcards Greifvogelwissen\r\n42. Richtig oder falsch? (3) - Flashcards Greifvogelwissen\r\n43. Rekorde und Besonderheiten (1) - Interaktive Aufgaben\r\n44. Rekorde und Besonderheiten (2) - Interaktive Aufgaben\r\n45. Gefahren f\u00fcr unsere Greifv\u00f6gel - Interaktive Aufgaben\r\n46. Die Falknerei - uraltes Kulturgut\r\n47. Die Falknerei - Satzteile zusammen finden\r\n48. Die Voliere - Heim f\u00fcr einen Greifvogel\r\n49. Greifv\u00f6gel hautnah erleben - Interaktive Aufgaben\r\n50. Verhauben eines Falken - Interaktive Aufgaben\r\n51. Arbeit mit dem Federspiel - Interaktive Aufgaben\r\n52. Training eines Falken mit dem Federspiel - Bilderfolge\r\n53. Falkenweibchen Lisa startet - Bilderfolge\r\n54. Der Faustappell - Bilderfolge\r\n55. Greifv\u00f6gel \u201eabrichten\"? - Interaktive Aufgaben\r\n56. S\u00fcndhaft teure Haustiere - Interaktive Aufgaben\r\n57. Falknerei = Tierqu\u00e4lerei? - Interaktive Aufgaben\r\n58. T-Shirts mit Greifvogelmotiven gestalten\r\n59. Greifvogel - Fensterbilder\r\n60. Quizfragen zum Thema Greifv\u00f6gel","hide_numbers":true,"flyer":"","info_columns":null},"_links":{"self":[{"href":"https:\/\/www.medienlb.com\/en\/wp-json\/wp\/v2\/product\/22503","targetHints":{"allow":["GET"]}}],"collection":[{"href":"https:\/\/www.medienlb.com\/en\/wp-json\/wp\/v2\/product"}],"about":[{"href":"https:\/\/www.medienlb.com\/en\/wp-json\/wp\/v2\/types\/product"}],"wp:featuredmedia":[{"embeddable":true,"href":"https:\/\/www.medienlb.com\/en\/wp-json\/wp\/v2\/media\/18540"}],"wp:attachment":[{"href":"https:\/\/www.medienlb.com\/en\/wp-json\/wp\/v2\/media?parent=22503"}],"wp:term":[{"taxonomy":"product_brand","embeddable":true,"href":"https:\/\/www.medienlb.com\/en\/wp-json\/wp\/v2\/product_brand?post=22503"},{"taxonomy":"product_cat","embeddable":true,"href":"https:\/\/www.medienlb.com\/en\/wp-json\/wp\/v2\/product_cat?post=22503"},{"taxonomy":"product_tag","embeddable":true,"href":"https:\/\/www.medienlb.com\/en\/wp-json\/wp\/v2\/product_tag?post=22503"}],"curies":[{"name":"wp","href":"https:\/\/api.w.org\/{rel}","templated":true}]}}