{"id":22485,"date":"2023-12-12T14:50:35","date_gmt":"2023-12-12T14:50:35","guid":{"rendered":"https:\/\/www.medienlb.com\/produkt\/daf-daz-a1-grundwortschatz\/"},"modified":"2024-02-14T15:03:31","modified_gmt":"2024-02-14T15:03:31","slug":"daf-daz-a1-grundwortschatz","status":"publish","type":"product","link":"https:\/\/www.medienlb.com\/en\/produkt\/daf-daz-a1-grundwortschatz\/","title":{"rendered":"DaF\/DaZ A1 &#8211; Grundwortschatz"},"content":{"rendered":"<p>In unserem Arbeitsheft Deutsch 1-4, Vol. 2 &#8211; DaF\/DaZ A1 &#8211; Grundwortschatz finden Sie 50 interaktive und didaktisch aufbereitete Aufgaben.<\/p>\n<p>Das Medium bietet H5P-Aufgaben an, die ohne zus\u00e4tzliche Software verwendbar sind. Das Medium enth\u00e4lt interaktive Videos und 50 H5P-Aufgaben zum Thema Grundwortschatz.\u00a0<br \/>\nDurch interaktive Aufgabentypen wird das audiovisuelle und interaktive Lernen einfach.<br \/>\nLernen macht jetzt Spa\u00df!<\/p>\n","protected":false},"excerpt":{"rendered":"<p>In unserem Arbeitsheft Deutsch 1-4, Vol. 2 &#8211; DaF\/DaZ A1 &#8211; Grundwortschatz finden Sie 50 interaktive und didaktisch aufbereitete Aufgaben.<\/p>\n","protected":false},"featured_media":18581,"template":"","meta":{"_acf_changed":false},"product_brand":[],"product_cat":[183],"product_tag":[155,120,130],"class_list":{"0":"post-22485","1":"product","2":"type-product","3":"status-publish","4":"has-post-thumbnail","6":"product_cat-interactive-workbook","7":"product_tag-old_image-2","8":"product_tag-subject-german","9":"product_tag-target-gru-2","11":"first","12":"instock","13":"taxable","14":"shipping-taxable","15":"purchasable","16":"product-type-variable"},"acf":{"subtitle":"","article_id":"55503069","languages":"DE","thumb_up":false,"cover_image":null,"linked_product":null,"linked_products":null,"banner":{"show":false,"text":"","color":""},"length":"","content_movie":"","learning_goals":"","preview_gif":null,"trailer":{"file":null,"url":"","image":null},"mediathek_id":"","amount":50,"demo_url":"","h5p_demo_id":"","content_interactive":"1. Ich gehe zur Schule - Kurzgeschichte - Lesetraining\n2. Schmetterling und Nashornvogel - Kurzgeschichte - Lesetraining\n3. Tina und die Sterne (Level 2) - Lesetraining\n4. Mein Garten (Level 1) - Lesetraining\n5. Kreuze an ob die S\u00e4tze stimmen.\n6. Ordne die Handlungen zu (1)\n7. Welches Wort passt? Ordne zu.\n8. Finde die passenden Silben zu jedem Bild (1)\n9. Silbentrennung - Finde die einsilbigen W\u00f6rter\n10. Welches Wort passt nicht zu den anderen W\u00f6rtern? (1)\n11. Welches Wort passt nicht zu den anderen W\u00f6rtern? (2)\n12. Ein Wort reimt sich nicht (1)\n13. Ein Wort reimt sich nicht (2)\n14. Ein Wort reimt sich nicht (3)\n15. Eine Silbe zu viel. Was erkennst du auf dem Bild (1)\n16. Entscheide: s oder sch\n17. Entscheide: p oder b und erg\u00e4nze\n18. Einfaches Z\u00e4hlen von Tieren (Stufe 1) - mit Audio\n19. Wer kann fliegen und wer nicht? (Stufe 1) - mit Audio\n20. Die L\u00f6wen rennen und die K\u00fche laufen (Stufe 1) - mit Audio\n21. Ich gehe zur Schule. Ich wei\u00df viel. (Stufe 1) - mit Audio\n22. Entscheide: d oder t am Wortende? (1)\n23. Entscheide: d oder t am Wortende? (2)\n24. W\u00f6rter mit Eu\/eu - Interaktive Aufgaben\n25. W\u00f6rter mit ck - Interaktive Aufgaben\n26. W\u00f6rter mit Eu\/eu - \u00dcbe dieses Diktat\n27. Das stumme h - Interaktive Aufgaben\n28. Entscheide: W\/w oder V\/v - Interaktive Aufgaben\n29. W\u00f6rter mit g oder k am Wortende - Interaktive Aufgaben\n30. W\u00f6rter mit F\/f oder V\/v - Interaktive Aufgaben\n31. Entscheide: F\/f oder V\/v - Interaktive Aufgabe\n32. Setze die Umlaute \u00e4; \u00f6 oder \u00fc ein - Interaktive Aufgaben\n33. Doppelte Mitlaute - Interaktive Aufgaben\n34. W\u00f6rter mit Sp\/sp - Interaktive Aufgaben\n35. W\u00f6rter mit b oder p am Wortende - Interaktive Aufgaben\n36. W\u00f6rter mit verstecktem e am Wortende - Interaktive Aufgaben\n37. W\u00f6rter mit d oder t am Wortende - Interaktive Aufgaben\n38. W\u00f6rter mit d oder t am Wortende - \u00dcbe dieses Diktat\n39. Sortiere die Namenw\u00f6rter in Gruppen\n40. W\u00f6rter mit Sch\/sch - Interaktive Aufgaben\n41. W\u00f6rter mit tz - Interaktive Aufgaben\n42. W\u00f6rter mit F\/f oder Pf\/pf - Interaktive Aufgaben\n43. Erg\u00e4nze die fehlenden Buchstaben - Interaktive Aufgabe (1)\n44. Erg\u00e4nze die fehlenden Buchstaben - Interaktive Aufgabe (2)\n45. Lies laut vor und schreibe die kurzen S\u00e4tze ab (1)\n46. Lies laut vor und schreibe die kurzen S\u00e4tze ab (2)\n47. W\u00f6rter mit i\/ie - Schreibe die S\u00e4tze ab - Interaktive Aufgabe\n48. Finde die W\u00f6rter mit ie - Interaktive Aufgabe\n49. Silbenpuzzle - Setze die W\u00f6rter zusammen\n50. Namenw\u00f6rter in Silben - Finde die Bildpaare","hide_numbers":true,"flyer":null,"info_columns":null},"_links":{"self":[{"href":"https:\/\/www.medienlb.com\/en\/wp-json\/wp\/v2\/product\/22485","targetHints":{"allow":["GET"]}}],"collection":[{"href":"https:\/\/www.medienlb.com\/en\/wp-json\/wp\/v2\/product"}],"about":[{"href":"https:\/\/www.medienlb.com\/en\/wp-json\/wp\/v2\/types\/product"}],"wp:featuredmedia":[{"embeddable":true,"href":"https:\/\/www.medienlb.com\/en\/wp-json\/wp\/v2\/media\/18581"}],"wp:attachment":[{"href":"https:\/\/www.medienlb.com\/en\/wp-json\/wp\/v2\/media?parent=22485"}],"wp:term":[{"taxonomy":"product_brand","embeddable":true,"href":"https:\/\/www.medienlb.com\/en\/wp-json\/wp\/v2\/product_brand?post=22485"},{"taxonomy":"product_cat","embeddable":true,"href":"https:\/\/www.medienlb.com\/en\/wp-json\/wp\/v2\/product_cat?post=22485"},{"taxonomy":"product_tag","embeddable":true,"href":"https:\/\/www.medienlb.com\/en\/wp-json\/wp\/v2\/product_tag?post=22485"}],"curies":[{"name":"wp","href":"https:\/\/api.w.org\/{rel}","templated":true}]}}