{"id":22479,"date":"2023-12-12T14:50:45","date_gmt":"2023-12-12T14:50:45","guid":{"rendered":"https:\/\/www.medienlb.com\/produkt\/englisch-grundwortschatz-suchsel\/"},"modified":"2024-02-14T15:03:24","modified_gmt":"2024-02-14T15:03:24","slug":"englisch-grundwortschatz-suchsel","status":"publish","type":"product","link":"https:\/\/www.medienlb.com\/en\/produkt\/englisch-grundwortschatz-suchsel\/","title":{"rendered":"Englisch &#8211; Grundwortschatz Suchsel"},"content":{"rendered":"<p>In 50 interaktiven H5P-Modulen wird der Grundwortschatz Franz\u00f6sisch in 25 verschiedenen Themen in Suchsel versteckt.\u00a0<br \/>\nDie Suchsel sind 2fach differenziert, einmal mit und einmal ohne Anzeige der versteckten W\u00f6rter. Die Suchsel k\u00f6nnen auch einfach ausgedruckt werden, falls eine Verteilung\/Nutzung in haptischer Form notwendig ist. Jeder Nutzer erh\u00e4lt beim \u00d6ffnen der Aufgabe ein eigenes, unverwechselbares Suchsel, welches durch Zufallsprogrammierung bei jedem Aufruf in neuer Zusammenstellung angezeigt wird. Der Inhalt orientiert sich vollst\u00e4ndig an den Lehrpl\u00e4nen der Bundesl\u00e4nder im Fach Franz\u00f6sisch an Grundschulen und F\u00f6rderschulen, sowie in Sek. I in Starterklassen oder zur Wiederholung und Vertiefung. Au\u00dferdem eignen sich die Aufgaben auch hervorragend f\u00fcr den Vertretungsunterricht und als \u00dcbungsaufgaben f\u00fcr das Homeschooling.as Medium bietet H5P-Aufgaben an, die ohne zus\u00e4tzliche Software verwendbar sind.\u00a0<br \/>\nDurch interaktive Aufgabentypen wird das audiovisuelle und interaktive Lernen einfach.<br \/>\nLernen macht jetzt Spa\u00df!<\/p>\n","protected":false},"excerpt":{"rendered":"<p>In 50 interaktiven H5P-Modulen wird der Grundwortschatz Franz\u00f6sisch in 25 verschiedenen Themen in Suchsel versteckt.\u00a0<\/p>\n","protected":false},"featured_media":18596,"template":"","meta":{"_acf_changed":false},"product_brand":[],"product_cat":[183],"product_tag":[155,124,130],"class_list":{"0":"post-22479","1":"product","2":"type-product","3":"status-publish","4":"has-post-thumbnail","6":"product_cat-interactive-workbook","7":"product_tag-old_image-2","8":"product_tag-subject-english","9":"product_tag-target-gru-2","11":"first","12":"instock","13":"taxable","14":"shipping-taxable","15":"purchasable","16":"product-type-variable"},"acf":{"subtitle":"","article_id":"55503672","languages":"EN","thumb_up":false,"cover_image":null,"linked_product":"","linked_products":null,"banner":{"show":false,"text":"","color":""},"length":"","content_movie":"","learning_goals":"","preview_gif":"","trailer":{"file":"","url":"","image":""},"mediathek_id":"","amount":50,"demo_url":"","h5p_demo_id":"","content_interactive":"1. 10 W\u00f6rter - Englisch - Kleidung - Suchsel mit Wortliste\r\n2. 10 W\u00f6rter - Englisch - Kleidung - Suchsel ohne Wortliste\r\n3. 10 W\u00f6rter - Englisch - Obst - Suchsel mit Wortliste\r\n4. 10 W\u00f6rter - Englisch - Obst - Suchsel ohne Wortliste\r\n5. 10 W\u00f6rter - Englisch - Gem\u00fcse (1) - Suchsel mit Wortliste\r\n6. 10 W\u00f6rter - Englisch - Gem\u00fcse (1) - Suchsel ohne Wortliste\r\n7. 10 W\u00f6rter - Englisch - Gem\u00fcse (2) - Suchsel mit Wortliste\r\n8. 10 W\u00f6rter - Englisch - Gem\u00fcse (2) - Suchsel ohne Wortliste\r\n9. 10 W\u00f6rter - Englisch - Farben - Suchsel mit Wortliste\r\n10. 10 W\u00f6rter - Englisch - Farben - Suchsel ohne Wortliste\r\n11. 10 W\u00f6rter - Englisch - Familie (1) - Suchsel mit Wortliste\r\n12. 10 W\u00f6rter - Englisch - Familie (1) - Suchsel ohne Wortliste\r\n13. 10 W\u00f6rter - Englisch - Familie (2) - Suchsel mit Wortliste\r\n14. 10 W\u00f6rter - Englisch - Familie (2) - Suchsel ohne Wortliste\r\n15. 10 W\u00f6rter - Englisch - K\u00f6rperteile (1) - Suchsel mit Wortliste\r\n16. 10 W\u00f6rter - Englisch - K\u00f6rperteile (1) - Suchsel ohne Wortliste\r\n17. 10 W\u00f6rter - Englisch - K\u00f6rperteile (2) - Suchsel mit Wortliste\r\n18. 10 W\u00f6rter - Englisch - K\u00f6rperteile (2) - Suchsel ohne Wortliste\r\n19. 10 W\u00f6rter - Englisch - L\u00e4nder Europas (1) - Suchsel mit Wortliste\r\n20. 10 W\u00f6rter - Englisch - L\u00e4nder Europas (1) - Suchsel ohne Wortliste\r\n21. 10 W\u00f6rter - Englisch - L\u00e4nder Europas (2) - Suchsel mit Wortliste\r\n22. 10 W\u00f6rter - Englisch - L\u00e4nder Europas (2) - Suchsel ohne Wortliste\r\n23. 10 W\u00f6rter - Englisch - Autoteile - Suchsel mit Wortliste\r\n24. 10 W\u00f6rter - Englisch - Autoteile - Suchsel ohne Wortliste\r\n25. 10 W\u00f6rter - Englisch - Werkzeug - Suchsel mit Wortliste\r\n26. 10 W\u00f6rter - Englisch - Werkzeug - Suchsel ohne Wortliste\r\n27. 10 W\u00f6rter - Englisch - Zahlen 1-10 - Suchsel mit Wortliste\r\n28. 10 W\u00f6rter - Englisch - Zahlen 1-10 - Suchsel ohne Wortliste\r\n29. 10 W\u00f6rter - Englisch - Zahlen 11-20 - Suchsel mit Wortliste\r\n30. 10 W\u00f6rter - Englisch - Zahlen 11-20 - Suchsel ohne Wortliste\r\n31. 10 W\u00f6rter - Englisch - M\u00f6bel - Suchsel mit Wortliste\r\n32. 10 W\u00f6rter - Englisch - M\u00f6bel - Suchsel ohne Wortliste\r\n33. 10 W\u00f6rter - Englisch - Ordnungszahlen 1-10 - Suchsel mit Wortliste\r\n34. 10 W\u00f6rter - Englisch - Ordnungszahlen 1-10 - Suchsel ohne Wortliste\r\n35. 10 W\u00f6rter - Englisch - R\u00e4ume eines Hauses - Suchsel mit Wortliste\r\n36. 10 W\u00f6rter - Englisch - R\u00e4ume eines Hauses - Suchsel ohne Wortliste\r\n37. 10 W\u00f6rter - Englisch - Wetter - Suchsel mit Wortliste\r\n38. 10 W\u00f6rter - Englisch - Wetter - Suchsel ohne Wortliste\r\n39. 10 W\u00f6rter - Englisch - Insekten - Suchsel mit Wortliste\r\n40. 10 W\u00f6rter - Englisch - Insekten - Suchsel ohne Wortliste\r\n41. 10 W\u00f6rter - Englisch - V\u00f6gel - Suchsel mit Wortliste\r\n42. 10 W\u00f6rter - Englisch - V\u00f6gel - Suchsel ohne Wortliste\r\n43. 10 W\u00f6rter - Englisch - Nutztiere - Suchsel mit Wortliste\r\n44. 10 W\u00f6rter - Englisch - Nutztiere - Suchsel ohne Wortliste\r\n45. 10 W\u00f6rter - Englisch - S\u00e4ugetiere (1) - Suchsel mit Wortliste\r\n46. 10 W\u00f6rter - Englisch - S\u00e4ugetiere (1) - Suchsel ohne Wortliste\r\n47. 10 W\u00f6rter - Englisch - S\u00e4ugetiere (2) - Suchsel mit Wortliste\r\n48. 10 W\u00f6rter - Englisch - S\u00e4ugetiere (2) - Suchsel ohne Wortliste\r\n49. 10 W\u00f6rter - Englisch - Computer - Suchsel mit Wortliste\r\n50. 10 W\u00f6rter - Englisch - Computer - Suchsel ohne Wortliste","hide_numbers":true,"flyer":"","info_columns":null},"_links":{"self":[{"href":"https:\/\/www.medienlb.com\/en\/wp-json\/wp\/v2\/product\/22479","targetHints":{"allow":["GET"]}}],"collection":[{"href":"https:\/\/www.medienlb.com\/en\/wp-json\/wp\/v2\/product"}],"about":[{"href":"https:\/\/www.medienlb.com\/en\/wp-json\/wp\/v2\/types\/product"}],"wp:featuredmedia":[{"embeddable":true,"href":"https:\/\/www.medienlb.com\/en\/wp-json\/wp\/v2\/media\/18596"}],"wp:attachment":[{"href":"https:\/\/www.medienlb.com\/en\/wp-json\/wp\/v2\/media?parent=22479"}],"wp:term":[{"taxonomy":"product_brand","embeddable":true,"href":"https:\/\/www.medienlb.com\/en\/wp-json\/wp\/v2\/product_brand?post=22479"},{"taxonomy":"product_cat","embeddable":true,"href":"https:\/\/www.medienlb.com\/en\/wp-json\/wp\/v2\/product_cat?post=22479"},{"taxonomy":"product_tag","embeddable":true,"href":"https:\/\/www.medienlb.com\/en\/wp-json\/wp\/v2\/product_tag?post=22479"}],"curies":[{"name":"wp","href":"https:\/\/api.w.org\/{rel}","templated":true}]}}