{"id":22446,"date":"2023-12-12T14:51:33","date_gmt":"2023-12-12T14:51:33","guid":{"rendered":"https:\/\/www.medienlb.com\/produkt\/die-welt-in-bloecken\/"},"modified":"2024-02-14T15:02:47","modified_gmt":"2024-02-14T15:02:47","slug":"die-welt-in-bloecken","status":"publish","type":"product","link":"https:\/\/www.medienlb.com\/en\/produkt\/die-welt-in-bloecken\/","title":{"rendered":"Die Welt in Bl\u00f6cken"},"content":{"rendered":"<p>F\u00fcr den Unterrichtempfohlen<\/p>\n<p>In unserem Arbeitsheft\u00a0&#8211; Geschichte 10, Vol. 1 &#8211; Die Welt in Bl\u00f6cken finden Sie 50 interaktive und didaktisch aufbereitete Aufgaben.<br \/>\nDas Medium bietet H5P-Aufgaben an, die ohne zus\u00e4tzliche Software verwendbar sind. Das Medium enth\u00e4lt interaktive Videos und 50 H5P-Aufgaben zu den Themen Kalter Krieg, Deutsche Teilung, deutsch-franz\u00f6sische Freundschaft und chinesisch-sowjetische Konkurrenz.<br \/>\nDurch interaktive Aufgabentypen wird das audiovisuelle und interaktive Lernen einfach.<br \/>\nLernen macht jetzt Spa\u00df!\u00a0\u00a0<\/p>\n","protected":false},"excerpt":{"rendered":"<p>F\u00fcr den Unterrichtempfohlen<\/p>\n","protected":false},"featured_media":18672,"template":"","meta":{"_acf_changed":false},"product_brand":[],"product_cat":[183],"product_tag":[155,110,126],"class_list":{"0":"post-22446","1":"product","2":"type-product","3":"status-publish","4":"has-post-thumbnail","6":"product_cat-interactive-workbook","7":"product_tag-old_image-2","8":"product_tag-subject-history","9":"product_tag-target-sek-i-2","11":"first","12":"instock","13":"taxable","14":"shipping-taxable","15":"purchasable","16":"product-type-variable"},"acf":{"subtitle":"","article_id":"55501808","languages":"DE","thumb_up":true,"cover_image":null,"linked_product":null,"linked_products":null,"banner":{"show":false,"text":"","color":""},"length":"","content_movie":"","learning_goals":"","preview_gif":null,"trailer":{"file":null,"url":"","image":null},"mediathek_id":"","amount":50,"demo_url":"","h5p_demo_id":"","content_interactive":"1. Kalter Krieg - Wissensbox\n2. Kalter Krieg - Finde die Orte\n3. Entstehung einer bipolaren Weltordnung - L\u00fcckentext\n4. Der Beginn des Kalten Krieges - Interaktives Video\n5. Die Welt in Bl\u00f6cken - Interaktive Aufgabe\n6. Gr\u00fcndung der NATO - Interaktive Aufgaben mit Video\n7. Die Charta von Paris - Interaktives Video\n8. Kalter Krieg - Interaktive Aufgaben (1)\n9. Kalter Krieg - Interaktive Aufgaben (2)\n10. Kalter Krieg - Interaktive Aufgaben (3)\n11. Kalter Krieg - Interaktive Aufgaben (4)\n12. Sozialismus und Marxismus - Interaktives Video\n13. Marxismus in der DDR - Interaktives Video\n14. Eine bipolare Weltordnung - Interaktives Video\n15. Friedliche Koexistenz? - Interaktives Video\n16. Deutsch-franz\u00f6sische Freundschaft - Interaktives Video\n17. Charles de Gaulle - Interaktive Aufgaben\n18. De Gaulles Weltpolitik und Sturz - Interaktives Video\n19. Atombombe - Interaktives Video\n20. Atomare Hochr\u00fcstung - Interaktives Video\n21. Die Kubakrise - Interaktive Aufgabe\n22. Welt am Abgrund - Interaktives Video\n23. Entspannungspolitik - Interaktives Video\n24. Das Ende des chinesischen Kaiserreichs - Interaktives Video\n25. China wird kommunistisch - Interaktives Video\n26. Maos Kindheit - Interaktives Video\n27. Chinas Kampagne gegen die \u201eFeinde im Inland\u201c - Interaktives Video\n28. Kulturrevolution in China - Interaktives Video\n29. China und die UdSSR - Interaktives Video\n30. Stellvertreterkriege - Interaktive Aufgabe\n31. Gewaltsame Niederschlagung - Interaktives Video\n32. Demonstrationen gegen den Vietnamkrieg - Interaktives Video\n33. Ablehnung von Autorit\u00e4ten - Interaktives Video\n34. Der Tod von Benno Ohnesorg - Interaktives Video\n35. Attentat auf Rudi Dutschke - Interaktives Video\n36. 1968er Studentenproteste - Interaktives Video\n37. Was bleibt von den 68ern? - Interaktives Video\n38. NATO-Doppelbeschluss - Interaktives Video\n39. Diktatur des Proletariats - Interaktives Video\n40. Gr\u00fcnde f\u00fcr die deutsche Teilung - Interaktives Video\n41. System der Planwirtschaft - Interaktives Video\n42. Freiheit oder Gleichheit? - Interaktives Video\n43. Nach der SED-Herrschaft - Interaktives Video\n44. Schneller Umbruch - Interaktives Video\n45. Erfolgsgeschichte Deutsche Einheit? - Interaktives Video\n46. Verhandlungen zur Deutschen Einheit - Interaktives Video\n47. Aufbau Ost - Interaktives Video\n48. Bl\u00fchende Landschaften? - Interaktives Video\n49. Aufbau Ost-Abbau West? - Interaktives Video\n50. Die NATO-Osterweiterung - Interaktives Video","hide_numbers":true,"flyer":null,"info_columns":null},"_links":{"self":[{"href":"https:\/\/www.medienlb.com\/en\/wp-json\/wp\/v2\/product\/22446","targetHints":{"allow":["GET"]}}],"collection":[{"href":"https:\/\/www.medienlb.com\/en\/wp-json\/wp\/v2\/product"}],"about":[{"href":"https:\/\/www.medienlb.com\/en\/wp-json\/wp\/v2\/types\/product"}],"wp:featuredmedia":[{"embeddable":true,"href":"https:\/\/www.medienlb.com\/en\/wp-json\/wp\/v2\/media\/18672"}],"wp:attachment":[{"href":"https:\/\/www.medienlb.com\/en\/wp-json\/wp\/v2\/media?parent=22446"}],"wp:term":[{"taxonomy":"product_brand","embeddable":true,"href":"https:\/\/www.medienlb.com\/en\/wp-json\/wp\/v2\/product_brand?post=22446"},{"taxonomy":"product_cat","embeddable":true,"href":"https:\/\/www.medienlb.com\/en\/wp-json\/wp\/v2\/product_cat?post=22446"},{"taxonomy":"product_tag","embeddable":true,"href":"https:\/\/www.medienlb.com\/en\/wp-json\/wp\/v2\/product_tag?post=22446"}],"curies":[{"name":"wp","href":"https:\/\/api.w.org\/{rel}","templated":true}]}}