{"id":22407,"date":"2023-12-12T14:52:29","date_gmt":"2023-12-12T14:52:29","guid":{"rendered":"https:\/\/www.medienlb.com\/produkt\/zeiten-verben-adjektive\/"},"modified":"2024-02-14T15:02:02","modified_gmt":"2024-02-14T15:02:02","slug":"zeiten-verben-adjektive","status":"publish","type":"product","link":"https:\/\/www.medienlb.com\/en\/produkt\/zeiten-verben-adjektive\/","title":{"rendered":"Zeiten, Verben, Adjektive"},"content":{"rendered":"<p>In unserem Arbeitsheft DaF\/DaZ, B1, Vol. 2 &#8211; Zeiten, Verben, Adjektive finden Sie 50 interaktive und didaktisch aufbereitete Aufgaben.<br \/>\nDas Medium bietet H5P-Aufgaben an, die ohne zus\u00e4tzliche Software verwendbar sind. Das Medium enth\u00e4lt 50 H5P-Aufgaben zum Thema Deutsch.\u00a0<br \/>\nDurch interaktive Aufgabentypen wird das audiovisuelle und interaktive Lernen einfach.<br \/>\nLernen macht jetzt Spa\u00df!<\/p>\n","protected":false},"excerpt":{"rendered":"<p>In unserem Arbeitsheft DaF\/DaZ, B1, Vol. 2 &#8211; Zeiten, Verben, Adjektive finden Sie 50 interaktive und didaktisch aufbereitete Aufgaben.<\/p>\n","protected":false},"featured_media":18763,"template":"","meta":{"_acf_changed":false},"product_brand":[],"product_cat":[183],"product_tag":[155,120,144],"class_list":{"0":"post-22407","1":"product","2":"type-product","3":"status-publish","4":"has-post-thumbnail","6":"product_cat-interactive-workbook","7":"product_tag-old_image-2","8":"product_tag-subject-german","9":"product_tag-target-lehrer-2","11":"first","12":"instock","13":"taxable","14":"shipping-taxable","15":"purchasable","16":"product-type-variable"},"acf":{"subtitle":"","article_id":"55503067","languages":"DE","thumb_up":false,"cover_image":null,"linked_product":null,"linked_products":null,"banner":{"show":false,"text":"","color":""},"length":"","content_movie":"","learning_goals":"","preview_gif":null,"trailer":{"file":null,"url":"","image":null},"mediathek_id":"","amount":50,"demo_url":"","h5p_demo_id":"","content_interactive":"1. Haushalt - Passivs\u00e4tze mit m\u00fcssen bilden (1)\n2. Passivs\u00e4tze mit m\u00fcssen bilden (2)\n3. S\u00e4tze in die angegebene Zeitform setzen (1)\n4. S\u00e4tze in die angegebene Zeitform setzen (2)\n5. S\u00e4tze in die angegebene Zeitform setzen (3)\n6. S\u00e4tze in die angegebene Zeitform setzen (4)\n7. Perfekt mit haben oder sein? (1)\n8. Perfekt mit haben oder sein? (2)\n9. Perfekt mit haben oder sein? (3)\n10. Perfekt mit haben oder sein? (4)\n11. Perfekt mit haben oder sein? (5)\n12. Perfekt mit haben oder sein? (6)\n13. Erg\u00e4nze die S\u00e4tze mit dem konjugierten Verb im Pr\u00e4sens (1)\n14. Erg\u00e4nze die S\u00e4tze mit dem konjugierten Verb im Pr\u00e4sens (2)\n15. Erg\u00e4nze die S\u00e4tze mit dem konjugierten Verb im Pr\u00e4sens (3)\n16. Wetter - Erg\u00e4nze die S\u00e4tze\n17. Verkehr - Erg\u00e4nze die S\u00e4tze\n18. Wortstellung: Markiere den richtigen Satz (1)\n19. B1 - Konjugiere die Verben (Pr\u00e4sens) (1)\n20. B1 - Konjugiere die Verben (Pr\u00e4sens) (2)\n21. B1 - Konjugiere die Verben (Pr\u00e4sens) (3)\n22. B1 - Konjugiere die Verben (Pr\u00e4sens) (4)\n23. B1 - Konjugiere die Verben (Pr\u00e4sens) (5)\n24. B1 - Konjugiere die Verben (Pr\u00e4teritum) (1)\n25. B1 - Konjugiere die Verben (Pr\u00e4teritum) (2)\n26. B1 - Konjugiere die Verben (Pr\u00e4teritum) (3)\n27. B1 - Konjugiere die Verben (Pr\u00e4teritum) (4)\n28. B1 - Konjugiere die Verben (Pr\u00e4teritum) (5)\n29. Perfekt-S\u00e4tze in die angegebene Zeitform setzen (1)\n30. Perfekt-S\u00e4tze in die angegebene Zeitform setzen (2)\n31. Perfekt-S\u00e4tze in die angegebene Zeitform setzen (3)\n32. Adjektivdeklination - Dekliniere die Adjektive (1)\n33. Adjektivdeklination - Dekliniere die Adjektive (2)\n34. Komparativ und Superlativ (1)\n35. Komparativ und Superlativ (2)\n36. Konnektoren - Verbindung zwischen S\u00e4tzen (1)\n37. Konnektoren - Verbindung zwischen S\u00e4tzen (2)\n38. Finde die 9 Konnektoren im Buchstabengitter\n39. Ordne die passenden Antonyme zu - Sternzeichen (1)\n40. Ordne die passenden Antonyme zu - Allgemein (2)\n41. Ordne die passenden Antonyme zu - Allgemein (3)\n42. Konjugiere die Verben (B1) im Partizip Perfekt (1)\n43. Konjugiere die Verben (B1) im Partizip Perfekt (2)\n44. Konjugiere die Verben (B1) im Partizip Perfekt (3)\n45. Konjugiere die Verben (B1) im Partizip Perfekt (4)\n46. Konjugiere die Verben (B1) im Partizip Perfekt (5)\n47. Partizip I als Adjektiv (1)\n48. Partizip I als Adjektiv (2)\n49. Verben mit Pr\u00e4positionen (1)\n50. Verben mit Pr\u00e4positionen (2)","hide_numbers":true,"flyer":null,"info_columns":null},"_links":{"self":[{"href":"https:\/\/www.medienlb.com\/en\/wp-json\/wp\/v2\/product\/22407","targetHints":{"allow":["GET"]}}],"collection":[{"href":"https:\/\/www.medienlb.com\/en\/wp-json\/wp\/v2\/product"}],"about":[{"href":"https:\/\/www.medienlb.com\/en\/wp-json\/wp\/v2\/types\/product"}],"wp:featuredmedia":[{"embeddable":true,"href":"https:\/\/www.medienlb.com\/en\/wp-json\/wp\/v2\/media\/18763"}],"wp:attachment":[{"href":"https:\/\/www.medienlb.com\/en\/wp-json\/wp\/v2\/media?parent=22407"}],"wp:term":[{"taxonomy":"product_brand","embeddable":true,"href":"https:\/\/www.medienlb.com\/en\/wp-json\/wp\/v2\/product_brand?post=22407"},{"taxonomy":"product_cat","embeddable":true,"href":"https:\/\/www.medienlb.com\/en\/wp-json\/wp\/v2\/product_cat?post=22407"},{"taxonomy":"product_tag","embeddable":true,"href":"https:\/\/www.medienlb.com\/en\/wp-json\/wp\/v2\/product_tag?post=22407"}],"curies":[{"name":"wp","href":"https:\/\/api.w.org\/{rel}","templated":true}]}}