{"id":22401,"date":"2023-12-12T14:52:38","date_gmt":"2023-12-12T14:52:38","guid":{"rendered":"https:\/\/www.medienlb.com\/produkt\/pilze-artenauswahl\/"},"modified":"2024-02-14T15:01:55","modified_gmt":"2024-02-14T15:01:55","slug":"pilze-artenauswahl","status":"publish","type":"product","link":"https:\/\/www.medienlb.com\/en\/produkt\/pilze-artenauswahl\/","title":{"rendered":"Pilze &#8211; Artenauswahl"},"content":{"rendered":"<p>In unserem Arbeitsheft Biologie 7, Pilze &#8211; Artenauswahl finden Sie 50 interaktive und didaktisch aufbereitete Aufgaben.<br \/>\nDas Medium bietet H5P-Aufgaben an, die ohne zus\u00e4tzliche Software verwendbar sind. Das Medium enth\u00e4lt interaktive Videos und 50 H5P-Aufgaben zum Thema Pilze &#8211; Artenauswahl.\u00a0<br \/>\nDurch interaktive Aufgabentypen wird das audiovisuelle und interaktive Lernen einfach.<br \/>\nLernen macht jetzt Spa\u00df!<\/p>\n","protected":false},"excerpt":{"rendered":"<p>In unserem Arbeitsheft Biologie 7, Pilze &#8211; Artenauswahl finden Sie 50 interaktive und didaktisch aufbereitete Aufgaben.<\/p>\n","protected":false},"featured_media":18777,"template":"","meta":{"_acf_changed":false},"product_brand":[],"product_cat":[183],"product_tag":[155,88,126],"class_list":{"0":"post-22401","1":"product","2":"type-product","3":"status-publish","4":"has-post-thumbnail","6":"product_cat-interactive-workbook","7":"product_tag-old_image-2","8":"product_tag-subject-biology","9":"product_tag-target-sek-i-2","11":"first","12":"instock","13":"taxable","14":"shipping-taxable","15":"purchasable","16":"product-type-variable"},"acf":{"subtitle":"","article_id":"55501813","languages":"DE","thumb_up":false,"cover_image":null,"linked_product":null,"linked_products":null,"banner":{"show":false,"text":"","color":""},"length":"","content_movie":"","learning_goals":"","preview_gif":null,"trailer":{"file":null,"url":"","image":null},"mediathek_id":"","amount":50,"demo_url":"","h5p_demo_id":"","content_interactive":"1. Vielfalt der Pilze - Interaktives Video\n2. Kennzeichen und Bau der Pilze - Interaktives Video\n3. Die Fortpflanzung der Pilze - Interaktives Video\n4. Fortpflanzung der Pilze - Interaktives Video\n5. Pilze als Zersetzer - Interaktives Video\n6. Pilze - Gift und Medizin - Interaktiver L\u00fcckentext\n7. Pilze - 5 interaktive Aufgaben (1)\n8. Pilze - 5 interaktive Aufgaben (2)\n9. Pilze - Interaktive Aufgaben\n10. Pilzarten - Ziehe die Namen der Pilze auf die korrekten Bilder!\n11. Pilze - Bildauswahl\/Steckbriefe - Druckvorlagen\/Tafelbilder\n12. Beliebte Speisepilze erkennen (1)\n13. Ordne zu - Gift- oder Speisepilze (1)\n14. Der Fliegenpilz - Amanita muscari - Artenportr\u00e4t\n15. Gemeiner Steinpilz - Boletus edulis - Artenportr\u00e4t\n16. Krause Glucke - Sparassis crispa - Artenportr\u00e4t\n17. Wiesen-Champignon - Agaricus campestris - Artenportr\u00e4t\n18. Maronen-R\u00f6hrling - Imleria badia - Artenportr\u00e4t\n19. Parasolpilz - Macrolepiota procera - Artenportr\u00e4t\n20. Birkenpilz - Leccinum scabrum - Artenportr\u00e4t\n21. Br\u00e4tling - Lactarius volemus - Artenportr\u00e4t\n22. Bronze-R\u00f6hrling - Boletus aereus - Artenportr\u00e4t\n23. D\u00fcnnfleischiger Anischampignon - Agaricus silvicola - Artenportr\u00e4t\n24. Gr\u00fcnling - Tricholoma equestre - Artenportr\u00e4t\n25. Gemeine Stinkmorchel - Phallus impudicus - Artenportr\u00e4t\n26. Gr\u00fcner Knollenbl\u00e4tterpilz - Amanita phalloides - Artenportr\u00e4t\n27. Edelreizker; Blut-Reizker - Lactarius deliciosus - Artenportr\u00e4t\n28. Spitzgebuckelter Rauhkopf - Cortinarius rubellus - Artenportr\u00e4t\n29. Kahler Krempling - Paxillus involutus - Artenportr\u00e4t\n30. Satans-R\u00f6hrling - Rubroboletus satanas - Artenportr\u00e4t\n31. Fr\u00fchjahrs-Giftlorchel - Gyromitra esculenta - Artenportr\u00e4t\n32. Wei\u00dfer Rasling - Lyophyllum connatum - Artenportr\u00e4t\n33. Dickschaliger Kartoffelbovist - Scleroderma citrinum - Artenportr\u00e4t\n34. Sch\u00f6ngelber Klumpfu\u00df - Cortinarius splendens - Artenportr\u00e4t\n35. Buchen-Spei-T\u00e4ubling - Russula nobilis - Artenportr\u00e4t\n36. Blutroter Hautkopf - Cortinarius sanguineus - Artenportr\u00e4t\n37. Gift-H\u00e4ubling - Galerina marginata - Artenportr\u00e4t\n38. Flaschenst\u00e4ubling - Lycoperdon perlatum - Artenportr\u00e4t\n39. Frauent\u00e4ubling - Russula cyanoxantha - Artenportr\u00e4t\n40. Goldr\u00f6hrling - Suillus grevillei - Artenportr\u00e4t\n41. Habichtspilz - Sarcodon imbricatus - Artenportr\u00e4t\n42. Pfifferling - Cantharellus cibarius - Artenportr\u00e4t\n43. M\u00f6nchskopf - Clitocybe geotropa - Artenportr\u00e4t\n44. Herbst-Trompete - Craterellus cornucopioides - Artenportr\u00e4t\n45. Hainbuchenr\u00f6hrling - Leccinum carpini - Artenportr\u00e4t\n46. Judasohr - Auricularia auricula-judae - Artenportr\u00e4t\n47. Maipilz - Calocybe gambosa - Artenportr\u00e4t\n48. Schweinsohr; Purpurleistling - Gomphus clavatus - Artenportr\u00e4t\n49. Winterr\u00fcbling; Samtfu\u00dfr\u00fcbling - Flammulina velutipes - Artenportr\u00e4t\n50. Kennst Du diese Pilze - Ordne die Namen zu den Bildern","hide_numbers":true,"flyer":null,"info_columns":null},"_links":{"self":[{"href":"https:\/\/www.medienlb.com\/en\/wp-json\/wp\/v2\/product\/22401","targetHints":{"allow":["GET"]}}],"collection":[{"href":"https:\/\/www.medienlb.com\/en\/wp-json\/wp\/v2\/product"}],"about":[{"href":"https:\/\/www.medienlb.com\/en\/wp-json\/wp\/v2\/types\/product"}],"wp:featuredmedia":[{"embeddable":true,"href":"https:\/\/www.medienlb.com\/en\/wp-json\/wp\/v2\/media\/18777"}],"wp:attachment":[{"href":"https:\/\/www.medienlb.com\/en\/wp-json\/wp\/v2\/media?parent=22401"}],"wp:term":[{"taxonomy":"product_brand","embeddable":true,"href":"https:\/\/www.medienlb.com\/en\/wp-json\/wp\/v2\/product_brand?post=22401"},{"taxonomy":"product_cat","embeddable":true,"href":"https:\/\/www.medienlb.com\/en\/wp-json\/wp\/v2\/product_cat?post=22401"},{"taxonomy":"product_tag","embeddable":true,"href":"https:\/\/www.medienlb.com\/en\/wp-json\/wp\/v2\/product_tag?post=22401"}],"curies":[{"name":"wp","href":"https:\/\/api.w.org\/{rel}","templated":true}]}}