{"id":22395,"date":"2023-12-12T14:52:47","date_gmt":"2023-12-12T14:52:47","guid":{"rendered":"https:\/\/www.medienlb.com\/produkt\/schwerpunkt-umwelt\/"},"modified":"2024-02-14T15:01:48","modified_gmt":"2024-02-14T15:01:48","slug":"schwerpunkt-umwelt","status":"publish","type":"product","link":"https:\/\/www.medienlb.com\/en\/produkt\/schwerpunkt-umwelt\/","title":{"rendered":"Schwerpunkt Umwelt"},"content":{"rendered":"<p>In unserem Arbeitsheft Englisch 9, Vol.1 &#8211; Schwerpunkt Umwelt finden Sie 50 interaktive und didaktisch aufbereitete Aufgaben.<br \/>\nDas Medium bietet H5P-Aufgaben an, die ohne zus\u00e4tzliche Software verwendbar sind. Das Medium enth\u00e4lt interaktive Videos und 50 H5P-Aufgaben zum Themenschwerpunkt Umwelt.\u00a0<br \/>\nDurch interaktive Aufgabentypen wird das audiovisuelle und interaktive Lernen einfach.<br \/>\nLernen macht jetzt Spa\u00df!<\/p>\n","protected":false},"excerpt":{"rendered":"<p>In unserem Arbeitsheft Englisch 9, Vol.1 &#8211; Schwerpunkt Umwelt finden Sie 50 interaktive und didaktisch aufbereitete Aufgaben.<\/p>\n","protected":false},"featured_media":18791,"template":"","meta":{"_acf_changed":false},"product_brand":[],"product_cat":[183],"product_tag":[155,124,126],"class_list":{"0":"post-22395","1":"product","2":"type-product","3":"status-publish","4":"has-post-thumbnail","6":"product_cat-interactive-workbook","7":"product_tag-old_image-2","8":"product_tag-subject-english","9":"product_tag-target-sek-i-2","11":"first","12":"instock","13":"taxable","14":"shipping-taxable","15":"purchasable","16":"product-type-variable"},"acf":{"subtitle":"","article_id":"55501334","languages":"DE","thumb_up":false,"cover_image":null,"linked_product":null,"linked_products":null,"banner":{"show":false,"text":"","color":""},"length":"","content_movie":"","learning_goals":"","preview_gif":null,"trailer":{"file":null,"url":"","image":null},"mediathek_id":"","amount":50,"demo_url":"","h5p_demo_id":"","content_interactive":"1. Finde und markiere die unregelm\u00e4\u00dfigen Verben! (5 Min.) (2)\n2. Setze unregelm\u00e4\u00dfige Verben ins Simple Past & Past Participle (1)\n3. Setze unregelm\u00e4\u00dfige Verben ins Simple Past & Past Participle (2)\n4. Setze unregelm\u00e4\u00dfige Verben ins Simple Past & Past Participle (3)\n5. Unregelm\u00e4\u00dfige Verben \u00fcbersetzen und konjugieren (1)\n6. Unregelm\u00e4\u00dfige Verben \u00fcbersetzen und konjugieren (2)\n7. Unregelm\u00e4\u00dfige Verben \u00fcbersetzen und konjugieren (3)\n8. Unregelm\u00e4\u00dfige Verben \u00fcbersetzen und konjugieren (4)\n9. Ordne zu - Infinitiv; Simple Past oder Past Participle (1)\n10. Ordne zu - Infinitiv; Simple Past oder Past Participle (2)\n11. Verwende Simple Present oder will-future - Interaktive Aufgabe\n12. Historical and Political Importance of London - mit Audio (1)\n13. The Tudor Dynasty - Video (2)\n14. London after the Tudor Dynasty - Video\n15. B\u00e4ume im Wald \u2013 Englisch \u2013 Kreuzwortr\u00e4tsel\n16. Teile des Autos \u2013 Englisch \u2013 Kreuzwortr\u00e4tsel\n17. Gem\u00fcse und Gew\u00fcrze \u2013 Englisch \u2013 Kreuzwortr\u00e4tsel\n18. In der Landschaft \u2013 Englisch \u2013 Kreuzwortr\u00e4tsel\n19. \u00dcbersetze die Begriffe aus der Landschaft ins Englische\n20. Thema Umwelt - Vokabeltraining (1)\n21. Thema Umwelt - Vokabeltraining (2)\n22. Thema Umwelt - Vokabeltraining (3)\n23. Thema Umwelt - Vokabeltraining (4)\n24. Thema Umwelt - Vokabeltraining (5)\n25. Thema Umwelt - Vokabeltraining (6)\n26. Thema Umwelt - Vokabeltraining (7)\n27. Thema Umwelt - Vokabeltraining (8)\n28. Thema Umwelt - Vokabeltraining (9)\n29. Thema Umwelt - Vokabeltraining (10)\n30. Thema Umwelt - Vokabeltraining (11)\n31. Thema Umwelt - Vokabeltraining (12)\n32. Energy Consumption in Germany\n33. Wind Energy \u2013 Effect and Sources\n34. Wind Energy \u2013 History\n35. Humans and Energy Consumption\n36. Solar Energy and Radiation\n37. Translation: Solar Energy in Everyday Life\n38. Interpretation: The Sun as a Nuclear Fusion Power Plant\n39. Conversion of Solar Energy\n40. Conversion of Solar Energy - Interaktiver L\u00fcckentext\n41. Water \u2013 a Very Special Element\n42. Water \u2013 a Very Special Element - Interaktiver L\u00fcckentext\n43. A Modern Hydropower Station\n44. A Modern Hydropower Station - Interaktiver L\u00fcckentext (1)\n45. What is a Rainforest? - Video\n46. What is a Rainforest? - Interaktiver L\u00fcckentext (1)\n47. What is a Rainforest? - Interaktiver L\u00fcckentext (2)\n48. What is a Rainforest? - Interaktiver L\u00fcckentext (3)\n49. Umwelt - Englisch - Dictation\n50. Finde die zehn W\u00f6rter aus dem Bereich Umwelt","hide_numbers":true,"flyer":null,"info_columns":null},"_links":{"self":[{"href":"https:\/\/www.medienlb.com\/en\/wp-json\/wp\/v2\/product\/22395","targetHints":{"allow":["GET"]}}],"collection":[{"href":"https:\/\/www.medienlb.com\/en\/wp-json\/wp\/v2\/product"}],"about":[{"href":"https:\/\/www.medienlb.com\/en\/wp-json\/wp\/v2\/types\/product"}],"wp:featuredmedia":[{"embeddable":true,"href":"https:\/\/www.medienlb.com\/en\/wp-json\/wp\/v2\/media\/18791"}],"wp:attachment":[{"href":"https:\/\/www.medienlb.com\/en\/wp-json\/wp\/v2\/media?parent=22395"}],"wp:term":[{"taxonomy":"product_brand","embeddable":true,"href":"https:\/\/www.medienlb.com\/en\/wp-json\/wp\/v2\/product_brand?post=22395"},{"taxonomy":"product_cat","embeddable":true,"href":"https:\/\/www.medienlb.com\/en\/wp-json\/wp\/v2\/product_cat?post=22395"},{"taxonomy":"product_tag","embeddable":true,"href":"https:\/\/www.medienlb.com\/en\/wp-json\/wp\/v2\/product_tag?post=22395"}],"curies":[{"name":"wp","href":"https:\/\/api.w.org\/{rel}","templated":true}]}}