{"id":22377,"date":"2023-12-12T14:53:18","date_gmt":"2023-12-12T14:53:18","guid":{"rendered":"https:\/\/www.medienlb.com\/produkt\/webdesign-mit-html-5-und-css\/"},"modified":"2024-02-14T15:01:28","modified_gmt":"2024-02-14T15:01:28","slug":"webdesign-mit-html-5-und-css","status":"publish","type":"product","link":"https:\/\/www.medienlb.com\/en\/produkt\/webdesign-mit-html-5-und-css\/","title":{"rendered":"Webdesign mit HTML 5 und CSS"},"content":{"rendered":"<p>In unserem Arbeitsheft Informatik 7-8, Volume 2 &#8211; Webdesign mit HTML 5 und CSS finden Sie 50 interaktive und didaktisch aufbereitete Aufgaben.<br \/>\nDas Medium bietet H5P-Aufgaben an, die ohne zus\u00e4tzliche Software verwendbar sind. Das Medium enth\u00e4lt\u00a050 H5P-Aufgaben zum Thema Webdesign mit HTML 5 und CSS.\u00a0<br \/>\nDurch interaktive Aufgabentypen wird das audiovisuelle und interaktive Lernen einfach.<br \/>\nLernen macht jetzt Spa\u00df!<\/p>\n","protected":false},"excerpt":{"rendered":"<p>In unserem Arbeitsheft Informatik 7-8, Volume 2 &#8211; Webdesign mit HTML 5 und CSS finden Sie 50 interaktive und didaktisch aufbereitete Aufgaben.<\/p>\n","protected":false},"featured_media":18834,"template":"","meta":{"_acf_changed":false},"product_brand":[],"product_cat":[183],"product_tag":[155,157,106,126],"class_list":{"0":"post-22377","1":"product","2":"type-product","3":"status-publish","4":"has-post-thumbnail","6":"product_cat-interactive-workbook","7":"product_tag-old_image-2","8":"product_tag-subject-informatik-2","9":"product_tag-subject-technology","10":"product_tag-target-sek-i-2","12":"first","13":"instock","14":"taxable","15":"shipping-taxable","16":"purchasable","17":"product-type-variable"},"acf":{"subtitle":"","article_id":"55501578","languages":"DE","thumb_up":false,"cover_image":null,"linked_product":null,"linked_products":null,"banner":{"show":false,"text":"","color":""},"length":"","content_movie":"","learning_goals":"","preview_gif":null,"trailer":{"file":null,"url":"","image":null},"mediathek_id":"","amount":50,"demo_url":"","h5p_demo_id":"","content_interactive":"1. Die CSS-Syntax - Interaktive Wissensvermittlung\n2. Die CSS-Elemente (CSS-selectors) - Interaktive Wissensvermittlung\n3. Wie binde ich CSS ein? - Interaktive Wissensvermittlung\n4. Multiple Style Sheets - Interaktive Wissensvermittlung\n5. Kaskadierende Reihenfolge - Interaktive Wissensvermittlung\n6. Externes Stylesheet einbinden - Aufgabe 1\n7. Hintergundfarbe \u00e4ndern - Aufgabe 2\n8. Hintergundfarbe \u00e4ndern mit Inline-CSS - Aufgabe 3\n9. Styles aus einer HTML-Seite entfernen - Aufgabe 4\n10. Anzeige eines Hintergundbildes \u00e4ndern - Aufgabe 5\n11. L\u00f6sungen f\u00fcr die Aufgaben 1 - 5 - F\u00fcr Lehrkr\u00e4fte\n12. CSS-Anweisungen richtig zuordnen (1)\n13. Entscheide \u00fcber die Auswirkung von css-Anweisungen (1)\n14. Beantworte die folgenden allgemeinen Fragen zu CSS (1)\n15. Beantworte die folgenden allgemeinen Fragen zu CSS (2)\n16. Beantworte die folgenden allgemeinen Fragen zu CSS (3)\n17. Beantworte die folgenden allgemeinen Fragen zu CSS (4)\n18. Beantworte die folgenden allgemeinen Fragen zu CSS (5)\n19. CSS-Elemente \u00e4ndern - Aufgabe 1a\n20. CSS-Elemente \u00e4ndern - Aufgabe 2a\n21. CSS-Elemente \u00e4ndern - Aufgabe 3a\n22. CSS-Elemente \u00e4ndern - Aufgabe 4a\n23. CSS-Elemente \u00e4ndern - Aufgabe 5a\n24. L\u00f6sungen f\u00fcr die Aufgaben 1a - 5a - F\u00fcr Lehrkr\u00e4fte\n25. CSS Backgrounds (background-color) - Interaktive Wissensvermittlung\n26. CSS Opacity (Transparenz) - Interaktive Wissensvermittlung\n27. CSS Hintergrundbild- Interaktive Wissensvermittlung\n28. CSS background-shorthand - Interaktive Wissensvermittlung\n29. CSS background-attachment - Interaktive Wissensvermittlung\n30. CSS-background \u00e4ndern - Aufgabe 6a\n31. CSS-background \u00e4ndern - Aufgabe 7a\n32. CSS-background \u00e4ndern - Aufgabe 8a\n33. CSS-background \u00e4ndern - Aufgabe 9a\n34. CSS-background \u00e4ndern - Aufgabe 10a\n35. L\u00f6sungen f\u00fcr die Aufgaben 6a - 10a - F\u00fcr Lehrkr\u00e4fte\n36. CSS border-Eigenschaften - Interaktive Wissensvermittlung\n37. CSS border-width - Interaktive Wissensvermittlung\n38. CSS border-color - Interaktive Wissensvermittlung\n39. CSS border individuell - Interaktive Wissensvermittlung\n40. L\u00f6sungen f\u00fcr die Aufgaben 11a - 15a - F\u00fcr Lehrkr\u00e4fte\n41. CSS border-shorthand - Interaktive Wissensvermittlung\n42. CSS gerundete R\u00e4nder - Interaktive Wissensvermittlung\n43. Alle CSS Border-Properties - Interaktive Wissensvermittlung\n44. CSS multiple background-size - Interaktive Wissensvermittlung\n45. CSS full Size background-image - Interaktive Wissensvermittlung\n46. CSS-border-Eigenschaften - Aufgabe 11a\n47. CSS-border-Eigenschaften - Aufgabe 12a\n48. CSS-border-Eigenschaften - Aufgabe 13a\n49. CSS-border-Eigenschaften - Aufgabe 14a\n50. CSS-diverse Eigenschaften - Aufgabe 15a","hide_numbers":true,"flyer":null,"info_columns":null},"_links":{"self":[{"href":"https:\/\/www.medienlb.com\/en\/wp-json\/wp\/v2\/product\/22377","targetHints":{"allow":["GET"]}}],"collection":[{"href":"https:\/\/www.medienlb.com\/en\/wp-json\/wp\/v2\/product"}],"about":[{"href":"https:\/\/www.medienlb.com\/en\/wp-json\/wp\/v2\/types\/product"}],"wp:featuredmedia":[{"embeddable":true,"href":"https:\/\/www.medienlb.com\/en\/wp-json\/wp\/v2\/media\/18834"}],"wp:attachment":[{"href":"https:\/\/www.medienlb.com\/en\/wp-json\/wp\/v2\/media?parent=22377"}],"wp:term":[{"taxonomy":"product_brand","embeddable":true,"href":"https:\/\/www.medienlb.com\/en\/wp-json\/wp\/v2\/product_brand?post=22377"},{"taxonomy":"product_cat","embeddable":true,"href":"https:\/\/www.medienlb.com\/en\/wp-json\/wp\/v2\/product_cat?post=22377"},{"taxonomy":"product_tag","embeddable":true,"href":"https:\/\/www.medienlb.com\/en\/wp-json\/wp\/v2\/product_tag?post=22377"}],"curies":[{"name":"wp","href":"https:\/\/api.w.org\/{rel}","templated":true}]}}