{"id":22338,"date":"2023-12-12T14:54:20","date_gmt":"2023-12-12T14:54:20","guid":{"rendered":"https:\/\/www.medienlb.com\/produkt\/wortschatz\/"},"modified":"2024-02-14T15:00:44","modified_gmt":"2024-02-14T15:00:44","slug":"wortschatz","status":"publish","type":"product","link":"https:\/\/www.medienlb.com\/en\/produkt\/wortschatz\/","title":{"rendered":"Wortschatz"},"content":{"rendered":"<p>In unserem Arbeitsheft Franz\u00f6sisch 5\/6, Vol. 1 &#8211; Wortschatz finden Sie 50 interaktive und didaktisch aufbereitete Aufgaben.<br \/>\nDas Medium bietet H5P-Aufgaben an, die ohne zus\u00e4tzliche Software verwendbar sind. Das Medium enth\u00e4lt 50 H5P-Aufgaben zum Thema Wortschatz.\u00a0<br \/>\nDurch interaktive Aufgabentypen wird das audiovisuelle und interaktive Lernen einfach.<br \/>\nLernen macht jetzt Spa\u00df!<\/p>\n","protected":false},"excerpt":{"rendered":"<p>In unserem Arbeitsheft Franz\u00f6sisch 5\/6, Vol. 1 &#8211; Wortschatz finden Sie 50 interaktive und didaktisch aufbereitete Aufgaben.<\/p>\n","protected":false},"featured_media":18924,"template":"","meta":{"_acf_changed":false},"product_brand":[],"product_cat":[183],"product_tag":[155,153,126],"class_list":{"0":"post-22338","1":"product","2":"type-product","3":"status-publish","4":"has-post-thumbnail","6":"product_cat-interactive-workbook","7":"product_tag-old_image-2","8":"product_tag-subject-foreign-language","9":"product_tag-target-sek-i-2","11":"first","12":"instock","13":"taxable","14":"shipping-taxable","15":"purchasable","16":"product-type-variable"},"acf":{"subtitle":"","article_id":"55501329","languages":"FR","thumb_up":false,"cover_image":null,"linked_product":null,"linked_products":null,"banner":{"show":false,"text":"","color":""},"length":"","content_movie":"","learning_goals":"","preview_gif":null,"trailer":{"file":null,"url":"","image":null},"mediathek_id":"","amount":50,"demo_url":"","h5p_demo_id":"","content_interactive":"1. Ordne die Farben korrekt zu! - Franz\u00f6sisch - Interaktive Aufgabe\n2. Ordne die Zahlen 1-10 korrekt zu! - Franz\u00f6sisch - Interaktive Aufgabe\n3. Ordne die Zahlen 11-20 korrekt zu! - Franz\u00f6sisch - Interaktive Aufgabe\n4. Ordne die Zahlen 10er bis 100 zu! - Franz\u00f6sisch - Interaktive Aufgabe\n5. Ordne die Namen der Tiere zu! - Franz\u00f6sisch - Interaktive Aufgabe (1)\n6. Ordne die Namen der Tiere zu! - Franz\u00f6sisch - Interaktive Aufgabe (2)\n7. Berechne und ordne die Ergebnisse zu! - Franz\u00f6sisch - 10 Aufgaben (1)\n8. Berechne und ordne die Ergebnisse zu! - Franz\u00f6sisch - 10 Aufgaben (2)\n9. Ordne die K\u00f6rperteile korrekt zu! - Franz\u00f6sisch - Interaktive Aufgabe\n10. Reihenfolge der Monate - Franz\u00f6sisch - Interaktive Aufgabe\n11. Ordne die Kleidung korrekt zu! - Franz\u00f6sisch - Interaktive Aufgabe\n12. Ordne die Obstsorten korrekt zu! - Franz\u00f6sisch - Interaktive Aufgabe (1)\n13. Ordne die Obstsorten korrekt zu! - Franz\u00f6sisch - Interaktive Aufgabe (2)\n14. Ordne die Gem\u00fcsesorten korrekt zu! - Franz\u00f6sisch - Interaktive Aufgabe\n15. Vokabeln kennen und schreiben - Franz\u00f6sisch Bildaufgaben (1)\n16. Vokabeln kennen und schreiben - Franz\u00f6sisch Bildaufgaben (2)\n17. Schreibe Zahlen in Zahlw\u00f6rtern - Franz\u00f6sisch (1)\n18. Schreibe Zahlen in Zahlw\u00f6rtern - Franz\u00f6sisch (2)\n19. Finde die W\u00f6rter der Zahlen 0-10 in Franz\u00f6sisch\n20. Finde die 10 W\u00f6rter der Zahlen in Franz\u00f6sisch - ZR <100\n21. Rechnen mit Zahlen in Zahlw\u00f6rtern - Franz\u00f6sisch (1)\n22. Rechnen mit Zahlen in Zahlw\u00f6rtern - Franz\u00f6sisch (2)\n23. Setze den bestimmten Artikel (1)\n24. Setze die Artikel wie angegeben vor die Substantive (1)\n25. Setze die Artikel wie angegeben vor die Substantive (2)\n26. Setze die Substantive in den Plural (1)\n27. Setze die Substantive in den Plural (2)\n28. Vokabeltraining mit Audio - 20 Substantive Franz\u00f6sisch - Deutsch (1)\n29. Vokabeltraining mit Audio - 20 Substantive Franz\u00f6sisch - Deutsch (2)\n30. Vokabeltraining mit Audio - 20 Substantive Franz\u00f6sisch - Deutsch (3)\n31. Konjugiere Verben mit der Endung -er im Pr\u00e4sens (1)\n32. Konjugiere Verben mit der Endung -er im Pr\u00e4sens (2)\n33. Konjugiere Verben mit der Endung -ir im Pr\u00e4sens (1)\n34. Konjugiere Verben mit der Endung -ir im Pr\u00e4sens (2)\n35. Konjugiere Verben mit der Endung -dre im Pr\u00e4sens\n36. Konjugiere das Verb avoir im Pr\u00e4sens\n37. Das Verb \u00eatre und seine Konjugation - Finde die Bildpaare\n38. Das Verb aller und seine Konjugation - Finde die Bildpaare\n39. Konjugation der unregelm\u00e4\u00dfigen Verben ouvrir; boire; voir; venir\n40. Konjugation der unregelm\u00e4\u00dfigen Verben \u00e9crire; dire; lire\n41. Konjugation der unregelm\u00e4\u00dfigen Verben savoir; pouvoir; vouloir\n42. Konjugation wichtiger Verben (1)\n43. Konjugation wichtiger Verben (2)\n44. Finde die Verbformen der 2. Person Sing.(tu) - Wortgitter\n45. Vokabeltraining mit Audio - 20 Verben Franz\u00f6sisch - Deutsch (1)\n46. Vokabeltraining mit Audio - 20 Verben Franz\u00f6sisch - Deutsch (2)\n47. Uhrzeit und Datum - Ordne die passende \u00dcbersetzung zu.\n48. \u00dcbersetze und schreibe die Zeit- und Datumsangaben (1)\n49. \u00dcbersetze und schreibe die Zeit- und Datumsangaben (2)\n50. Diktat: Datum und Uhrzeit mit Audiodateien","hide_numbers":true,"flyer":null,"info_columns":null},"_links":{"self":[{"href":"https:\/\/www.medienlb.com\/en\/wp-json\/wp\/v2\/product\/22338","targetHints":{"allow":["GET"]}}],"collection":[{"href":"https:\/\/www.medienlb.com\/en\/wp-json\/wp\/v2\/product"}],"about":[{"href":"https:\/\/www.medienlb.com\/en\/wp-json\/wp\/v2\/types\/product"}],"wp:featuredmedia":[{"embeddable":true,"href":"https:\/\/www.medienlb.com\/en\/wp-json\/wp\/v2\/media\/18924"}],"wp:attachment":[{"href":"https:\/\/www.medienlb.com\/en\/wp-json\/wp\/v2\/media?parent=22338"}],"wp:term":[{"taxonomy":"product_brand","embeddable":true,"href":"https:\/\/www.medienlb.com\/en\/wp-json\/wp\/v2\/product_brand?post=22338"},{"taxonomy":"product_cat","embeddable":true,"href":"https:\/\/www.medienlb.com\/en\/wp-json\/wp\/v2\/product_cat?post=22338"},{"taxonomy":"product_tag","embeddable":true,"href":"https:\/\/www.medienlb.com\/en\/wp-json\/wp\/v2\/product_tag?post=22338"}],"curies":[{"name":"wp","href":"https:\/\/api.w.org\/{rel}","templated":true}]}}