{"id":22287,"date":"2023-12-12T14:55:38","date_gmt":"2023-12-12T14:55:38","guid":{"rendered":"https:\/\/www.medienlb.com\/produkt\/3-jahrgangsstufe-vol-2\/"},"modified":"2024-02-14T14:59:46","modified_gmt":"2024-02-14T14:59:46","slug":"3-jahrgangsstufe-vol-2","status":"publish","type":"product","link":"https:\/\/www.medienlb.com\/en\/produkt\/3-jahrgangsstufe-vol-2\/","title":{"rendered":"3. Jahrgangsstufe, Vol. 2"},"content":{"rendered":"<p>F\u00fcr den Unterrichtempfohlen<\/p>\n<p>In unserem Arbeitsheft Mathematik, Grundschule, 3. Jahrgangsstufe, Vol. 2 finden Sie 50 interaktive und didaktisch aufbereitete Aufgaben.<\/p>\n<p>Das Medium bietet H5P-Aufgaben an, die ohne zus\u00e4tzliche Software verwendbar sind. Das Medium enth\u00e4lt\u00a050 H5P-Aufgaben zum Thema Mathematik.\u00a0<br \/>\nDurch interaktive Aufgabentypen wird das audiovisuelle und interaktive Lernen einfach.<br \/>\nLernen macht jetzt Spa\u00df!<\/p>\n","protected":false},"excerpt":{"rendered":"<p>F\u00fcr den Unterrichtempfohlen<\/p>\n","protected":false},"featured_media":19043,"template":"","meta":{"_acf_changed":false},"product_brand":[],"product_cat":[183],"product_tag":[155,100,144],"class_list":{"0":"post-22287","1":"product","2":"type-product","3":"status-publish","4":"has-post-thumbnail","6":"product_cat-interactive-workbook","7":"product_tag-old_image-2","8":"product_tag-subject-mathematics","9":"product_tag-target-lehrer-2","11":"first","12":"instock","13":"taxable","14":"shipping-taxable","15":"purchasable","16":"product-type-variable"},"acf":{"subtitle":"","article_id":"55500949","languages":"DE","thumb_up":true,"cover_image":null,"linked_product":null,"linked_products":null,"banner":{"show":false,"text":"","color":""},"length":"","content_movie":"","learning_goals":"","preview_gif":null,"trailer":{"file":null,"url":"","image":null},"mediathek_id":"","amount":50,"demo_url":"","h5p_demo_id":"","content_interactive":"1. Schriftliche Addition bis 500 - 3 interaktive Aufgaben (1)\n2. Schriftliche Addition bis 500 - 3 interaktive Aufgaben (2)\n3. Schriftliche Addition bis 500 - 3 interaktive Aufgaben (3)\n4. Schriftliche Addition bis 500 - 3 interaktive Aufgaben (4)\n5. Schriftliche Addition bis 500 - 3 interaktive Aufgaben (5)\n6. Schriftliche Subtraktion bis 500 - 3 interaktive Aufgaben (1)\n7. Schriftliche Subtraktion bis 500 - 3 interaktive Aufgaben (2)\n8. Schriftliche Subtraktion bis 500 - 3 interaktive Aufgaben (3)\n9. Schriftliche Subtraktion bis 500 - 3 interaktive Aufgaben (4)\n10. Schriftliche Subtraktion bis 500 - 3 interaktive Aufgaben (5)\n11. 10 Zahlenkarten zuordnen - Multiplikation\/Ergebnis\n12. Multiplikationsaufgaben - Zerlege! - 5 interaktive Aufgaben (1)\n13. Multiplikationsaufgaben - Zerlege! - 5 interaktive Aufgaben (2)\n14. Multiplikationsaufgaben - Zerlege! - 5 interaktive Aufgaben (3)\n15. Divisionsaufgaben - Ordne zu! - 14 interaktive Aufgaben (1)\n16. Divisionsaufgaben - Ordne zu! - 14 interaktive Aufgaben (2)\n17. Addieren - Markiere die Aufgaben mit den falschen Ergebnissen!\n18. Subtrahieren - Markiere die Aufgaben mit den falschen Ergebnissen!\n19. Ordne die 10 Geldbetr\u00e4ge der Gr\u00f6\u00dfe nach!\n20. Ordne gleiche Geldbetr\u00e4ge zu! - 24 Geldbetr\u00e4ge\n21. Ordne gleiche L\u00e4ngenangaben zu! - 24 L\u00e4ngenangaben\n22. Ordne die 10 L\u00e4ngenangaben der Gr\u00f6\u00dfe nach!\n23. Ordne die 12 L\u00e4ngenangaben der Gr\u00f6\u00dfe nach! (2)\n24. Ordne die 10 Gewichtsangaben der Gr\u00f6\u00dfe nach!\n25. Ordne gleiche Gewichtsangaben zu! - 20 Gewichtsangaben\n26. Kopfrechnen (1) - Aufgaben zur Addition bis 500\n27. Kopfrechnen (2) - Aufgaben zur Addition bis 500\n28. Kopfrechnen (1*) - Aufgaben zur Addition bis 500\n29. Kopfrechnen (2*) - Aufgaben zur Addition bis 500\n30. Kopfrechnen (1**) - Aufgaben zur Addition bis 1000\n31. Kopfrechnen (2**) - Aufgaben zur Addition bis 1000\n32. Kopfrechnen (1) - Aufgaben zur Subtraktion bis 500\n33. Kopfrechnen (2) - Aufgaben zur Subtraktion bis 500\n34. Kopfrechnen (1**) - Aufgaben zur Subtraktion bis 500\n35. Kopfrechnen (2**) - Aufgaben zur Subtraktion bis 500\n36. Kopfrechnen (1) - Aufgaben zur Subtraktion bis 1000\n37. Kopfrechnen (2) - Aufgaben zur Subtraktion bis 1000\n38. Kopfrechnen (1) - Aufgaben zur Multiplikation bis 100 (1000)\n39. Kopfrechnen (2) - Aufgaben zur Multiplikation bis 100 (1000)\n40. Kopfrechnen (3) - Aufgaben zur Multiplikation bis 100 (1000)\n41. Kopfrechnen (1**) - Aufgaben zur Multiplikation bis 100 (1000)\n42. Kopfrechnen (2**) - Aufgaben zur Multiplikation bis 100 (1000)\n43. Kopfrechnen (3**) - Aufgaben zur Multiplikation bis 100 (1000)\n44. Kopfrechnen (1***) - Aufgaben zur Multiplikation bis 100 (1000)\n45. Kopfrechnen (1) - Aufgaben zur Division bis 100\n46. Kopfrechnen (2) - Aufgaben zur Division bis 100\n47. Kopfrechnen (1) - Aufgaben zur Division bis 500\n48. Kopfrechnen (2) - Aufgaben zur Division bis 500\n49. Kopfrechnen (1**) - Aufgaben zur Division bis 500\n50. Kopfrechnen (1***) - Aufgaben zur Division bis 1000","hide_numbers":true,"flyer":null,"info_columns":null},"_links":{"self":[{"href":"https:\/\/www.medienlb.com\/en\/wp-json\/wp\/v2\/product\/22287","targetHints":{"allow":["GET"]}}],"collection":[{"href":"https:\/\/www.medienlb.com\/en\/wp-json\/wp\/v2\/product"}],"about":[{"href":"https:\/\/www.medienlb.com\/en\/wp-json\/wp\/v2\/types\/product"}],"wp:featuredmedia":[{"embeddable":true,"href":"https:\/\/www.medienlb.com\/en\/wp-json\/wp\/v2\/media\/19043"}],"wp:attachment":[{"href":"https:\/\/www.medienlb.com\/en\/wp-json\/wp\/v2\/media?parent=22287"}],"wp:term":[{"taxonomy":"product_brand","embeddable":true,"href":"https:\/\/www.medienlb.com\/en\/wp-json\/wp\/v2\/product_brand?post=22287"},{"taxonomy":"product_cat","embeddable":true,"href":"https:\/\/www.medienlb.com\/en\/wp-json\/wp\/v2\/product_cat?post=22287"},{"taxonomy":"product_tag","embeddable":true,"href":"https:\/\/www.medienlb.com\/en\/wp-json\/wp\/v2\/product_tag?post=22287"}],"curies":[{"name":"wp","href":"https:\/\/api.w.org\/{rel}","templated":true}]}}