{"id":22266,"date":"2023-12-12T14:56:10","date_gmt":"2023-12-12T14:56:10","guid":{"rendered":"https:\/\/www.medienlb.com\/produkt\/rationale-zahlen-masseinheiten-anteile\/"},"modified":"2024-02-14T14:59:20","modified_gmt":"2024-02-14T14:59:20","slug":"rationale-zahlen-masseinheiten-anteile","status":"publish","type":"product","link":"https:\/\/www.medienlb.com\/en\/produkt\/rationale-zahlen-masseinheiten-anteile\/","title":{"rendered":"Rationale Zahlen, Ma\u00dfeinheiten &amp; Anteile"},"content":{"rendered":"<p>In unserem Arbeitsheft Mathematik 5, Vol. 1 &#8211; Rationale Zahlen, Ma\u00dfeinheiten &amp; Anteile finden Sie 50 interaktive und didaktisch aufbereitete Aufgaben.<\/p>\n<p>Das Medium bietet H5P-Aufgaben an, die ohne zus\u00e4tzliche Software verwendbar sind. Das Medium enth\u00e4lt interaktive Videos und 50 H5P-Aufgaben zu den Themen: Rationale Zahlen, Ma\u00dfeinheiten &amp; Anteile.\u00a0<br \/>\nDurch interaktive Aufgabentypen wird das audiovisuelle und interaktive Lernen einfach.<br \/>\nLernen macht jetzt Spa\u00df!\u00a0<\/p>\n","protected":false},"excerpt":{"rendered":"<p>In unserem Arbeitsheft Mathematik 5, Vol. 1 &#8211; Rationale Zahlen, Ma\u00dfeinheiten &amp; Anteile finden Sie 50 interaktive und didaktisch aufbereitete Aufgaben.<\/p>\n","protected":false},"featured_media":19092,"template":"","meta":{"_acf_changed":false},"product_brand":[],"product_cat":[183],"product_tag":[155,100,144],"class_list":{"0":"post-22266","1":"product","2":"type-product","3":"status-publish","4":"has-post-thumbnail","6":"product_cat-interactive-workbook","7":"product_tag-old_image-2","8":"product_tag-subject-mathematics","9":"product_tag-target-lehrer-2","11":"first","12":"instock","13":"taxable","14":"shipping-taxable","15":"purchasable","16":"product-type-variable"},"acf":{"subtitle":"","article_id":"55501323","languages":"DE","thumb_up":false,"cover_image":null,"linked_product":null,"linked_products":null,"banner":{"show":false,"text":"","color":""},"length":"","content_movie":"","learning_goals":"","preview_gif":null,"trailer":{"file":null,"url":"","image":null},"mediathek_id":"","amount":50,"demo_url":"","h5p_demo_id":"","content_interactive":"1. Vorg\u00e4nger-Nachfolger angeben - 22 Interaktive Aufgaben\n2. Kleiner <> Gr\u00f6\u00dfer angeben - Interaktive Aufgaben\n3. Gro\u00dfe Zahlen in Ziffern und Worten\n4. Schreibe Zahlen in Worten - Interaktive Wissensvermittlung\n5. Zahlenpyramiden (4 Reihen) - ZR 1000 (1)\n6. Zahlenpyramiden (4 Reihen) - ZR 1000 (2)\n7. Zahlenpyramiden (4 Reihen) - ZR 1000 (3)\n8. Zahlenpyramiden (4 Reihen) - ZR 1000 (4)\n9. Zahlenpyramiden (4 Reihen) - ZR 1000 (5)\n10. Zahlenstrahl ablesen - 3 interaktive Aufgaben \n11. Zahlenstrahl Ablesen - ZR 100 000 - 4 interaktive Aufgaben \n12. Bestimme markierte Punkte am Zahlenstrahl - 5 interaktive Aufgaben \n13. Schriftliche Division - ZR 100.000 - 5 Interaktive Aufgabenbl\u00f6cke \n14. Methode: Ein Liniendiagramm erstellen \n15. Werte ins Liniendiagramm eintragen \n16. Runde die Zahlen - Interaktive Aufgaben \n17. Runden von Zahlen - 4 interaktive Aufgaben \n18. Gewichte in verschiedenen Einheiten - 3 interaktive Aufgaben \n19. Ma\u00dfeinheiten - Gewichtsangaben - 8 interaktive Aufgaben \n20. L\u00e4ngenangaben in verschiedenen Einheiten - 3 interaktive Aufgaben \n21. Ma\u00dfeinheiten - L\u00e4ngenma\u00dfe - 8 interaktive Aufgaben \n22. Hohlma\u00dfe in verschiedenen Einheiten - 3 interaktive Aufgaben \n23. Ma\u00dfeinheiten - Hohlma\u00dfe - 8 interaktive Aufgaben \n24. Zeitangaben in verschiedenen Einheiten - 3 interaktive Aufgaben \n25. Ma\u00dfeinheiten - Zeitangaben - 8 interaktive Aufgaben\n26. R\u00f6mische Zahlzeichen umwandeln - 5 interaktive Aufgaben \n27. R\u00f6mische Zahlzeichen umwandeln - 8 interaktive Aufgaben \n28. Quadratzahlen bis 20 & Ergebnis - Finde die 10 passenden Bildpaare \n30. Dividieren von rationalen Zahlen - 5 interaktive Aufgaben 30. Multiplizieren von rationalen Zahlen - 5 interaktive Aufgaben \n31. Multiplizieren & Dividieren von rationalen Zahlen - 5 Aufgaben (1) \n32. Multiplizieren & Dividieren von rationalen Zahlen - 5 Aufgaben (2) \n33. Der Kehrwert - Finde die Bildpaare \n34. Terme berechnen mit\/ohne Klammern - Interaktive Aufgaben (1) \n35. Terme - Strichrechnung mit\/ohne Klammern - Interaktive Aufgaben (1) \n36. Terme - Punktrechnung mit\/ohne Klammern - Interaktive Aufgaben (1) \n37. Primzahlen bis 100 - Interaktiver L\u00fcckentext \n38. Ordne die Bilder mit den gleichen farblichen Anteilen zu! \n39. Br\u00fcche mit ganzer Zahl multiplizieren mit Zwischenschritt \n40. Br\u00fcche multiplizieren - mit Zwischenschritt - 5 interaktive Aufgaben \n41. Br\u00fcche dividieren - mit Zwischenschritt - 5 interaktive Aufgaben \n42. Br\u00fcche dividieren - mit K\u00fcrzen und Zwischenschritt - 5 Aufgaben \n43. Doppelbr\u00fcche - Ergebnis als Dezimalzahl schreiben - 5 Aufgaben \n44. Negative Br\u00fcche - Multiplizieren - 5 interaktive Aufgaben \n45. Negative Br\u00fcche - Dividieren - 5 interaktive Aufgaben \n46. Verteilungsgesetz - 5 interaktive Aufgaben \n47. Br\u00fcche als Dezimalbr\u00fcche schreiben mit Runden - 5 Aufgaben \n48. Zahlenpyramiden (4 Reihen) - ZR 1000 - 3 Aufgaben \n49. Bruchrechnen - Grundrechenarten - Zwischentest - 17 Aufgaben \n50. Rationale Zahlen\n Exponenten\n negative Br\u00fcche - 12 Testaufgaben","hide_numbers":true,"flyer":null,"info_columns":null},"_links":{"self":[{"href":"https:\/\/www.medienlb.com\/en\/wp-json\/wp\/v2\/product\/22266","targetHints":{"allow":["GET"]}}],"collection":[{"href":"https:\/\/www.medienlb.com\/en\/wp-json\/wp\/v2\/product"}],"about":[{"href":"https:\/\/www.medienlb.com\/en\/wp-json\/wp\/v2\/types\/product"}],"wp:featuredmedia":[{"embeddable":true,"href":"https:\/\/www.medienlb.com\/en\/wp-json\/wp\/v2\/media\/19092"}],"wp:attachment":[{"href":"https:\/\/www.medienlb.com\/en\/wp-json\/wp\/v2\/media?parent=22266"}],"wp:term":[{"taxonomy":"product_brand","embeddable":true,"href":"https:\/\/www.medienlb.com\/en\/wp-json\/wp\/v2\/product_brand?post=22266"},{"taxonomy":"product_cat","embeddable":true,"href":"https:\/\/www.medienlb.com\/en\/wp-json\/wp\/v2\/product_cat?post=22266"},{"taxonomy":"product_tag","embeddable":true,"href":"https:\/\/www.medienlb.com\/en\/wp-json\/wp\/v2\/product_tag?post=22266"}],"curies":[{"name":"wp","href":"https:\/\/api.w.org\/{rel}","templated":true}]}}