{"id":22221,"date":"2023-12-12T14:57:18","date_gmt":"2023-12-12T14:57:18","guid":{"rendered":"https:\/\/www.medienlb.com\/produkt\/lesetraining\/"},"modified":"2024-02-14T14:58:28","modified_gmt":"2024-02-14T14:58:28","slug":"lesetraining","status":"publish","type":"product","link":"https:\/\/www.medienlb.com\/en\/produkt\/lesetraining\/","title":{"rendered":"Lesetraining"},"content":{"rendered":"<p>In unserem Arbeitsheft Grundschule, Deutsch 1\/2, Vol. 1 &#8211; Lesetraining finden Sie 50 interaktive und didaktisch aufbereitete Aufgaben.<br \/>\nSchwerpunkt der Aufgabensammlungen sind \u00dcbungen zum Thema Lesetraining. In Wissensboxen werden die Fakten, die in anschlie\u00dfenden interaktiven \u00dcbungen vertieft werden, gesammelt.<br \/>\nZahlreiche f\u00f6rdern die Medienkompetenz der Sch\u00fclerinnen und Sch\u00fcler, spielerische Elemente erh\u00f6hen Lernmotivation und -erfolg. Lehrerinnen und Lehrer finden eine F\u00fclle von Aufgaben zu den Thema Lesetraining und k\u00f6nnen damit ihren Unterricht digital bereichern.<br \/>\nDas Medium bietet H5P-Aufgaben an, die ohne zus\u00e4tzliche Software verwendbar sind.<br \/>\nDurch interaktive Aufgabentypen wird das audiovisuelle und interaktive Lernen einfach.<br \/>\nLernen macht jetzt Spa\u00df!\u00a0<\/p>\n","protected":false},"excerpt":{"rendered":"<p>In unserem Arbeitsheft Grundschule, Deutsch 1\/2, Vol. 1 &#8211; Lesetraining finden Sie 50 interaktive und didaktisch aufbereitete Aufgaben.<\/p>\n","protected":false},"featured_media":19197,"template":"","meta":{"_acf_changed":false},"product_brand":[],"product_cat":[183],"product_tag":[155,98,130],"class_list":{"0":"post-22221","1":"product","2":"type-product","3":"status-publish","4":"has-post-thumbnail","6":"product_cat-interactive-workbook","7":"product_tag-old_image-2","8":"product_tag-subject-primary-school","9":"product_tag-target-gru-2","11":"first","12":"instock","13":"taxable","14":"shipping-taxable","15":"purchasable","16":"product-type-variable"},"acf":{"subtitle":"","article_id":"55501531","languages":"DE","thumb_up":false,"cover_image":null,"linked_product":null,"linked_products":null,"banner":{"show":false,"text":"","color":""},"length":"","content_movie":"","learning_goals":"","preview_gif":null,"trailer":{"file":null,"url":"","image":null},"mediathek_id":"","amount":50,"demo_url":"","h5p_demo_id":"","content_interactive":"1. 1. Klasse - Eigenschaftsw\u00f6rter gesucht (Essen 1) - Aufgaben\n2. 1. Klasse - Eigenschaftsw\u00f6rter gesucht (Essen 2) - Aufgaben\n3. 1. Klasse - Tiere (1) - Finde die Bildpaare\n4. 1. Klasse - Tiere (2) - Finde die Bildpaare\n5. 1. Klasse - Versteckte Tiere - Suchr\u00e4tsel\n6. 1. Klasse - Kann das stimmen? (1) - Interaktive Aufgaben\n7. 1. Klasse - Kann das stimmen? (2) - Interaktive Aufgaben\n8. 1. Klasse - Kann das stimmen? (3) - Interaktive Aufgaben\n9. 1. Klasse - Kann das stimmen? (4) - Interaktive Aufgaben\n10. 1. Klasse - Kann das stimmen? (5) - Interaktive Aufgaben \n11. 1. Klasse - Ungew\u00f6hnliche Schulsachenr\u00e4tsel - Interaktive Aufgaben \n12. 1. Klasse - Schulsachen beschriften - Zuordnung \n13. 1. Klasse - Farben - Zuordnung \n14. 1. Klasse - Tiere erraten (1) - Interaktive Aufgaben \n15. 1. Klasse - Tiere erraten (2) - Interaktive Aufgaben \n16. 1. Klasse - Falschw\u00f6rter entdecken (1) - Interaktive Aufgaben \n17. 1. Klasse - Falschw\u00f6rter entdecken (2) - Interaktive Aufgaben \n18. 1. Klasse - Reimw\u00f6rter zusammen finden - Interaktive Aufgabe \n19. 1. Klasse - In der Schule (1) - Interaktive Aufgaben \n20. 1. Klasse - In der Schule (2) - Interaktive Aufgabe \n21. 1. Klasse - In der Schule (3) - Interaktive Aufgaben \n22. 1. Klasse - Wetter (1) - Interaktive Aufgaben \n23. 1. Klasse - Wetter (2) - Interaktive Aufgaben \n24. 1. Klasse - Wetterbilder\/Texte zuordnen - Interaktive Aufgabe 25.\n2. Klasse - Tierbeschreibung (1) - Interaktive Aufgaben26.\n2. Klasse - Tierbeschreibung (2) - Interaktive Aufgaben 27.\n2. Klasse - Tierbeschreibung (3) - Interaktive Aufgaben 28.\n2. Klasse - Tierbeschreibung (4) - Interaktive Aufgaben 29.\n2. Klasse - Zeitw\u00f6rter ausw\u00e4hlen (1) - Interaktive Aufgaben 30.\n2. Klasse - Zeitw\u00f6rter ausw\u00e4hlen (2) - Interaktive Aufgaben 31.\n2. Klasse - Zeitw\u00f6rter ausw\u00e4hlen (3) - Interaktive Aufgaben 32.\n2. Klasse - Zeitw\u00f6rter ausw\u00e4hlen (4) - Interaktive Aufgabe 33.\n2. Klasse - Zeitw\u00f6rter ausw\u00e4hlen (5) - Interaktive Aufgabe 34.\n2. Klasse - Kleidungsst\u00fccke beschreiben (1) - Interaktive Aufgaben 35.\n2. Klasse - Kleidungsst\u00fccke beschreiben (2) - Interaktive Aufgaben 36.\n2. Klasse - Versteckte Schulsachen - Interaktive Aufgabe 37.\n2. Klasse - Wahr oder falsch? (1) - Interaktive Aufgaben 38.\n2. Klasse - Wahr oder falsch? (2) - Interaktive Aufgaben 39.\n2. Klasse - Wahr oder falsch? (3) - Interaktive Aufgaben 40.\n2. Klasse - Wahr oder falsch? (4) - Interaktive Aufgaben 41.\n2. Klasse - Text zum Bild (1) - Interaktive Aufgaben 42.\n2. Klasse - Text zum Bild (2) - Interaktive Aufgaben 43.\n2. Klasse - Text zum Bild (3) - Interaktive Aufgaben 44.\n2. Klasse - Text zum Bild (4) - Interaktive Aufgaben 45.\n2. Klasse - Text zum Bild (5) - Interaktive Aufgaben 46.\n2. Klasse - Welches Wort ist hier zu viel? (1) - Interaktive Aufgaben 47.\n2. Klasse - Welches Wort ist hier zu viel? (2) - Interaktive Aufgaben 48.\n2. Klasse - Welches Wort ist hier zu viel? (3) - Interaktive Aufgaben 49.\n2. Klasse - Welches Wort ist hier zu viel? (4) - Interaktive Aufgaben 50.\n2. Klasse - Welches Wort ist hier zu viel? (5) - Interaktive Aufgaben","hide_numbers":true,"flyer":null,"info_columns":null},"_links":{"self":[{"href":"https:\/\/www.medienlb.com\/en\/wp-json\/wp\/v2\/product\/22221","targetHints":{"allow":["GET"]}}],"collection":[{"href":"https:\/\/www.medienlb.com\/en\/wp-json\/wp\/v2\/product"}],"about":[{"href":"https:\/\/www.medienlb.com\/en\/wp-json\/wp\/v2\/types\/product"}],"wp:featuredmedia":[{"embeddable":true,"href":"https:\/\/www.medienlb.com\/en\/wp-json\/wp\/v2\/media\/19197"}],"wp:attachment":[{"href":"https:\/\/www.medienlb.com\/en\/wp-json\/wp\/v2\/media?parent=22221"}],"wp:term":[{"taxonomy":"product_brand","embeddable":true,"href":"https:\/\/www.medienlb.com\/en\/wp-json\/wp\/v2\/product_brand?post=22221"},{"taxonomy":"product_cat","embeddable":true,"href":"https:\/\/www.medienlb.com\/en\/wp-json\/wp\/v2\/product_cat?post=22221"},{"taxonomy":"product_tag","embeddable":true,"href":"https:\/\/www.medienlb.com\/en\/wp-json\/wp\/v2\/product_tag?post=22221"}],"curies":[{"name":"wp","href":"https:\/\/api.w.org\/{rel}","templated":true}]}}