{"id":22212,"date":"2023-12-12T14:57:31","date_gmt":"2023-12-12T14:57:31","guid":{"rendered":"https:\/\/www.medienlb.com\/produkt\/literatur-und-sprache\/"},"modified":"2024-02-14T14:58:18","modified_gmt":"2024-02-14T14:58:18","slug":"literatur-und-sprache","status":"publish","type":"product","link":"https:\/\/www.medienlb.com\/en\/produkt\/literatur-und-sprache\/","title":{"rendered":"Literatur und Sprache"},"content":{"rendered":"<p>F\u00fcr den Unterrichtempfohlen<\/p>\n<p>In unserem Arbeitsheft Deutsch 10, Vol. 1 &#8211; Literatur und Sprache finden Sie 50 interaktive und didaktisch aufbereitete Aufgaben.<br \/>\nIn einer Vielzahl von interaktiven Videos finden die Lehrerinnen und Lehrer Anregungen und wertvolle Erg\u00e4nzungen f\u00fcr den Literaturunterricht.\u00a0<br \/>\nIn Wissensboxen ist der behandelte Stoff komprimiert enthalten, mit interaktiven Videos und interaktiven Aufgaben wird er vertieft, der Lernfortschritt l\u00e4sst sich in abschlie\u00dfenden Multiple Choice Fragen \u00fcberpr\u00fcfen.\u00a0<br \/>\nEin Schwerpunkt liegt auf Goethes Faust, der in seinen verschiedenen Inszenierungen, seiner sprachlichen Gestaltung und seiner Stoffgeschichte vertieft wird.\u00a0<br \/>\nDurch die abwechslungsreiche Gestaltung und die unmittelbare R\u00fcckmeldung steigen bei den Lernenden Lernmotivation und -erfolg.\u00a0<\/p>\n","protected":false},"excerpt":{"rendered":"<p>F\u00fcr den Unterrichtempfohlen<\/p>\n","protected":false},"featured_media":19219,"template":"","meta":{"_acf_changed":false},"product_brand":[],"product_cat":[183],"product_tag":[155,120,144],"class_list":{"0":"post-22212","1":"product","2":"type-product","3":"status-publish","4":"has-post-thumbnail","6":"product_cat-interactive-workbook","7":"product_tag-old_image-2","8":"product_tag-subject-german","9":"product_tag-target-lehrer-2","11":"first","12":"instock","13":"taxable","14":"shipping-taxable","15":"purchasable","16":"product-type-variable"},"acf":{"subtitle":"","article_id":"55500910","languages":"DE","thumb_up":true,"cover_image":null,"linked_product":"","linked_products":null,"banner":{"show":false,"text":"","color":""},"length":"","content_movie":"","learning_goals":"","preview_gif":"","trailer":{"file":"","url":"","image":""},"mediathek_id":"","amount":50,"demo_url":"","h5p_demo_id":"","content_interactive":"1. Faust - Wissensbox\r\n2. Interessen des jungen Goethe - Interaktives Video\r\n3. Vorbilder f\u00fcr Faust - Interaktives Video\r\n4. Entwicklung des Fauststoffs - Interaktives VIdeo\r\n5. Der Fauststoff - Interaktives Video\r\n6. Faust-Inszenierungen - Videos und interaktive Aufgaben\r\n7. Faust und Margarete - Interaktive Aufgaben\r\n8. Faust - Wortsuche\r\n9. Goethes Faust (1) - Interaktive Aufgaben\r\n10. Goethes Faust (2) - Interaktive Aufgaben \r\n11. Goethes Faust (3) - Interaktive Aufgaben \r\n12. Goethes Faust (4) - Interaktive Aufgaben \r\n13. Expressionismus - Wissensbox \r\n14. Themen des Expressionismus - Interaktives Video \r\n15. Beginn expressionistischer Lyrik - Interaktives Video \r\n16. Das expressionistische Berlin - Interaktives Video \r\n17. Expressionistische Gedichte - Interaktives Video \r\n18. Kurt Schwitters - Interaktives Video \r\n19. Gro\u00dfstadtroman - Interaktives Video \r\n20. Erz\u00e4hlertypen - Interaktive Aufgabe \r\n21. Kafkas \u201eVerwandlung\u201c - Interaktives Video \r\n22. Das expressionistische Drama - Interaktives Video \r\n23. Bertolt Brecht: Baal - Interaktives Video \r\n24. Themen des Expressionismus - Wortsuche \r\n25. Expressionismus (1) - Interaktive Aufgaben\r\n26. Expressionismus (2) - Interaktive Aufgaben \r\n27. Expressionismus (3) - Interaktive Aufgaben \r\n28. Expressionismus (4) - Interaktive Aufgaben \r\n30. Nachkriegsliteratur - Wissensbox 30. Celan: Die Todesfuge - Interaktives Video \r\n31. Borchert: Die K\u00fcchenuhr - Video und interaktive Aufgaben \r\n32. Borchert: Drau\u00dfen vor der T\u00fcr - Interaktives Video \r\n33. Die Entstehung der Gruppe 47 - Interaktives Video \r\n34. G\u00fcnter Eich: Inventur - Video und interaktive Aufgaben \r\n35. Metapher vs. Personifikation - Interaktive Aufgaben \r\n36. Nachkriegsliteratur (1) - Interaktive Aufgaben \r\n37. Nachkriegsliteratur (2) - Interaktive Aufgaben \r\n38. Nachkriegsliteratur (3) - Interaktive Aufgaben \r\n39. Nachkriegsliteratur (4) - Interaktive Aufgaben \r\n40. Grammatik verstehen - Wissensbox \r\n41. Gro\u00df- und Kleinschreibung - Interaktive Aufgabe \r\n42. Nominalisierungen und Denominalisierungen - Interaktive Aufgaben \r\n43. Nominalisierung oder Denominalisierung? - Interaktive Aufgaben \r\n44. Tageszeiten und Wochentage - Interaktive Aufgaben \r\n45. Attribute unterscheiden - Interaktive Aufgaben \r\n46. Infinitiv und Partizip - Interaktive Aufgaben \r\n47. Konjunktionen - Interaktive Aufgaben \r\n48. Der richtige Konjunktiv - Interaktive Aufgaben \r\n49. Konjunktiv oder Indikativ? - Interaktive Aufgaben \r\n50. Fragen und Satzglieder - Finde die Bildpaare","hide_numbers":true,"flyer":"","info_columns":null},"_links":{"self":[{"href":"https:\/\/www.medienlb.com\/en\/wp-json\/wp\/v2\/product\/22212","targetHints":{"allow":["GET"]}}],"collection":[{"href":"https:\/\/www.medienlb.com\/en\/wp-json\/wp\/v2\/product"}],"about":[{"href":"https:\/\/www.medienlb.com\/en\/wp-json\/wp\/v2\/types\/product"}],"wp:featuredmedia":[{"embeddable":true,"href":"https:\/\/www.medienlb.com\/en\/wp-json\/wp\/v2\/media\/19219"}],"wp:attachment":[{"href":"https:\/\/www.medienlb.com\/en\/wp-json\/wp\/v2\/media?parent=22212"}],"wp:term":[{"taxonomy":"product_brand","embeddable":true,"href":"https:\/\/www.medienlb.com\/en\/wp-json\/wp\/v2\/product_brand?post=22212"},{"taxonomy":"product_cat","embeddable":true,"href":"https:\/\/www.medienlb.com\/en\/wp-json\/wp\/v2\/product_cat?post=22212"},{"taxonomy":"product_tag","embeddable":true,"href":"https:\/\/www.medienlb.com\/en\/wp-json\/wp\/v2\/product_tag?post=22212"}],"curies":[{"name":"wp","href":"https:\/\/api.w.org\/{rel}","templated":true}]}}