{"id":22182,"date":"2023-12-12T14:58:16","date_gmt":"2023-12-12T14:58:16","guid":{"rendered":"https:\/\/www.medienlb.com\/produkt\/5-7-jahrgangsstufe-vol-1-2\/"},"modified":"2024-02-14T14:57:44","modified_gmt":"2024-02-14T14:57:44","slug":"5-7-jahrgangsstufe-vol-1-2","status":"publish","type":"product","link":"https:\/\/www.medienlb.com\/en\/produkt\/5-7-jahrgangsstufe-vol-1-2\/","title":{"rendered":"5.-7. Jahrgangsstufe, Vol. 1"},"content":{"rendered":"<p>In unserem Arbeitsheft Geographie &#8211; Die Bundesl\u00e4nder, 5.-7. Jahrgangsstufe, Vol. 1 finden Sie 50 interaktive und didaktisch aufbereitete Aufgaben.<\/p>\n<p>Das Medium bietet H5P-Aufgaben an, die ohne zus\u00e4tzliche Software verwendbar sind. Das Medium enth\u00e4lt interaktive Videos und 50 H5P-Aufgaben zum Thema Geographie.<br \/>\nDurch\u00a0interaktive\u00a0Aufgabentypen wird das audiovisuelle und interaktive Lernen einfach.<br \/>\nLernen macht jetzt Spa\u00df!<\/p>\n","protected":false},"excerpt":{"rendered":"<p>In unserem Arbeitsheft Geographie &#8211; Die Bundesl\u00e4nder, 5.-7. Jahrgangsstufe, Vol. 1 finden Sie 50 interaktive und didaktisch aufbereitete Aufgaben.<\/p>\n","protected":false},"featured_media":19288,"template":"","meta":{"_acf_changed":false},"product_brand":[],"product_cat":[183],"product_tag":[155,92,144],"class_list":{"0":"post-22182","1":"product","2":"type-product","3":"status-publish","4":"has-post-thumbnail","6":"product_cat-interactive-workbook","7":"product_tag-old_image-2","8":"product_tag-subject-geography","9":"product_tag-target-lehrer-2","11":"first","12":"instock","13":"taxable","14":"shipping-taxable","15":"purchasable","16":"product-type-variable"},"acf":{"subtitle":"","article_id":"55501221","languages":"DE","thumb_up":false,"cover_image":null,"linked_product":null,"linked_products":null,"banner":{"show":false,"text":"","color":""},"length":"","content_movie":"","learning_goals":"","preview_gif":null,"trailer":{"file":null,"url":"","image":null},"mediathek_id":"","amount":50,"demo_url":"","h5p_demo_id":"","content_interactive":"1. Statistiken der Bundesl\u00e4nder - Einwohner\n Fl\u00e4che & mehr\n2. Fakten der Bundesl\u00e4nder: Gr\u00f6\u00dfte Seen\n St\u00e4dte & mehr\n3. Zahlen der Welt\/Europa: Gr\u00f6\u00dfte St\u00e4dte\n Seen & mehr\n4. Fl\u00e4chengr\u00f6\u00dfe der Bundesl\u00e4nder - 5 Aufgaben (1)\n5. Fl\u00e4chengr\u00f6\u00dfe der Bundesl\u00e4nder - 5 Aufgaben (2)\n6. Fl\u00e4chengr\u00f6\u00dfe der Bundesl\u00e4nder - 5 Aufgaben (3)\n7. Fl\u00e4chengr\u00f6\u00dfe der Bundesl\u00e4nder - Bild\/Text-Zuordnung\n8. Deutschlands l\u00e4ngste Fl\u00fcsse - Bild\/Text-Zuordnung\n9. Einwohnerzahl der Bundesl\u00e4nder - Bild\/Text-Zuordnung\n10. Die Bundesl\u00e4nder und ihre Fl\u00e4chengr\u00f6\u00dfe - Finde die Bildpaare \n11. Die Bundesl\u00e4nder und ihre Fl\u00e4chengr\u00f6\u00dfe - Finde die Bildpaare \n12. Bundesland Brandenburg - Topographie - Video \n13. Bundesland Brandenburg - Metropolregion - Video \n14. Bundesland Brandenburg - Geographie - 5 Aufgaben \n15. Bundesland Brandenburg - Geographie - 5 Aufgaben (2) \n16. Das Bundesland Mecklenburg-Vorpommern \n17. Bundesland Mecklenburg-Vorpommern - Topographie - Video \n18. Bundesland Mecklenburg-Vorpommern - Schwerin - Video \n19. Bundesland Mecklenburg-Vorpommern - Geographie - 5 Aufgaben \n20. Bundesland Mecklenburg-Vorpommern - Geographie - 5 Aufgaben (2) \n21. Das Bundesland Schleswig-Holstein \n22. Bundesland Schleswig-Holstein - Topographie - Video \n23. Bundesland Schleswig-Holstein - Metropolregion - Video \n24. Bundesland Schleswig-Holstein - Geographie - 5 Aufgaben \n25. Bundesland Schleswig-Holstein - Geographie - 5 Aufgaben (2)\n26. Das Bundesland Bremen \n27. Bundesland Bremen - Lage und Klima - Video \n28. Bundesland Bremen - Bev\u00f6lkerung & Infrastruktur - Video \n30. Bundesland Bremen - Geographie - 5 Aufgaben 30. Bundesland Bremen - Geographie - 5 Aufgaben (2) \n31. Das Bundesland Berlin \n32. Bundesland Berlin - Lage und Klima - Video \n33. Bundesland Berlin - Bev\u00f6lkerung & Infrastruktur - Video \n34. Bundesland Berlin - Geographie - 5 Aufgaben \n35. Bundesland Berlin - Geographie - 5 Aufgaben (2) \n36. Das Bundesland Hamburg \n37. Bundesland Hamburg - Topographie & Klima - Video \n38. Bundesland Hamburg - Bev\u00f6lkerung - Video \n39. Bundesland Hamburg - Geographie - 5 Aufgaben \n40. Bundesland Hamburg - Geographie - 5 Aufgaben (2) \n41. Das Bundesland Niedersachsen \n42. Bundesland Niedersachsen - Lage - Video \n43. Bundesland Niedersachsen - Gezeiten - Video \n44. Bundesland Niedersachsen - Geographie - 5 Aufgaben \n45. Bundesland Niedersachsen - Geographie - 5 Aufgaben (2) \n46. Das Bundesland Sachsen-Anhalt \n47. Bundesland Sachsen-Anhalt - Topografie - Video \n48. Bundesland Sachsen-Anhalt - Welterbest\u00e4tten - Video \n49. Bundesland Sachsen-Anhalt - Geographie - 5 Aufgaben \n50. Bundesland Sachsen-Anhalt - Geographie - 5 Aufgaben (2)","hide_numbers":true,"flyer":null,"info_columns":null},"_links":{"self":[{"href":"https:\/\/www.medienlb.com\/en\/wp-json\/wp\/v2\/product\/22182","targetHints":{"allow":["GET"]}}],"collection":[{"href":"https:\/\/www.medienlb.com\/en\/wp-json\/wp\/v2\/product"}],"about":[{"href":"https:\/\/www.medienlb.com\/en\/wp-json\/wp\/v2\/types\/product"}],"wp:featuredmedia":[{"embeddable":true,"href":"https:\/\/www.medienlb.com\/en\/wp-json\/wp\/v2\/media\/19288"}],"wp:attachment":[{"href":"https:\/\/www.medienlb.com\/en\/wp-json\/wp\/v2\/media?parent=22182"}],"wp:term":[{"taxonomy":"product_brand","embeddable":true,"href":"https:\/\/www.medienlb.com\/en\/wp-json\/wp\/v2\/product_brand?post=22182"},{"taxonomy":"product_cat","embeddable":true,"href":"https:\/\/www.medienlb.com\/en\/wp-json\/wp\/v2\/product_cat?post=22182"},{"taxonomy":"product_tag","embeddable":true,"href":"https:\/\/www.medienlb.com\/en\/wp-json\/wp\/v2\/product_tag?post=22182"}],"curies":[{"name":"wp","href":"https:\/\/api.w.org\/{rel}","templated":true}]}}