{"id":22179,"date":"2023-12-12T14:58:21","date_gmt":"2023-12-12T14:58:21","guid":{"rendered":"https:\/\/www.medienlb.com\/produkt\/4-jahrgangsstufe-vol-1\/"},"modified":"2024-02-14T14:57:40","modified_gmt":"2024-02-14T14:57:40","slug":"4-jahrgangsstufe-vol-1","status":"publish","type":"product","link":"https:\/\/www.medienlb.com\/en\/produkt\/4-jahrgangsstufe-vol-1\/","title":{"rendered":"4. Jahrgangsstufe, Vol. 1"},"content":{"rendered":"<p>F\u00fcr den Unterrichtempfohlen<\/p>\n<p>In unserem Arbeitsheft Mathematik, Grundschule, 4. Jahrgangsstufe, Vol. 1 finden Sie 50 interaktive und didaktisch aufbereitete Aufgaben.<\/p>\n<p>Das Medium bietet H5P-Aufgaben an, die ohne zus\u00e4tzliche Software verwendbar sind. Das Medium enth\u00e4lt interaktive Videos und 50 H5P-Aufgaben zum Thema Mathematik.<br \/>\nDurch\u00a0interaktive\u00a0Aufgabentypen wird das audiovisuelle und interaktive Lernen einfach.<br \/>\nLernen macht jetzt Spa\u00df!<\/p>\n","protected":false},"excerpt":{"rendered":"<p>F\u00fcr den Unterrichtempfohlen<\/p>\n","protected":false},"featured_media":19295,"template":"","meta":{"_acf_changed":false},"product_brand":[],"product_cat":[183],"product_tag":[155,100,144],"class_list":{"0":"post-22179","1":"product","2":"type-product","3":"status-publish","4":"has-post-thumbnail","6":"product_cat-interactive-workbook","7":"product_tag-old_image-2","8":"product_tag-subject-mathematics","9":"product_tag-target-lehrer-2","11":"first","12":"instock","13":"taxable","14":"shipping-taxable","15":"purchasable","16":"product-type-variable"},"acf":{"subtitle":"","article_id":"55500950","languages":"DE","thumb_up":true,"cover_image":null,"linked_product":null,"linked_products":null,"banner":{"show":false,"text":"","color":""},"length":"","content_movie":"","learning_goals":"","preview_gif":null,"trailer":{"file":null,"url":"","image":null},"mediathek_id":"","amount":50,"demo_url":"","h5p_demo_id":"","content_interactive":"1. Zahlenfolge erkennen & fortsetzen - Schreibaufgaben (1)\n2. Zahlenfolge erkennen & fortsetzen - Schreibaufgaben (2)\n3. Setze die folgenden Zahlen richtig fort - ZR 1000000 - Aufgaben (1)\n4. Schreibe als Zahlen - ZR 1000000 - Aufgaben (1)\n5. Stellenwerte korrekt eintragen - Aufgaben (1)\n6. Sortiere die Zahlen von Gro\u00df nach Klein. ZR < 10 000\n7. Sortiere die Zahlen von Klein nach Gro\u00df. ZR < 1 Million\n8. Schrittweises Rechnen - Addieren - ZR <600 000 - Aufgaben (1)\n9. Schrittweises Rechnen - Addieren - ZR <500 000 - Aufgaben (2)\n10. Schrittweises Rechnen - Addieren - ZR <500 000 - Aufgaben (3) \n11. Schrittweises Rechnen - Subtrahieren - ZR <500 000 - Aufgaben (1) \n12. Schrittweises Rechnen - Subtrahieren - ZR <500 000 - Aufgaben (2) \n13. Schrittweises Rechnen - Subtrahieren - ZR <900 000 - Aufgaben (3) \n14. Zahlenstrahl - ZR 1.000.000 - Aufgaben (1) \n15. Zahlenstrahl - ZR 1.000.000 - Aufgaben (2) \n16. Zahlenstrahl - ZR 1.000.000 - Aufgaben (3) \n17. Zahlenstrahl Ablesen - ZR <10000 - Aufgaben (1) \n18. Zahlenstrahl Ablesen - ZR <50 000 - Aufgaben (2) \n19. Zahlenstrahl Ablesen - ZR <500 000 - Aufgaben (3) \n20. Zahlenstrahl - Ablesen - ZR <500.000 - 3 Interaktive Aufgaben \n21. Zahlenstrahl - ZR <10.000 - 5 Aufgaben (1) \n22. Zahlenstrahl - Summe - ZR <10.000 - 5 Aufgaben (1) \n23. Zahlenstrahl - Differenz - ZR <10.000 - 5 Aufgaben (1) \n24. Zahlenstrahl - Differenz - ZR <1.000.000 - 5 Aufgaben (1) \n25. Kopfrechnen - Addieren\/Subtrahieren ZR <10000 (1)\n26. Kopfrechnen - Addieren\/Subtrahieren ZR <10000 (2) \n27. Kopfrechnen - Addieren\/Subtrahieren - ZR < 10.000 \n28. Zahlenpyramiden (4 Reihen) - ZR 1000 (1) \n30. Zahlenpyramiden (4 Reihen) - ZR 1000 (4) 30. Zahlenpyramiden (4 Reihen) - ZR 1000 (5) \n31. Zahlenpyramiden (4 Reihen) - ZR 1000 (4) \n32. Zahlenpyramiden - Addieren - 7 Tafelbilder\/Druckvorlagen \n33. Sortiere die Gewichtsangaben von Gro\u00df nach Klein (kg\/g) \n34. Rechnen mit Gewichtsangaben - Interaktive Aufgaben (1) \n35. Rechnen mit Gewichtsangaben - Interaktive Aufgaben (2) \n36. Rechnen mit Gewichtsangaben - Interaktive Aufgaben (3) \n37. Uhrzeit - Uhrzeit angeben - 10 Tafelbilder\/Druckvorlagen \n38. Kleiner-Gleich-Gr\u00f6\u00dfer - Umrechnung Hohlma\u00dfe (1) \n39. Rechnen mit Zeitangaben - Interaktive Aufgaben (1) \n40. Rechnen mit Geld - Euro und Cent - Interaktive Aufgaben (1) \n41. Rechnen mit Geld - Euro und Cent - Interaktive Aufgaben (2) \n42. Runden - Kleinste\/Gr\u00f6\u00dfte Zahl - ZR <100 000 - Aufgaben (1) \n43. Runden - Kleinste\/Gr\u00f6\u00dfte Zahl - 5 Tafelbilder\/Druckvorlagen \n44. Wahrscheinlichkeit - Wahr\/Falsch - 5 Aufgaben (1) \n45. Wahrscheinlichkeit - Wahr\/Falsch - 5 Aufgaben (2) \n46. 3x3 Sudoku mit Bildmotiven - 5 Interaktive Aufgaben (1) \n47. 3x3 Sudoku mit Bildmotiven - 5 Interaktive Aufgaben (2) \n48. 3x3 Sudoku mit Bildmotiven - 5 Interaktive Aufgaben (3) \n49. ZR 1 bis 50 - Finde die Bildpaare - Aufgabe \n50. Einmaleins & Ged\u00e4chtnistraining - Bildpaare finden","hide_numbers":true,"flyer":null,"info_columns":null},"_links":{"self":[{"href":"https:\/\/www.medienlb.com\/en\/wp-json\/wp\/v2\/product\/22179","targetHints":{"allow":["GET"]}}],"collection":[{"href":"https:\/\/www.medienlb.com\/en\/wp-json\/wp\/v2\/product"}],"about":[{"href":"https:\/\/www.medienlb.com\/en\/wp-json\/wp\/v2\/types\/product"}],"wp:featuredmedia":[{"embeddable":true,"href":"https:\/\/www.medienlb.com\/en\/wp-json\/wp\/v2\/media\/19295"}],"wp:attachment":[{"href":"https:\/\/www.medienlb.com\/en\/wp-json\/wp\/v2\/media?parent=22179"}],"wp:term":[{"taxonomy":"product_brand","embeddable":true,"href":"https:\/\/www.medienlb.com\/en\/wp-json\/wp\/v2\/product_brand?post=22179"},{"taxonomy":"product_cat","embeddable":true,"href":"https:\/\/www.medienlb.com\/en\/wp-json\/wp\/v2\/product_cat?post=22179"},{"taxonomy":"product_tag","embeddable":true,"href":"https:\/\/www.medienlb.com\/en\/wp-json\/wp\/v2\/product_tag?post=22179"}],"curies":[{"name":"wp","href":"https:\/\/api.w.org\/{rel}","templated":true}]}}