{"id":22152,"date":"2023-12-12T14:59:04","date_gmt":"2023-12-12T14:59:04","guid":{"rendered":"https:\/\/www.medienlb.com\/produkt\/5-6-jahrgangsstufe-vol-1-3\/"},"modified":"2024-02-14T14:57:10","modified_gmt":"2024-02-14T14:57:10","slug":"5-6-jahrgangsstufe-vol-1-3","status":"publish","type":"product","link":"https:\/\/www.medienlb.com\/en\/produkt\/5-6-jahrgangsstufe-vol-1-3\/","title":{"rendered":"5.\/6. Jahrgangsstufe, Vol. 1"},"content":{"rendered":"<p>In unserem Arbeitsheft Mathematik 5.\/6. Jahrgangsstufe, Vol. 1 finden Sie 50 interaktive und didaktisch aufbereitete Aufgaben.<\/p>\n<p>Das Medium bietet H5P-Aufgaben an, die ohne zus\u00e4tzliche Software verwendbar sind. Das Medium enth\u00e4lt\u00a0interaktive\u00a0Videos und 50 H5P-Aufgaben zum Thema Mathematik.\u00a0<br \/>\nDurch interaktive Aufgabentypen wird das audiovisuelle und interaktive Lernen einfach.<br \/>\nLernen macht jetzt Spa\u00df!<\/p>\n","protected":false},"excerpt":{"rendered":"<p>In unserem Arbeitsheft Mathematik 5.\/6. Jahrgangsstufe, Vol. 1 finden Sie 50 interaktive und didaktisch aufbereitete Aufgaben.<\/p>\n","protected":false},"featured_media":19358,"template":"","meta":{"_acf_changed":false},"product_brand":[],"product_cat":[183],"product_tag":[155,100,126],"class_list":{"0":"post-22152","1":"product","2":"type-product","3":"status-publish","4":"has-post-thumbnail","6":"product_cat-interactive-workbook","7":"product_tag-old_image-2","8":"product_tag-subject-mathematics","9":"product_tag-target-sek-i-2","11":"first","12":"instock","13":"taxable","14":"shipping-taxable","15":"purchasable","16":"product-type-variable"},"acf":{"subtitle":"","article_id":"55500703","languages":"DE","thumb_up":false,"cover_image":null,"linked_product":null,"linked_products":null,"banner":{"show":false,"text":"","color":""},"length":"","content_movie":"","learning_goals":"","preview_gif":null,"trailer":{"file":null,"url":"","image":null},"mediathek_id":"","amount":50,"demo_url":"","h5p_demo_id":"","content_interactive":"1. Hohlma\u00dfe berechnen 1\n2. Hohlma\u00dfe berechnen 2\n3. Hohlma\u00dfe berechnen 3\n4. Hohlma\u00dfe berechnen 4\n5. Hohlma\u00dfe - Kleiner-Gr\u00f6\u00dfer-Gleich 1\n6. R\u00f6mische Zahlzeichen 1\n7. R\u00f6mische Zahlzeichen 2\n8. R\u00f6mische Zahlzeichen in Zehnersystem umrechnen 1\n9. R\u00f6mische Zahlzeichen in Zehnersystem umrechnen 2\n10. R\u00f6mische Zahlzeichen in Zehnersystem umrechnen 3\n11. Rechnen mit Zeitangaben - Aufgaben 1\n12. Rechnen mit Zeitangaben - Aufgaben 2\n13. Rechnen mit Zeitangaben - Aufgaben 3\n14. Rechnen mit Zeitangaben - Aufgaben 4\n15. Rechnen mit Zeitangaben - Aufgaben 5\n16. Bruchrechnen - Addieren (1) - Aufgaben mit Video\n17. Bruchrechnen - Addieren (2) - Aufgaben mit Video\n18. Bruchrechnen - Addieren (3) - Aufgaben mit Video\n19. Bruchrechnen - Addieren (4) - Aufgaben mit Video\n20. Bruchrechnen - Addieren (5) - Aufgaben mit Video\n21. Bruchrechnen - Subtrahieren (1) - Aufgaben mit Video\n22. Bruchrechnen - Subtrahieren (2) - Aufgaben mit Video\n23. Bruchrechnen - Subtrahieren (3) - Interaktive Aufgaben\n24. Bruchrechnen - Subtrahieren (4) - Interaktive Aufgaben\n25. Bruchrechnen - Subtrahieren (5) - Interaktive Aufgaben\n26. R\u00f6mische Zahlzeichen in Zehnersystem umrechnen 4\n27. R\u00f6mische Zahlzeichen in Zehnersystem umrechnen 5\n28. Rechnen mit L\u00e4ngenma\u00dfen (1) - Interaktive Aufgaben\n29. Rechnen mit L\u00e4ngenma\u00dfen 2 - Interaktive Aufgaben\n30. Rechnen mit L\u00e4ngenma\u00dfen (3) - Interaktive Aufgaben\n31. Rechnen mit Gewichtsangaben 1\n32. Rechnen mit Gewichtsangaben 2\n33. Rechnen mit Gewichtsangaben 3\n34. Rechnen mit Geld - Euro und Cent 1\n35. Rechnen mit Geld - Euro und Cent 2\n36. Bruchrechnen - addieren\/subtrahieren kombiniert (1) - mit Video\n37. Bruchrechnen - addieren\/subtrahieren kombiniert (2) - mit Video\n38. Prozentrechnen - Grundwert (1) - Aufgaben mit Video\n39. Prozentrechnen - Grundwert (2) - Interaktive Aufgaben\n40. Prozentrechnen - Grundwert (3) - Interaktive Aufgaben\n41. Prozentrechnen - Prozentwert (1) - Aufgaben mit Video\n42. Prozentrechnen - Prozentwert (2) - Interaktive Aufgaben\n43. Prozentrechnen - Prozentwert (3) - Interaktive Aufgaben\n44. Prozentrechnen - Prozentsatz (1) - Interaktive Aufgaben\n45. Prozentrechnen - Prozentsatz (2) - Interaktive Aufgaben\n46. Prozentrechnen - Prozentsatz (3) - Interaktive Aufgaben\n47. Prozentrechnen - Interaktive Aufgaben mit 3 Videos\n48. Bruchrechnen - Interaktive Aufgaben mit 2 Videos\n49. Berechnung mit dem Dreisatz - 1 Interaktive Aufgaben mit Video\n50. Berechnung mit dem Dreisatz - 2 Interaktive Aufgaben mit Video","hide_numbers":true,"flyer":null,"info_columns":null},"_links":{"self":[{"href":"https:\/\/www.medienlb.com\/en\/wp-json\/wp\/v2\/product\/22152","targetHints":{"allow":["GET"]}}],"collection":[{"href":"https:\/\/www.medienlb.com\/en\/wp-json\/wp\/v2\/product"}],"about":[{"href":"https:\/\/www.medienlb.com\/en\/wp-json\/wp\/v2\/types\/product"}],"wp:featuredmedia":[{"embeddable":true,"href":"https:\/\/www.medienlb.com\/en\/wp-json\/wp\/v2\/media\/19358"}],"wp:attachment":[{"href":"https:\/\/www.medienlb.com\/en\/wp-json\/wp\/v2\/media?parent=22152"}],"wp:term":[{"taxonomy":"product_brand","embeddable":true,"href":"https:\/\/www.medienlb.com\/en\/wp-json\/wp\/v2\/product_brand?post=22152"},{"taxonomy":"product_cat","embeddable":true,"href":"https:\/\/www.medienlb.com\/en\/wp-json\/wp\/v2\/product_cat?post=22152"},{"taxonomy":"product_tag","embeddable":true,"href":"https:\/\/www.medienlb.com\/en\/wp-json\/wp\/v2\/product_tag?post=22152"}],"curies":[{"name":"wp","href":"https:\/\/api.w.org\/{rel}","templated":true}]}}