{"id":22149,"date":"2023-12-12T14:59:09","date_gmt":"2023-12-12T14:59:09","guid":{"rendered":"https:\/\/www.medienlb.com\/produkt\/1-4-jahrgangsstufe-vol-1\/"},"modified":"2024-02-14T14:57:06","modified_gmt":"2024-02-14T14:57:06","slug":"1-4-jahrgangsstufe-vol-1","status":"publish","type":"product","link":"https:\/\/www.medienlb.com\/en\/produkt\/1-4-jahrgangsstufe-vol-1\/","title":{"rendered":"1.-4. Jahrgangsstufe, Vol. 1"},"content":{"rendered":"<p>In unserem Arbeitsheft Grundschule Mathematik 1.-4. Jahrgangsstufe, Vol. 1 finden Sie 50 interaktive und didaktisch aufbereitete Aufgaben.<\/p>\n<p>Das Medium bietet H5P-Aufgaben an, die ohne zus\u00e4tzliche Software verwendbar sind. Das Medium enth\u00e4lt 50\u00a0interaktive\u00a0H5P-Aufgaben zu den Themen Grundrechenarten, Gr\u00f6\u00dfer-Kleiner-Gleich und viele mehr.<br \/>\nDurch interaktive Aufgabentypen wird das audiovisuelle und\u00a0interaktive\u00a0Lernen einfach.<br \/>\nLernen macht jetzt Spa\u00df!<\/p>\n","protected":false},"excerpt":{"rendered":"<p>In unserem Arbeitsheft Grundschule Mathematik 1.-4. Jahrgangsstufe, Vol. 1 finden Sie 50 interaktive und didaktisch aufbereitete Aufgaben.<\/p>\n","protected":false},"featured_media":19365,"template":"","meta":{"_acf_changed":false},"product_brand":[],"product_cat":[183],"product_tag":[155,100,130],"class_list":{"0":"post-22149","1":"product","2":"type-product","3":"status-publish","4":"has-post-thumbnail","6":"product_cat-interactive-workbook","7":"product_tag-old_image-2","8":"product_tag-subject-mathematics","9":"product_tag-target-gru-2","11":"first","12":"instock","13":"taxable","14":"shipping-taxable","15":"purchasable","16":"product-type-variable"},"acf":{"subtitle":"","article_id":"55500702","languages":"DE","thumb_up":false,"cover_image":null,"linked_product":null,"linked_products":null,"banner":{"show":false,"text":"","color":""},"length":"","content_movie":"","learning_goals":"","preview_gif":null,"trailer":{"file":null,"url":"","image":null},"mediathek_id":"","amount":50,"demo_url":"","h5p_demo_id":"","content_interactive":"1. Plusrechnen ZR 20 - als L\u00fcckentext - GS 1\n2. Addieren ZR 50 - Drag & Drop - GS 2\n3. Zahlenpyramide - Addieren ZR 100 (1)\n4. Zahlenpyramide - Addieren ZR 100 (2)\n5. Hohlma\u00dfe berechnen 1\n6. Zahlenpyramide - Subtrahieren ZR 100 (2)\n7. Zahlenpyramide - Subtrahieren ZR 100 (3)\n8. Kleiner-Gleich-Gr\u00f6\u00dfer - ZR 10 Bildaufgaben (2)\n9. Klicke alle Zahlen der 5er-Reihe an\n10. Klicke alle Zahlen der 6er-Reihe an\n11. Klicke alle Zahlen der 9er-Reihe an\n12. Kleines Einmaleins ZR 1\/49 - Aufgabe\/L\u00f6sung zuordnen\n13. Kleines Einmaleins ZR 48\/100 - Aufgabe\/L\u00f6sung zuordnen\n14. Multiplikationstabelle - 16 (Einer-)Multiplikationen (1)\n15. Multiplikationstabelle - 16 (Einer-)Multiplikationen (2)\n16. Magische 5 im Quadrat - 5er-Reihe\n17. Magische 6 im Quadrat - 6er-Reihe\n18. Magische 7 im Quadrat - 7er-Reihe\n19. Magische 9 im Quadrat - 9er-Reihe\n20. Division ohne Rest - ZR 100 (1)\n21. Division mit R\u00e4tsel ZR 100 (1)\n22. Division mit R\u00e4tsel ZR 100 (2)\n23. Divisionstabelle - ZR 100 (1)\n24. Divisionstabelle - ZR 100 (2)\n25. Multiplikation 5 Sachaufgaben\n26. Addieren mit \u00dcbertrag (1)\n27. Addieren mit \u00dcbertrag (2)\n28. Addieren mit \u00dcbertrag (3)\n29. Addieren mit \u00dcbertrag (4)\n30. Subtrahieren mit \u00dcbertrag (1)\n31. Subtrahieren mit \u00dcbertrag (2)\n32. Subtrahieren mit \u00dcbertrag (3)\n33. Subtrahieren mit \u00dcbertrag (4)\n34. Datumsangaben dem korrekten Monat zuordnen\n35. Datumsangaben in die korrekte Reihenfolge sortieren\n36. Klicke alle falschen Datumsangaben an\n37. Setze die folgenden Zahlen richtig fort - ZR 1000000 - Aufgaben (1)\n38. Kleiner-Gleich-Gr\u00f6\u00dfer - Umrechnung Hohlma\u00dfe (1)\n39. Addieren mit Stellenwert beachten - 3 Aufgaben (1)\n40. Rechnen mit gro\u00dfen Zahlen - Stellenwerte erkennen (1)\n41. Rechnen mit gro\u00dfen Zahlen - Stellenwerte erkennen - Drag & Drop Aufgaben\n42. Schreibe als Zahlen - ZR 1000000 - Aufgaben (1)\n43. Stellenwerte korrekt eintragen - Aufgaben (1)\n44. Zahlenfolge erkennen & fortsetzen - Schreibaufgaben (1)\n45. Zahlenfolge erkennen & fortsetzen - Schreibaufgaben (2)\n46. Zahlenstrahl - ZR 1.000.000 - Aufgaben (1)\n47. Zahlenstrahl - ZR 1.000.000 - Aufgaben (2)\n48. Zahlenstrahl - ZR 1.000.000 - Aufgaben (3)\n49. ZR 1 bis 20 - Finde die Bildpaare - Aufgabe\n50. ZR 1 bis 50 - Finde die Bildpaare - Aufgabe","hide_numbers":true,"flyer":null,"info_columns":null},"_links":{"self":[{"href":"https:\/\/www.medienlb.com\/en\/wp-json\/wp\/v2\/product\/22149","targetHints":{"allow":["GET"]}}],"collection":[{"href":"https:\/\/www.medienlb.com\/en\/wp-json\/wp\/v2\/product"}],"about":[{"href":"https:\/\/www.medienlb.com\/en\/wp-json\/wp\/v2\/types\/product"}],"wp:featuredmedia":[{"embeddable":true,"href":"https:\/\/www.medienlb.com\/en\/wp-json\/wp\/v2\/media\/19365"}],"wp:attachment":[{"href":"https:\/\/www.medienlb.com\/en\/wp-json\/wp\/v2\/media?parent=22149"}],"wp:term":[{"taxonomy":"product_brand","embeddable":true,"href":"https:\/\/www.medienlb.com\/en\/wp-json\/wp\/v2\/product_brand?post=22149"},{"taxonomy":"product_cat","embeddable":true,"href":"https:\/\/www.medienlb.com\/en\/wp-json\/wp\/v2\/product_cat?post=22149"},{"taxonomy":"product_tag","embeddable":true,"href":"https:\/\/www.medienlb.com\/en\/wp-json\/wp\/v2\/product_tag?post=22149"}],"curies":[{"name":"wp","href":"https:\/\/api.w.org\/{rel}","templated":true}]}}