{"id":22143,"date":"2023-12-12T17:16:31","date_gmt":"2023-12-12T17:16:31","guid":{"rendered":"https:\/\/www.medienlb.com\/produkt\/italienisch-deutsch-4\/"},"modified":"2024-02-14T14:57:00","modified_gmt":"2024-02-14T14:57:00","slug":"italienisch-deutsch-4","status":"publish","type":"product","link":"https:\/\/www.medienlb.com\/en\/produkt\/italienisch-deutsch-4\/","title":{"rendered":"Italienisch\/Deutsch"},"content":{"rendered":"<p>In unserem Arbeitsheft Bildergeschichten (Level 1) Vol. 4 &#8211; Italienisch\/Deutsch finden Sie interaktive und didaktisch aufbereitete Aufgaben.<br \/>\nKindgerechte und sinnhafte Kurzgeschichten mit hochwertigen Illustrationen. Das Medium enth\u00e4lt 100 interaktive Module (H5P) mit 25 digitalen Bildgeschichten in Italienisch und Deutsch (umschaltbar). Die Bilder sind einzeln mit Text versehen und erz\u00e4hlen eine Kurzgeschichte. Das Sprachniveau liegt bei Level 1 (weniger als 250 W\u00f6rter\/Geschichte). Die Bild-\/Textseiten k\u00f6nnen Digital oder als ausgedruckte Bildkartensets verwendet werden. Zu jeder Bildgeschichte sind separate, wechselnde Aufgabenmodule vorhanden, u.a. L\u00fcckentext, Vokabeltraining, Wortgitter, W\u00f6rterpuzzle. Alle Module k\u00f6nnen und sollten auch als Lesetraining verwendet werden.<\/p>\n","protected":false},"excerpt":{"rendered":"<p>In unserem Arbeitsheft Bildergeschichten (Level 1) Vol. 4 &#8211; Italienisch\/Deutsch finden Sie interaktive und didaktisch aufbereitete Aufgaben.<\/p>\n","protected":false},"featured_media":19383,"template":"","meta":{"_acf_changed":false},"product_brand":[],"product_cat":[183],"product_tag":[155,153,120,126],"class_list":{"0":"post-22143","1":"product","2":"type-product","3":"status-publish","4":"has-post-thumbnail","6":"product_cat-interactive-workbook","7":"product_tag-old_image-2","8":"product_tag-subject-foreign-language","9":"product_tag-subject-german","10":"product_tag-target-sek-i-2","12":"first","13":"instock","14":"taxable","15":"shipping-taxable","16":"purchasable","17":"product-type-variable"},"acf":{"subtitle":"","article_id":"55506071","languages":"DE","thumb_up":false,"cover_image":null,"linked_product":null,"linked_products":null,"banner":{"show":false,"text":"","color":""},"length":"","content_movie":"","learning_goals":"","preview_gif":null,"trailer":{"file":null,"url":"","image":null},"mediathek_id":"","amount":50,"demo_url":"","h5p_demo_id":"","content_interactive":"1. L'Ape e L'Elefante - Die Biene und der Elefant (Level 1)\n2. Voglio volare anch'io - Wer kann fliegen (Level 1)\n3. Com'\u00e8 fatto il mio corpo? - Teile des K\u00f6rpers (Level 1)\n4. Billy alla riscossa - Billy als Retter (Level 1)\n5. Cosa vedi nel mare? - Was siehst du im Meer? (Level 1)\n6. La Formica Nera - Schwarze Ameise (Level 1)\n7. Amici con le Piume - Gefiederte Freunde (Level 1)\n8. Il Grande Problema della Ruota - Das Problem des Rades (Level 1)\n9. Le scarpe di Leone - Die Schuhe des L\u00f6wen (Level 1)\n10. La bambola vagabonda - Die verlorene Puppe (Level 1)\n11. Chi sono? - Wer bin ich? (Level 1)\n12. La Portantina del Leone - Die Howdah des L\u00f6wen (Level 1)\n13. La straordinaria notte del re Gufo - Die Nacht des Eulenk\u00f6nigs (Level 1)\n14. Bhaunkoo e la Polpetta di Carne - Das Fladenbrot (Level 1)\n15. Il mio giardino - Mein Garten (Level 1)\n16. Alto e basso - Gro\u00df und Klein (Level 1)\n17. I felini selvatici - Wilde Katzen! (Level 1)\n18. Cosa sta tramando Ameena? - Was hat Ameena vor? (Level 1)\n19. Foxy Joxy fa uno scherzo - Foxy Joxy spielt falsch (Level 1)\n20. Fare e non fare - Tun und Lassen (Level 1)\n21. Vieni a Stare con Me! - Komm\n bleib bei mir (Level 1)\n22. Formiche - Ameisen (Level 1)\n23. Perch\u00e9...? Dimmi adesso! I colori - Die Farben (Level 1)\n24. La mia macchina - Mein Auto (Level 1)\n25. Il ballo del pavone - Tanz des Pfaus (Level 1)\n26. L'Ape e L'Elefante - L\u00fcckentext\n27. L'Ape e L'Elefante - Wortpuzzle\n28. Voglio volare anch'io - L\u00fcckentext\n29. Voglio volare anch'io - Wortpuzzle\n30. Com'\u00e8 fatto il mio corpo? - L\u00fcckentext\n31. Com'\u00e8 fatto il mio corpo? - Wortpuzzle\n32. Billy alla riscossa - L\u00fcckentext\n33. Billy alla riscossa - Wortpuzzle\n34. Cosa vedi nel mare? - L\u00fcckentext\n35. Cosa vedi nel mare? - Wortpuzzle\n36. La Formica Nera - L\u00fcckentext\n37. La Formica Nera - Wortpuzzle\n38. Amici con le Piume - L\u00fcckentext\n39. Amici con le Piume - Wortpuzzle\n40. Il Grande Problema della Ruota - L\u00fcckentext\n41. Il Grande Problema della Ruota - Wortpuzzle\n42. Le scarpe di Leone - L\u00fcckentext\n43. Le scarpe di Leone - Wortpuzzle\n44. La bambola vagabonda - L\u00fcckentext\n45. La bambola vagabonda - Wortpuzzle\n46. Chi sono? - L\u00fcckentext\n47. Chi sono? - Wortpuzzle\n48. La Portantina del Leone - L\u00fcckentext\n49. La Portantina del Leone - Wortpuzzle\n50. La straordinaria notte del re Gufo - L\u00fcckentext\n51. La straordinaria notte del re Gufo - Wortpuzzle\n52. Bhaunkoo e la Polpetta di Carne - L\u00fcckentext\n53. Bhaunkoo e la Polpetta di Carne - Wortpuzzle\n54. Il mio giardino - L\u00fcckentext\n55. Il mio giardino - Wortpuzzle\n56. Alto e basso - L\u00fcckentext\n57. Alto e basso - Wortpuzzle\n58. I felini selvatici - L\u00fcckentext\n59. I felini selvatici - Wortpuzzle\n60. Cosa sta tramando Ameena? - L\u00fcckentext\n61. Cosa sta tramando Ameena? - Wortpuzzle\n62. Foxy Joxy fa uno scherzo - L\u00fcckentext\n63. Foxy Joxy fa uno scherzo - Wortpuzzle\n64. Fare e non fare - L\u00fcckentext\n65. Fare e non fare - Wortpuzzle\n66. Vieni a Stare con Me! - L\u00fcckentext\n67. Vieni a Stare con Me! - Wortpuzzle\n68. Formiche - L\u00fcckentext\n69. Formiche - Wortpuzzle\n70. Perch\u00e9...? Dimmi adesso! I colori - L\u00fcckentext\n71. Perch\u00e9...? Dimmi adesso! I colori - Wortpuzzle\n72. La mia macchina - L\u00fcckentext\n73. La mia macchina - Wortpuzzle\n74. Il ballo del pavone - L\u00fcckentext\n75. Il ballo del pavone - Wortpuzzle","hide_numbers":true,"flyer":null,"info_columns":null},"_links":{"self":[{"href":"https:\/\/www.medienlb.com\/en\/wp-json\/wp\/v2\/product\/22143","targetHints":{"allow":["GET"]}}],"collection":[{"href":"https:\/\/www.medienlb.com\/en\/wp-json\/wp\/v2\/product"}],"about":[{"href":"https:\/\/www.medienlb.com\/en\/wp-json\/wp\/v2\/types\/product"}],"wp:featuredmedia":[{"embeddable":true,"href":"https:\/\/www.medienlb.com\/en\/wp-json\/wp\/v2\/media\/19383"}],"wp:attachment":[{"href":"https:\/\/www.medienlb.com\/en\/wp-json\/wp\/v2\/media?parent=22143"}],"wp:term":[{"taxonomy":"product_brand","embeddable":true,"href":"https:\/\/www.medienlb.com\/en\/wp-json\/wp\/v2\/product_brand?post=22143"},{"taxonomy":"product_cat","embeddable":true,"href":"https:\/\/www.medienlb.com\/en\/wp-json\/wp\/v2\/product_cat?post=22143"},{"taxonomy":"product_tag","embeddable":true,"href":"https:\/\/www.medienlb.com\/en\/wp-json\/wp\/v2\/product_tag?post=22143"}],"curies":[{"name":"wp","href":"https:\/\/api.w.org\/{rel}","templated":true}]}}