{"id":22140,"date":"2023-12-12T17:17:04","date_gmt":"2023-12-12T17:17:04","guid":{"rendered":"https:\/\/www.medienlb.com\/produkt\/italienisch-deutsch-3\/"},"modified":"2024-02-14T14:56:57","modified_gmt":"2024-02-14T14:56:57","slug":"italienisch-deutsch-3","status":"publish","type":"product","link":"https:\/\/www.medienlb.com\/en\/produkt\/italienisch-deutsch-3\/","title":{"rendered":"Italienisch\/Deutsch"},"content":{"rendered":"<p>In unserem Arbeitsheft Bildergeschichten (Level 1) Vol. 3 &#8211; Italienisch\/Deutsch finden Sie interaktive und didaktisch aufbereitete Aufgaben.<\/p>\n<p>Kindgerechte und sinnhafte Kurzgeschichten mit hochwertigen Illustrationen.<br \/>\nDas Medium enth\u00e4lt 75 interaktive Module (H5P) mit 25 digitalen Bildgeschichten in Italienisch und Deutsch (umschaltbar). Die Bilder sind einzeln mit Text versehen und erz\u00e4hlen eine Kurzgeschichte. Das Sprachniveau liegt bei Level 1 (weniger als 250 W\u00f6rter\/Geschichte). Die Bild-\/Textseiten k\u00f6nnen Digital oder als ausgedruckte Bildkartensets verwendet werden. Zu jeder Bildgeschichte sind separate, wechselnde Aufgabenmodule vorhanden, u.a. L\u00fcckentext, Vokabeltraining, Wortgitter, W\u00f6rterpuzzle. Alle Module k\u00f6nnen und sollten auch als Lesetraining verwendet werden.<\/p>\n","protected":false},"excerpt":{"rendered":"<p>In unserem Arbeitsheft Bildergeschichten (Level 1) Vol. 3 &#8211; Italienisch\/Deutsch finden Sie interaktive und didaktisch aufbereitete Aufgaben.<\/p>\n","protected":false},"featured_media":19390,"template":"","meta":{"_acf_changed":false},"product_brand":[],"product_cat":[183],"product_tag":[155,153,120,126],"class_list":{"0":"post-22140","1":"product","2":"type-product","3":"status-publish","4":"has-post-thumbnail","6":"product_cat-interactive-workbook","7":"product_tag-old_image-2","8":"product_tag-subject-foreign-language","9":"product_tag-subject-german","10":"product_tag-target-sek-i-2","12":"first","13":"instock","14":"taxable","15":"shipping-taxable","16":"purchasable","17":"product-type-variable"},"acf":{"subtitle":"","article_id":"55506070","languages":"DE","thumb_up":false,"cover_image":null,"linked_product":null,"linked_products":null,"banner":{"show":false,"text":"","color":""},"length":"","content_movie":"","learning_goals":"","preview_gif":null,"trailer":{"file":null,"url":"","image":null},"mediathek_id":"","amount":50,"demo_url":"","h5p_demo_id":"","content_interactive":"1. Guardami - Schau mich an (Level 1)\n2. Goloo il Cerchio - Goloo der Kreis (Level 1)\n3. Sapere e non sapere - Kann und kann nicht (Level 1)\n4. Lucia e Pepe - Timmy und Pepe (Level 1)\n5. Aaloo-Maaloo-Kaaloo (Level 1) (Italienisch)\n6. Perch\u00e9 sei speciale? - Was macht dich besonders? (Level 1)\n7. Maaloo\n Kaaloo ...e chi altro? - Maaloo\n Kaaloo ...und wer?\n8. Tommy e Tingu - Tommy und Tingu (Level 1)\n9. Londi: la piccola sognatrice - Londi: Das tr\u00e4umende M\u00e4dchen (Level 1)\n10. Amici - Freunde (Level 1)\n11. La palma - Die Palme (Level 1)\n12. Troppo grande! Troppo piccola! - Zu gro\u00df! Zu klein! (Level 1)\n13. Che cos'\u00e8? - Was ist es? (2) (Level 1)\n14. A cosa servono? - Wof\u00fcr sind die? (Level 1)\n15. Dov'\u00e8 Thabo? - Wo ist Thabo? (Level 1)\n16. La tigre - Der Tiger ist hier! (Level 1)\n17. Un uomo altissimo - Ein sehr gro\u00dfer Mann\n18. Chi mangia tutto questo? - Wer hat das alles aufgegessen? (Level 1)\n19. Riesci a sentirli? - Hast du geh\u00f6rt? (Level 1)\n20. La Scimmia e il Coccodrillo - Affe und Krokodil (Level 1)\n21. Andiamo! - Lass uns gehen (Level 1)\n22. Mostro Del Cibo - Essensmonster (Level 1)\n23. Una bella giornata - Ein sch\u00f6ner Tag (Level 1)\n24. Chi \u00e8 il nostro amico? - Wer ist unser Freund? (Level 1)\n25. Gratta! Gratta! Gratta! - Kratz! Kratzt! Kratz! (Level 1)\n26. Guardami! - L\u00fcckentext\n27. Guardami! - Wortpuzzle\n28. Goloo il Cerchio - L\u00fcckentext\n29. Goloo il Cerchio - Wortpuzzle\n30. Sapere e non sapere - L\u00fcckentext\n31. Sapere e non sapere - Wortpuzzle\n32. Lucia e Pepe - L\u00fcckentext\n33. Lucia e Pepe - Finde die 10 W\u00f6rter\n34. Aaloo-Maaloo-Kaaloo - L\u00fcckentext\n35. Aaloo-Maaloo-Kaaloo - Wortpuzzle\n36. Perch\u00e9 sei speciale? - L\u00fcckentext\n37. Perch\u00e9 sei speciale? - Finde die 10 W\u00f6rter\n38. Maaloo\n Kaaloo ...e chi altro? - L\u00fcckentext\n39. Maaloo\n Kaaloo ...e chi altro? - Wortpuzzle\n40. Londi: la piccola sognatrice - L\u00fcckentext\n41. Londi: la piccola sognatrice - Wortpuzzle\n42. Tommy e Tingu - L\u00fcckentext\n43. Tommy e Tingu - Wortpuzzle\n44. Amici - L\u00fcckentext\n45. Amici - Wortpuzzle\n46. La palma - L\u00fcckentext\n47. La palma - Wortpuzzle\n48. Troppo grande! Troppo piccola! - L\u00fcckentext\n49. Troppo grande! Troppo piccola! - Wortpuzzle\n50. Che cos'\u00e8? - L\u00fcckentext\n51. Che cos'\u00e8? - Wortpuzzle\n52. A cosa servono? - L\u00fcckentext\n53. A cosa servono? - Wortpuzzle\n54. Dov'\u00e8 Thabo? - L\u00fcckentext\n55. Dov'\u00e8 Thabo? - Wortpuzzle\n56. La tigre - L\u00fcckentext\n57. La tigre - Wortpuzzle\n58. Un uomo altissimo - L\u00fcckentext\n59. Un uomo altissimo - Wortpuzzle\n60. Chi mangia tutto questo? - L\u00fcckentext\n61. Chi mangia tutto questo? - Wortpuzzle\n62. Riesci a sentirli? - L\u00fcckentext\n63. Riesci a sentirli? - Wortpuzzle\n64. La Scimmia e il Coccodrillo - L\u00fcckentext\n65. La Scimmia e il Coccodrillo - Wortpuzzle\n66. Andiamo! - L\u00fcckentext\n67. Andiamo! - Wortpuzzle\n68. Mostro Del Cibo - L\u00fcckentext\n69. Mostro Del Cibo - Wortpuzzle\n70. Una bella giornata - L\u00fcckentext\n71. Una bella giornata - Wortpuzzle\n72. Chi \u00e8 il nostro amico? - L\u00fcckentext\n73. Chi \u00e8 il nostro amico? - Wortpuzzle\n74. Gratta! Gratta! Gratta! - L\u00fcckentext\n75. Gratta! Gratta! Gratta! - Wortpuzzle","hide_numbers":true,"flyer":null,"info_columns":null},"_links":{"self":[{"href":"https:\/\/www.medienlb.com\/en\/wp-json\/wp\/v2\/product\/22140","targetHints":{"allow":["GET"]}}],"collection":[{"href":"https:\/\/www.medienlb.com\/en\/wp-json\/wp\/v2\/product"}],"about":[{"href":"https:\/\/www.medienlb.com\/en\/wp-json\/wp\/v2\/types\/product"}],"wp:featuredmedia":[{"embeddable":true,"href":"https:\/\/www.medienlb.com\/en\/wp-json\/wp\/v2\/media\/19390"}],"wp:attachment":[{"href":"https:\/\/www.medienlb.com\/en\/wp-json\/wp\/v2\/media?parent=22140"}],"wp:term":[{"taxonomy":"product_brand","embeddable":true,"href":"https:\/\/www.medienlb.com\/en\/wp-json\/wp\/v2\/product_brand?post=22140"},{"taxonomy":"product_cat","embeddable":true,"href":"https:\/\/www.medienlb.com\/en\/wp-json\/wp\/v2\/product_cat?post=22140"},{"taxonomy":"product_tag","embeddable":true,"href":"https:\/\/www.medienlb.com\/en\/wp-json\/wp\/v2\/product_tag?post=22140"}],"curies":[{"name":"wp","href":"https:\/\/api.w.org\/{rel}","templated":true}]}}