{"id":22137,"date":"2023-12-12T17:17:09","date_gmt":"2023-12-12T17:17:09","guid":{"rendered":"https:\/\/www.medienlb.com\/produkt\/italienisch-deutsch-2\/"},"modified":"2024-02-14T14:56:53","modified_gmt":"2024-02-14T14:56:53","slug":"italienisch-deutsch-2","status":"publish","type":"product","link":"https:\/\/www.medienlb.com\/en\/produkt\/italienisch-deutsch-2\/","title":{"rendered":"Italienisch\/Deutsch"},"content":{"rendered":"<p>In unserem Arbeitsheft Bildergeschichten (Level 1) Vol. 2 &#8211; Italienisch\/Deutsch finden Sie interaktive und didaktisch aufbereitete Aufgaben.<\/p>\n<p>Kindgerechte und sinnhafte Kurzgeschichten mit hochwertigen Illustrationen.<br \/>\nDas Medium enth\u00e4lt 75 interaktive Module (H5P) mit 25 digitalen Bildgeschichten in Italienisch und Deutsch (umschaltbar). Die Bilder sind einzeln mit Text versehen und erz\u00e4hlen eine Kurzgeschichte. Das Sprachniveau liegt bei Level 1 (weniger als 250 W\u00f6rter\/Geschichte). Die Bild-\/Textseiten k\u00f6nnen Digital oder als ausgedruckte Bildkartensets verwendet werden. Zu jeder Bildgeschichte sind separate, wechselnde Aufgabenmodule vorhanden, u.a. L\u00fcckentext, Vokabeltraining, Wortgitter, W\u00f6rterpuzzle. Alle Module k\u00f6nnen und sollten auch als Lesetraining verwendet werden.<\/p>\n","protected":false},"excerpt":{"rendered":"<p>In unserem Arbeitsheft Bildergeschichten (Level 1) Vol. 2 &#8211; Italienisch\/Deutsch finden Sie interaktive und didaktisch aufbereitete Aufgaben.<\/p>\n","protected":false},"featured_media":19397,"template":"","meta":{"_acf_changed":false},"product_brand":[],"product_cat":[183],"product_tag":[155,153,120,126],"class_list":{"0":"post-22137","1":"product","2":"type-product","3":"status-publish","4":"has-post-thumbnail","6":"product_cat-interactive-workbook","7":"product_tag-old_image-2","8":"product_tag-subject-foreign-language","9":"product_tag-subject-german","10":"product_tag-target-sek-i-2","12":"first","13":"instock","14":"taxable","15":"shipping-taxable","16":"purchasable","17":"product-type-variable"},"acf":{"subtitle":"","article_id":"55506069","languages":"DE","thumb_up":false,"cover_image":null,"linked_product":null,"linked_products":null,"banner":{"show":false,"text":"","color":""},"length":"","content_movie":"","learning_goals":"","preview_gif":null,"trailer":{"file":null,"url":"","image":null},"mediathek_id":"","amount":50,"demo_url":"","h5p_demo_id":"","content_interactive":"1. Piccoli pittori - Die kleinen Maler (Level 1)\n2. I sette colori dell'arcobaleno - 7 Farben des Regenbogens (Level 1)\n3. Akila e la formica - Flei\u00dfige Ameisen (Level 1)\n4. Una strada\n o uno zoo? - Eine Stra\u00dfe oder ein Zoo? (Level 1)\n5. Il regalo di Natale di Sam - Sams Weihnachtsgeschenk (Level 1)\n6. Io e mia sorella - Meine Schwester und ich (Level 1)\n7. L'albero di mango - Der Mangobaum (Level 1)\n8. Storie della buona notte - Gute-Nacht-Geschichten (Level 1)\n9. La cosa pi\u00fa bella del mondo - Die beste Sache aller Zeiten (Level 1)\n10. Io e mio fratello Samir - Mein Bruder und ich (Level 1)\n11. Il topolino ingordo - Die gierige Maus (Level 1)\n12. Il re grasso\n il cane magro - Dicker K\u00f6nig\n d\u00fcnner Hund (Level 1)\n13. Voglio questo! - Das will ich haben! (Level 1)\n14. Bunty e Bubbly - Bunty und Bubbly (Level 1)\n15. La Luna e il Capello - Der Mond und die M\u00fctze (Level 1)\n16. Bheema\n il Dormiglione - Bheema\n die Schlafm\u00fctze (Level 1)\n17. L'impermeabile rosso - Der rote Regenmantel (Level 1)\n18. Casa mia - Mein Zuhause (Level 1)\n19. Perso e ritrovato - Verloren und gefunden (Level 1)\n20. Posso fare tante cose! - Ich kann Dinge herstellen! (Level 1)\n21. Io non ho paura - Ich habe keine Angst! (Level 1)\n22. Abbracci in citt\u00e0 - Umarmungen in der Stadt (Level 1)\n23. Ma\n perch\u00e9? - Warum\n warum nur? (Level 1)\n24. C'\u00e8 qualcuno come me? - Gibt es jemanden\n der so ist wie ich? (Level 1)\n25. Dlin Dlon - Ting Tong (Level 1)\n26. Piccoli pittori - L\u00fcckentext\n27. Piccoli pittori - Finde die 10 W\u00f6rter\n28. I sette colori dell'arcobaleno - L\u00fcckentext\n29. I sette colori dell'arcobaleno - Wortpuzzle\n30. Akila e la formica - L\u00fcckentext\n31. Akila e la formica - Wortpuzzle\n32. Una strada\n o uno zoo? - L\u00fcckentext\n33. Una strada\n o uno zoo? - Wortpuzzle\n34. Il regalo di Natale di Sam - L\u00fcckentext\n35. Il regalo di Natale di Sam - Finde die 10 W\u00f6rter\n36. Io e mia sorella - L\u00fcckentext\n37. Io e mia sorella - Wortpuzzle\n38. L'albero di mango - L\u00fcckentext\n39. L'albero di mango - Wortpuzzle\n40. Storie della buona notte - L\u00fcckentext\n41. Storie della buona notte - Finde die 10 W\u00f6rter\n42. La cosa pi\u00fa bella del mondo - L\u00fcckentext\n43. La cosa pi\u00fa bella del mondo - Wortpuzzle\n44. Io e mio fratello Samir - L\u00fcckentext\n45. Io e mio fratello Samir - Finde die 10 W\u00f6rter\n46. Il topolino ingordo - L\u00fcckentext\n47. Il topolino ingordo - Wortpuzzle\n48. Il re grasso\n il cane magro - L\u00fcckentext\n49. Il re grasso\n il cane magro - Finde die 10 W\u00f6rter\n50. Voglio questo! - L\u00fcckentext\n51. Voglio questo! - Finde die 10 W\u00f6rter\n52. Bunty e Bubbly - L\u00fcckentext\n53. Bunty e Bubbly - Wortpuzzle\n54. La Luna e il Capello - L\u00fcckentext\n55. La Luna e il Capello - Wortpuzzle\n56. Bheema\n il Dormiglione - L\u00fcckentext\n57. Bheema\n il Dormiglione - Wortpuzzle\n58. L'impermeabile rosso - L\u00fcckentext\n59. L'impermeabile rosso - Finde die 10 W\u00f6rter\n60. Casa mia - L\u00fcckentext\n61. Casa mia - Finde die 10 W\u00f6rter\n62. Perso e ritrovato - L\u00fcckentext\n63. Perso e ritrovato - Finde die 10 W\u00f6rter\n64. Posso fare tante cose! - L\u00fcckentext\n65. Posso fare tante cose! - Wortpuzzle\n66. Io non ho paura - L\u00fcckentext\n67. Io non ho paura - Finde die 10 W\u00f6rter\n68. Abbracci in citt\u00e0 - L\u00fcckentext\n69. Abbracci in citt\u00e0 - Finde die 10 W\u00f6rter\n70. Ma\n perch\u00e9? - L\u00fcckentext\n71. Ma\n perch\u00e9? - Wortpuzzle\n72. C'\u00e8 qualcuno come me? - L\u00fcckentext\n73. C'\u00e8 qualcuno come me? - Finde die 10 W\u00f6rter\n74. Dlin Dlon - L\u00fcckentext\n75. Dlin Dlon - Finde die 10 W\u00f6rter","hide_numbers":true,"flyer":null,"info_columns":null},"_links":{"self":[{"href":"https:\/\/www.medienlb.com\/en\/wp-json\/wp\/v2\/product\/22137","targetHints":{"allow":["GET"]}}],"collection":[{"href":"https:\/\/www.medienlb.com\/en\/wp-json\/wp\/v2\/product"}],"about":[{"href":"https:\/\/www.medienlb.com\/en\/wp-json\/wp\/v2\/types\/product"}],"wp:featuredmedia":[{"embeddable":true,"href":"https:\/\/www.medienlb.com\/en\/wp-json\/wp\/v2\/media\/19397"}],"wp:attachment":[{"href":"https:\/\/www.medienlb.com\/en\/wp-json\/wp\/v2\/media?parent=22137"}],"wp:term":[{"taxonomy":"product_brand","embeddable":true,"href":"https:\/\/www.medienlb.com\/en\/wp-json\/wp\/v2\/product_brand?post=22137"},{"taxonomy":"product_cat","embeddable":true,"href":"https:\/\/www.medienlb.com\/en\/wp-json\/wp\/v2\/product_cat?post=22137"},{"taxonomy":"product_tag","embeddable":true,"href":"https:\/\/www.medienlb.com\/en\/wp-json\/wp\/v2\/product_tag?post=22137"}],"curies":[{"name":"wp","href":"https:\/\/api.w.org\/{rel}","templated":true}]}}