{"id":22134,"date":"2023-12-12T17:17:13","date_gmt":"2023-12-12T17:17:13","guid":{"rendered":"https:\/\/www.medienlb.com\/produkt\/italienisch-deutsch\/"},"modified":"2024-02-14T14:56:50","modified_gmt":"2024-02-14T14:56:50","slug":"italienisch-deutsch","status":"publish","type":"product","link":"https:\/\/www.medienlb.com\/en\/produkt\/italienisch-deutsch\/","title":{"rendered":"Italienisch\/Deutsch"},"content":{"rendered":"<p>In unserem Arbeitsheft Bildergeschichten (Level 1) Vol. 1 &#8211; Italienisch\/Deutsch finden Sie interaktive und didaktisch aufbereitete Aufgaben.<\/p>\n<p>Kindgerechte und sinnhafte Kurzgeschichten mit hochwertigen Illustrationen.<br \/>\nDas Medium enth\u00e4lt 100 interaktive Module (H5P) mit 25 digitalen Bildgeschichten in Italienisch und Deutsch (umschaltbar). Die Bilder sind einzeln mit Text versehen und erz\u00e4hlen eine Kurzgeschichte. Das Sprachniveau liegt bei Level 1 (weniger als 250 W\u00f6rter\/Geschichte). Die Bild-\/Textseiten k\u00f6nnen Digital oder als ausgedruckte Bildkartensets verwendet werden. Zu jeder Bildgeschichte sind separate, wechselnde Aufgabenmodule vorhanden, u.a. L\u00fcckentext, Vokabeltraining, Wortgitter, W\u00f6rterpuzzle. Alle Module k\u00f6nnen und sollten auch als Lesetraining verwendet werden.<\/p>\n","protected":false},"excerpt":{"rendered":"<p>In unserem Arbeitsheft Bildergeschichten (Level 1) Vol. 1 &#8211; Italienisch\/Deutsch finden Sie interaktive und didaktisch aufbereitete Aufgaben.<\/p>\n","protected":false},"featured_media":19405,"template":"","meta":{"_acf_changed":false},"product_brand":[],"product_cat":[183],"product_tag":[155,153,120,126],"class_list":{"0":"post-22134","1":"product","2":"type-product","3":"status-publish","4":"has-post-thumbnail","6":"product_cat-interactive-workbook","7":"product_tag-old_image-2","8":"product_tag-subject-foreign-language","9":"product_tag-subject-german","10":"product_tag-target-sek-i-2","12":"first","13":"instock","14":"taxable","15":"shipping-taxable","16":"purchasable","17":"product-type-variable"},"acf":{"subtitle":"","article_id":"55505759","languages":"DE","thumb_up":false,"cover_image":null,"linked_product":null,"linked_products":null,"banner":{"show":false,"text":"","color":""},"length":"","content_movie":"","learning_goals":"","preview_gif":"","trailer":{"file":"","url":"","image":""},"mediathek_id":"","amount":50,"demo_url":"","h5p_demo_id":"","content_interactive":"1. Sorridi per favore! - Bitte L\u00e4cheln (Level 1)\r\n2. Felice e triste - Gl\u00fccklich und traurig (Level 1)\r\n3. Non ora non ora! - Nicht jetzt nicht jetzt! (Level 1)\r\n4. \"Questo pesce e' mio!\" \"No... e' mio! \" - Mein Fisch! Nein mein Fisch!\r\n5. I kolam di Susheela - Susheelas Kolams (Level 1)\r\n6. Il primo giorno di scuola di Rani - Ranis erster Schultag (Level 1)\r\n7. Che Giochi! - Spielzeit (Level 1)\r\n8. I miei amici - Meine Freunde (Level 1)\r\n9. I colori della natura - Farben der Natur (Level 1)\r\n10. Io so salire! - Ich kann klettern (Level 1)\r\n11. Un sogno fantastico - Was w\u00e4re wenn? (Level 1)\r\n12. Posso aiutare! - Ich kann helfen! (Level 1)\r\n13. La Mia Migliore Amica - Meine beste Freundin (Level 1)\r\n14. Il gatto pulito - Saubere Katze (Level 1)\r\n15. Fedele come un cane - Frechdachs (Level 1)\r\n16. L'ora del bagno per Chunnu e Munnu - Badezeit f\u00fcr Chunnu und Munnu\r\n17. I colori della strada - Farben auf der Stra\u00dfe (Level 1)\r\n18. La gara - Das Rennen (Level 1)\r\n19. \u00c8 per il tuo bene - Gut f\u00fcr dich (Level 1)\r\n20. Lara la coccinella gialla - Lara der gelbe Marienk\u00e4fer (Level 1)\r\n21. Contiamo gli Animali - Tiere z\u00e4hlen (Level 1)\r\n22. I tre gattini - Die drei kleinen K\u00e4tzchen (Level 1)\r\n23. La signorina Piggy - Schweinchen m\u00f6chte fliegen (Level 1)\r\n24. La mia maestra - Meine Lehrerin (Level 1)\r\n25. L'aquilone - Der Lenkdrachen (Level 1)\r\n26. Sorridi per favore! - L\u00fcckentext\r\n27. Sorridi per favore! - Finde die 10 W\u00f6rter\r\n28. Felice e triste - L\u00fcckentext\r\n29. Felice e triste - Wortpuzzle\r\n30. Non ora non ora! - L\u00fcckentext\r\n31. Non ora non ora! - Finde die 10 W\u00f6rter\r\n32. \"Questo pesce e' mio!\" \"No... e' mio! \" - L\u00fcckentext\r\n33. \"Questo pesce e' mio!\" \"No... e' mio! - Finde die 10 W\u00f6rter\r\n34. I kolam di Susheela - L\u00fcckentext\r\n35. I kolam di Susheela - Finde die 10 W\u00f6rter\r\n36. Il primo giorno di scuola di Rani - L\u00fcckentext\r\n37. Il primo giorno di scuola di Rani - Wortpuzzle\r\n38. Che Giochi! - L\u00fcckentext\r\n39. Che Giochi! - Finde die 10 W\u00f6rter\r\n40. I miei amici - L\u00fcckentext\r\n41. I miei amici - Wortpuzzle\r\n42. I colori della natura - L\u00fcckentext\r\n43. I colori della natura - Finde die 10 W\u00f6rter\r\n44. Io so salire! - L\u00fcckentext\r\n45. Io so salire! - Wortpuzzle\r\n46. Un sogno fantastico - L\u00fcckentext\r\n47. Un sogno fantastico - Finde die 10 W\u00f6rter\r\n48. Posso aiutare! - L\u00fcckentext\r\n49. Posso aiutare! - Finde die 10 W\u00f6rter\r\n50. La Mia Migliore Amica - L\u00fcckentext\r\n51. La Mia Migliore Amica - Wortpuzzle\r\n52. Il gatto pulito - L\u00fcckentext\r\n53. Il gatto pulito - Wortpuzzle\r\n54. Fedele come un cane - L\u00fcckentext\r\n55. Fedele come un cane - Finde die 10 W\u00f6rter\r\n56. L'ora del bagno per Chunnu e Munnu - L\u00fcckentext\r\n57. L'ora del bagno per Chunnu e Munnu - Finde die 10 W\u00f6rter\r\n58. I colori della strada - L\u00fcckentext\r\n59. I colori della strada - Wortpuzzle\r\n60. La gara - L\u00fcckentext\r\n61. La gara - Wortpuzzle\r\n62. \u00c8 per il tuo bene - L\u00fcckentext\r\n63. \u00c8 per il tuo bene - Finde die 10 W\u00f6rter\r\n64. Lara la coccinella gialla - L\u00fcckentext\r\n65. Lara la coccinella gialla - Finde die 10 W\u00f6rter\r\n66. Contiamo gli Animali - L\u00fcckentext\r\n67. Contiamo gli Animali - Wortpuzzle\r\n68. I tre gattini - L\u00fcckentext\r\n69. I tre gattini - Finde die 10 W\u00f6rter\r\n70. La signorina Piggy - L\u00fcckentext\r\n71. La signorina Piggy - Wortpuzzle\r\n72. La mia maestra - L\u00fcckentext\r\n73. La mia maestra - Finde die 10 W\u00f6rter\r\n74. L'aquilone - L\u00fcckentext\r\n75. L'aquilone - Wortpuzzle","hide_numbers":true,"flyer":"","info_columns":null},"_links":{"self":[{"href":"https:\/\/www.medienlb.com\/en\/wp-json\/wp\/v2\/product\/22134","targetHints":{"allow":["GET"]}}],"collection":[{"href":"https:\/\/www.medienlb.com\/en\/wp-json\/wp\/v2\/product"}],"about":[{"href":"https:\/\/www.medienlb.com\/en\/wp-json\/wp\/v2\/types\/product"}],"wp:featuredmedia":[{"embeddable":true,"href":"https:\/\/www.medienlb.com\/en\/wp-json\/wp\/v2\/media\/19405"}],"wp:attachment":[{"href":"https:\/\/www.medienlb.com\/en\/wp-json\/wp\/v2\/media?parent=22134"}],"wp:term":[{"taxonomy":"product_brand","embeddable":true,"href":"https:\/\/www.medienlb.com\/en\/wp-json\/wp\/v2\/product_brand?post=22134"},{"taxonomy":"product_cat","embeddable":true,"href":"https:\/\/www.medienlb.com\/en\/wp-json\/wp\/v2\/product_cat?post=22134"},{"taxonomy":"product_tag","embeddable":true,"href":"https:\/\/www.medienlb.com\/en\/wp-json\/wp\/v2\/product_tag?post=22134"}],"curies":[{"name":"wp","href":"https:\/\/api.w.org\/{rel}","templated":true}]}}