{"id":22125,"date":"2023-12-12T17:17:26","date_gmt":"2023-12-12T17:17:26","guid":{"rendered":"https:\/\/www.medienlb.com\/produkt\/rumaenisch-deutsch\/"},"modified":"2024-02-14T14:56:40","modified_gmt":"2024-02-14T14:56:40","slug":"rumaenisch-deutsch","status":"publish","type":"product","link":"https:\/\/www.medienlb.com\/en\/produkt\/rumaenisch-deutsch\/","title":{"rendered":"Rum\u00e4nisch\/Deutsch"},"content":{"rendered":"<p>In unserem Arbeitsheft Bildergeschichten (Level 1) Vol. 1 &#8211; Rum\u00e4nisch\/Deutsch finden Sie 50 interaktive und didaktisch aufbereitete Aufgaben.<\/p>\n<p>Das Medium bietet H5P-Aufgaben an, die ohne zus\u00e4tzliche Software verwendbar sind. Das Medium enth\u00e4lt interaktive Videos und 50 H5P-Aufgaben zum Thema Bildergeschichten.<br \/>\nDurch interaktive Aufgabentypen wird das audiovisuelle und interaktive Lernen einfach.<br \/>\nLernen macht jetzt Spa\u00df!\u00a0<br \/>\n\u00a0<\/p>\n","protected":false},"excerpt":{"rendered":"<p>In unserem Arbeitsheft Bildergeschichten (Level 1) Vol. 1 &#8211; Rum\u00e4nisch\/Deutsch finden Sie 50 interaktive und didaktisch aufbereitete Aufgaben.<\/p>\n","protected":false},"featured_media":19426,"template":"","meta":{"_acf_changed":false},"product_brand":[],"product_cat":[183],"product_tag":[155,153,120,126],"class_list":{"0":"post-22125","1":"product","2":"type-product","3":"status-publish","4":"has-post-thumbnail","6":"product_cat-interactive-workbook","7":"product_tag-old_image-2","8":"product_tag-subject-foreign-language","9":"product_tag-subject-german","10":"product_tag-target-sek-i-2","12":"first","13":"instock","14":"taxable","15":"shipping-taxable","16":"purchasable","17":"product-type-variable"},"acf":{"subtitle":"","article_id":"55505753","languages":"DE","thumb_up":false,"cover_image":null,"linked_product":null,"linked_products":null,"banner":{"show":false,"text":"","color":""},"length":"","content_movie":"","learning_goals":"","preview_gif":"","trailer":{"file":"","url":"","image":""},"mediathek_id":"","amount":50,"demo_url":"","h5p_demo_id":"","content_interactive":"1. Chunnu \u015fi Munnu fac b\u0103i\u0163\u0103 - Badezeit f\u00fcr Chunnu und Munnu\r\n 2. Nimic! - Nichts\r\n 3. La joac\u0103 - Spielzeit\r\n 4. \u00cenc\u0103 nu \u00eenc\u0103 nu! - Nicht jetzt nicht jetzt!\r\n 5. Furnicile h\u0103rnicu\u0163e - Flei\u00dfige Ameisen\r\n 6. Lara buburuza cea galbena - Lara der gelbe Marienk\u00e4fer\r\n 7. Ce este? - Was ist es?\r\n 8. Pisica cea curat\u00e2 - Saubere Katze\r\n 9. Bheema somnorosul - Bheema die Schlafm\u00fctze\r\n 10. Micu\u0163ii pictori - Die kleinen Maler\r\n 11. Accident grav - Schwerer Unfall\r\n 12. Cadoul de Cr\u00e2ciun al lui Radu - Sams Weihnachtsgeschenk\r\n 13. S\u00e2 numaram animale - Tiere z\u00e4hlen\r\n 14. Ce pot \u015fi ce nu pot - Kann und kann nicht\r\n 15. Mie nu mi-e fric\u00e2 - Ich habe keine Angst!\r\n 16. Regele gras \u015fi c\u00e2\u0163elul slab - Dicker K\u00f6nig d\u00fcnner Hund\r\n 17. Z\u00e2mbe\u015fte te rog! - Bitte l\u00e4cheln!\r\n 18. Cea mai buna prietena a mea - Meine beste Freundin\r\n 19. Prea mic\u00e2! Prea mare! - Zu gro\u00df! Zu klein!\r\n 20. Ce este? (2) - Was ist das? (2)\r\n 21. Astazi sunt - Heute bin ich\r\n 22. Papuci pentru leu - Die Schuhe des L\u00f6wen\r\n 23. Cine este Cel mai Rapid? - Wer ist schneller?\r\n 24. Cel mai bun lucru din toate timpurile - Die beste Sache aller Zeiten\r\n 25. Mantaua ro\u015fie de ploaie - Der rote Regenmantel\r\n 26. Eu \u015fi sora mea - Meine Schwester und ich\r\n 27. Pe\u015ftele meu! Ba al meu! - Mein Fisch! Nein mein Fisch!\r\n 28. Pot s\u00e2 fac diverse lucruri! - Ich kann Dinge herstellen!\r\n 29. Prima zi de \u015fcoal\u00e2 a lui Rani - Ranis erster Schultag\r\n 30. Cei trei pisoiasi - Die drei kleinen K\u00e4tzchen\r\n 31. Soricelul cel lacom - Die gierige Maus\r\n 32. Albinu\u0163a si elefantul - Die Biene und der Elefant\r\n 33. Prietenii Mei - Meine Freunde\r\n 34. Timmy \u015fi Pepe - Timmy und Pepe\r\n 35. Toamna - Herbst\r\n 36. Cine este prietenul nostru? - Wer ist unser Freund?\r\n 37. Acum te-am prins! - Jetzt habe ich dich!\r\n 38. Oul - Das Ei\r\n 39. Copacul de mango - Der Mangobaum\r\n 40. Cursa - Das Rennen\r\n 41. Eu pot ajuta - Ich kann helfen!\r\n 42. Vreau sa fac si Nu vreau sa fac - Tun und Lassen\r\n 43. Pisica Coco - Coco die Katze\r\n 44. \u00cenv\u00e2\u0163\u00e2m despre feline - Wilde Katzen!\r\n 45. Un b\u00e2rbat foarte \u00eenalt - Ein sehr gro\u00dfer Mann\r\n 46. O vreau pe aceea! - Das will ich haben!\r\n 47. Aventura Sofiei - Sofias Reise\r\n 48. Bunty \u015fi Bubbly - Bunty und Bubbly\r\n 49. Scarpin\u00e2! Scarpin\u00e2! Scarpin\u00e2! - Kratz! Kratzt! Kratz!\r\n 50. M\u00e2 pot c\u00e2\u0163\u00e2ra - Ich kann klettern","hide_numbers":true,"flyer":"","info_columns":null},"_links":{"self":[{"href":"https:\/\/www.medienlb.com\/en\/wp-json\/wp\/v2\/product\/22125","targetHints":{"allow":["GET"]}}],"collection":[{"href":"https:\/\/www.medienlb.com\/en\/wp-json\/wp\/v2\/product"}],"about":[{"href":"https:\/\/www.medienlb.com\/en\/wp-json\/wp\/v2\/types\/product"}],"wp:featuredmedia":[{"embeddable":true,"href":"https:\/\/www.medienlb.com\/en\/wp-json\/wp\/v2\/media\/19426"}],"wp:attachment":[{"href":"https:\/\/www.medienlb.com\/en\/wp-json\/wp\/v2\/media?parent=22125"}],"wp:term":[{"taxonomy":"product_brand","embeddable":true,"href":"https:\/\/www.medienlb.com\/en\/wp-json\/wp\/v2\/product_brand?post=22125"},{"taxonomy":"product_cat","embeddable":true,"href":"https:\/\/www.medienlb.com\/en\/wp-json\/wp\/v2\/product_cat?post=22125"},{"taxonomy":"product_tag","embeddable":true,"href":"https:\/\/www.medienlb.com\/en\/wp-json\/wp\/v2\/product_tag?post=22125"}],"curies":[{"name":"wp","href":"https:\/\/api.w.org\/{rel}","templated":true}]}}