{"id":22110,"date":"2023-12-12T17:17:49","date_gmt":"2023-12-12T17:17:49","guid":{"rendered":"https:\/\/www.medienlb.com\/produkt\/verben-konjugieren\/"},"modified":"2024-02-14T14:56:24","modified_gmt":"2024-02-14T14:56:24","slug":"verben-konjugieren","status":"publish","type":"product","link":"https:\/\/www.medienlb.com\/en\/produkt\/verben-konjugieren\/","title":{"rendered":"Verben konjugieren"},"content":{"rendered":"<p>In unserem Arbeitsheft DaF\/DaZ, B1, Vol. 1 &#8211; Verben konjugieren finden Sie 50 interaktive und didaktisch aufbereitete Aufgaben.<\/p>\n<p>Das Medium bietet H5P-Aufgaben an, die ohne zus\u00e4tzliche Software verwendbar sind. Das Medium enth\u00e4lt 50 H5P-Aufgaben zum Thema Deutsch.\u00a0<br \/>\nDurch interaktive Aufgabentypen wird das audiovisuelle und interaktive Lernen einfach.<br \/>\nLernen macht jetzt Spa\u00df!<\/p>\n","protected":false},"excerpt":{"rendered":"<p>In unserem Arbeitsheft DaF\/DaZ, B1, Vol. 1 &#8211; Verben konjugieren finden Sie 50 interaktive und didaktisch aufbereitete Aufgaben.<\/p>\n","protected":false},"featured_media":19460,"template":"","meta":{"_acf_changed":false},"product_brand":[],"product_cat":[183],"product_tag":[155,120,126],"class_list":{"0":"post-22110","1":"product","2":"type-product","3":"status-publish","4":"has-post-thumbnail","6":"product_cat-interactive-workbook","7":"product_tag-old_image-2","8":"product_tag-subject-german","9":"product_tag-target-sek-i-2","11":"first","12":"instock","13":"taxable","14":"shipping-taxable","15":"purchasable","16":"product-type-variable"},"acf":{"subtitle":"","article_id":"55501757","languages":"DE","thumb_up":false,"cover_image":null,"linked_product":null,"linked_products":null,"banner":{"show":false,"text":"","color":""},"length":"","content_movie":"","learning_goals":"","preview_gif":null,"trailer":{"file":null,"url":"","image":null},"mediathek_id":"","amount":50,"demo_url":"","h5p_demo_id":"","content_interactive":"1. B1-Verben - Setze die Verben in die geforderten Zeiten (1)\n2. B1-Verben - Setze die Verben in die geforderten Zeiten (2)\n3. B1-Verben - Setze die Verben in die geforderten Zeiten (3)\n4. B1-Verben - Setze die Verben in die geforderten Zeiten (4)\n5. B1-Verben - Setze die Verben in die geforderten Zeiten (5)\n6. B1-Verben - Setze die Verben in die geforderten Zeiten (6)\n7. B1-Verben - Setze die Verben in die geforderten Zeiten (7)\n8. B1-Verben - Setze die Verben in die geforderten Zeiten (8)\n9. B1-Verben - Setze die Verben in die geforderten Zeiten (9)\n10. B1-Verben - Setze die Verben in die geforderten Zeiten (10)\n11. B1 - Erg\u00e4nze die S\u00e4tze mit dem konjugierten Verb (Pr\u00e4sens) (1)\n12. B1 - Erg\u00e4nze die S\u00e4tze mit dem konjugierten Verb (Pr\u00e4sens) (2)\n13. B1 - Erg\u00e4nze die S\u00e4tze mit dem konjugierten Verb (Pr\u00e4sens) (3)\n14. B1 - Erg\u00e4nze die S\u00e4tze mit dem konjugierten Verb (Pr\u00e4sens) (4)\n15. B1 - Erg\u00e4nze die S\u00e4tze mit dem konjugierten Verb (Pr\u00e4sens) (5)\n16. B1 - Erg\u00e4nze die S\u00e4tze mit dem konjugierten Verb (Pr\u00e4sens) (6)\n17. B1 - Erg\u00e4nze die S\u00e4tze mit dem konjugierten Verb (Pr\u00e4teritum) (1)\n18. B1 - Erg\u00e4nze die S\u00e4tze mit dem konjugierten Verb (Pr\u00e4teritum) (2)\n19. B1 - Erg\u00e4nze die S\u00e4tze mit dem konjugierten Verb (Pr\u00e4teritum) (3)\n20. B1 - Erg\u00e4nze die S\u00e4tze mit dem konjugierten Verb (Pr\u00e4teritum) (4)\n21. B1 - Erg\u00e4nze die S\u00e4tze mit dem konjugierten Verb (Pr\u00e4teritum) (5)\n22. B1 - Erg\u00e4nze die S\u00e4tze mit dem konjugierten Verb (Pr\u00e4teritum) (6)\n23. B1 - Erg\u00e4nze die S\u00e4tze mit dem konjugierten Verb (Perfekt) (1)\n24. B1 - Erg\u00e4nze die S\u00e4tze mit dem konjugierten Verb (Perfekt) (2)\n25. B1 - Erg\u00e4nze die S\u00e4tze mit dem konjugierten Verb (Perfekt) (3)\n26. Substantivierung (Nominalisierungen) von Verben und Adjektiven (1)\n27. Substantivierung (Nominalisierungen) von Verben und Adjektiven (2)\n28. Erg\u00e4nze die Substantive (Nomen) in der richtigen Form (1)\n29. Erg\u00e4nze die Substantive (Nomen) in der richtigen Form (2)\n30. Formuliere die Aufforderungen im Imperativ (Befehlsform) (1)\n31. Formuliere die Aufforderungen im Imperativ (Befehlsform) (2)\n32. Formuliere und schreibe die S\u00e4tze im Pr\u00e4teritum (1)\n33. Formuliere und schreibe die S\u00e4tze im Pr\u00e4teritum (2)\n34. Formuliere und schreibe die S\u00e4tze im Pr\u00e4teritum (3)\n35. Formuliere und schreibe die S\u00e4tze im Pr\u00e4teritum (4)\n36. Passivs\u00e4tze (nach Vorgabe & m\u00fcssen) bilden (1)\n37. Passivs\u00e4tze (nach Vorgabe & m\u00fcssen) bilden (2)\n38. Formuliere und schreibe die S\u00e4tze im Perfekt (1)\n39. Formuliere und schreibe die S\u00e4tze im Perfekt (2)\n40. Formuliere und schreibe die S\u00e4tze im Perfekt (3)\n41. Formuliere und schreibe die S\u00e4tze im Perfekt (4)\n42. Erg\u00e4nze worden oder geworden (1)\n43. Erg\u00e4nze worden oder geworden (2)\n44. Formuliere und schreibe die S\u00e4tze im Pr\u00e4sens (1)\n45. Formuliere und schreibe die S\u00e4tze im Pr\u00e4sens (2)\n46. Formuliere und schreibe die S\u00e4tze im Pr\u00e4sens (3)\n47. Formuliere und schreibe die S\u00e4tze im Pr\u00e4sens (4)\n48. Formuliere und schreibe die S\u00e4tze im Pr\u00e4sens (5)\n49. Finde von 10 Verben die Verbformen im Pr\u00e4teritum - Wortgitter (5 Min.)\n50. Finde von 12 Verben die Verbformen im Pr\u00e4teritum - Wortgitter (5 Min.)","hide_numbers":true,"flyer":null,"info_columns":null},"_links":{"self":[{"href":"https:\/\/www.medienlb.com\/en\/wp-json\/wp\/v2\/product\/22110","targetHints":{"allow":["GET"]}}],"collection":[{"href":"https:\/\/www.medienlb.com\/en\/wp-json\/wp\/v2\/product"}],"about":[{"href":"https:\/\/www.medienlb.com\/en\/wp-json\/wp\/v2\/types\/product"}],"wp:featuredmedia":[{"embeddable":true,"href":"https:\/\/www.medienlb.com\/en\/wp-json\/wp\/v2\/media\/19460"}],"wp:attachment":[{"href":"https:\/\/www.medienlb.com\/en\/wp-json\/wp\/v2\/media?parent=22110"}],"wp:term":[{"taxonomy":"product_brand","embeddable":true,"href":"https:\/\/www.medienlb.com\/en\/wp-json\/wp\/v2\/product_brand?post=22110"},{"taxonomy":"product_cat","embeddable":true,"href":"https:\/\/www.medienlb.com\/en\/wp-json\/wp\/v2\/product_cat?post=22110"},{"taxonomy":"product_tag","embeddable":true,"href":"https:\/\/www.medienlb.com\/en\/wp-json\/wp\/v2\/product_tag?post=22110"}],"curies":[{"name":"wp","href":"https:\/\/api.w.org\/{rel}","templated":true}]}}