{"id":22104,"date":"2023-12-12T17:17:58","date_gmt":"2023-12-12T17:17:58","guid":{"rendered":"https:\/\/www.medienlb.com\/produkt\/eroerterung-beschreibung-inhaltsangabe-grammatik\/"},"modified":"2024-02-14T14:56:18","modified_gmt":"2024-02-14T14:56:18","slug":"eroerterung-beschreibung-inhaltsangabe-grammatik","status":"publish","type":"product","link":"https:\/\/www.medienlb.com\/en\/produkt\/eroerterung-beschreibung-inhaltsangabe-grammatik\/","title":{"rendered":"Er\u00f6rterung, Beschreibung, Inhaltsangabe, Grammatik"},"content":{"rendered":"<p>Deutsch 7, Vol. 1 &#8211; Er\u00f6rterung, Beschreibung, Inhaltsangabe, Grammatik<\/p>\n<p>In unserem Arbeitsheft Deutsch 7, Vol. 1 &#8211; Er\u00f6rterung, Beschreibung, Inhaltsangabe, Grammatik finden Sie 50 interaktive und didaktisch aufbereitete Aufgaben.<br \/>\nF\u00fcr den Unterricht empfohlen<\/p>\n<p>Das Medium bietet H5P-Aufgaben an, die ohne zus\u00e4tzliche Software verwendbar sind. Das Medium enth\u00e4lt interaktive Videos und 50 H5P-Aufgaben zur Aufsatzart Er\u00f6rterung, zum Beschreiben und Schildern, zu Aktiv und Passiv, der Indirekten Rede u.v.m.<br \/>\nDurch interaktive Aufgabentypen wird das audiovisuelle und interaktive Lernen einfach.<br \/>\nLernen macht jetzt Spa\u00df! <\/p>\n","protected":false},"excerpt":{"rendered":"<p>Deutsch 7, Vol. 1 &#8211; Er\u00f6rterung, Beschreibung, Inhaltsangabe, Grammatik<\/p>\n","protected":false},"featured_media":19474,"template":"","meta":{"_acf_changed":false},"product_brand":[],"product_cat":[183],"product_tag":[155,120,144],"class_list":{"0":"post-22104","1":"product","2":"type-product","3":"status-publish","4":"has-post-thumbnail","6":"product_cat-interactive-workbook","7":"product_tag-old_image-2","8":"product_tag-subject-german","9":"product_tag-target-lehrer-2","11":"first","12":"instock","13":"taxable","14":"shipping-taxable","15":"purchasable","16":"product-type-variable"},"acf":{"subtitle":"","article_id":"55500906","languages":"DE","thumb_up":true,"cover_image":null,"linked_product":null,"linked_products":null,"banner":{"show":false,"text":"","color":""},"length":"","content_movie":"","learning_goals":"","preview_gif":null,"trailer":{"file":null,"url":"","image":null},"mediathek_id":"","amount":50,"demo_url":"","h5p_demo_id":"","content_interactive":"1. Er\u00f6rterung - Wissensbox\n2. Richtig streiten - Interaktive Aufgabe\n3. Er\u00f6rterung - Interaktive Aufgaben (1)\n4. Er\u00f6rterung - Interaktive Aufgaben (2)\n5. Argumente bewerten - Interaktive Aufgabe\n6. Der Aufbau eines Arguments - Interaktives Video\n7. Einleitung und Schluss einer Er\u00f6rterung - Interaktives Video\n8. Lineare Er\u00f6rterung - Interaktives Video\n9. Gliederung\n Dialektische Er\u00f6rterung - Video und interaktive Aufgaben\n10. Materialgest\u00fctzte Er\u00f6rterung - Interaktives Video \n11. Indirektes Zitieren - Video und interaktive Aufgaben \n12. Direktes Zitieren - Video und interaktive Aufgaben \n13. Er\u00f6rterung - Bildkarten \n14. Beschreiben\n schildern und berichten - Wissensbox \n15. Bildbeschreibung - Video und interaktive Aufgaben \n16. Schildern mit bildhafter Sprache - Interaktive Aufgabe \n17. Vergleich oder Metapher - Interaktive Aufgaben \n18. Metapher oder Personifikation - Interaktive Aufgaben \n19. Beschreiben oder schildern - Interaktive Aufgaben \n20. Wortschatz\u00fcbung Beschreibung - Interaktive Aufgaben \n21. Berichten - Wortsuche \n22. Bericht - Interaktive Aufgabe \n23. Beschreiben\n schildern und berichten - Bildkarten \n24. Inhaltsangabe - Wissensbox \n25. Textverst\u00e4ndnis \u201eDer kluge Richter\u201c - Interaktive Aufgabe\n26. Inhaltsangabe - Interaktive Aufgabe \n27. Basissatz - Interaktive Aufgabe \n28. Informationen aus Sachtexten - Interaktives Video und Aufgaben \n30. Inhaltsangabe - Bildkarten 30. Satzglieder und Satzarten - Wissensbox \n31. Nebens\u00e4tze - Interaktive Aufgaben \n32. Adverbials\u00e4tze - Wortsuche \n33. Adverbials\u00e4tze - Interaktive Aufgaben \n34. Relativs\u00e4tze - Interaktive Aufgaben \n35. Satzreihe oder Satzgef\u00fcge? - Interaktive Aufgaben \n36. Nebensatzarten (1) - Interaktive Aufgaben \n37. Nebensatzarten (2) - Interaktive Aufgaben \n38. Satzglieder und Satzarten - Bildkarten \n39. \u201edas\u201c oder \u201edass\u201c - Interaktive Aufgaben \n40. Das Passiv - Interaktive Aufgaben \n41. Passiv finden - Interaktive Aufgaben \n42. Der Konjunktiv - Interaktive Aufgabe \n43. Werkzeug Indirekte Rede - Interaktive Aufgabe \n44. Indirekte Rede - Interaktive Aufgaben \n45. Getrennt- und Zusammenschreibung - Interaktive Aufgaben \n46. Lange und kurze Vokale - Interaktive Aufgaben \n47. Lange Vokale\n schnelle Runde - Interaktive Aufgaben \n48. Kurze Vokale\n schnelle Runde - Interaktive Aufgaben \n49. Kurze Vokale - Wortsuche \n50. Lange Vokale - Wortsuche","hide_numbers":true,"flyer":null,"info_columns":null},"_links":{"self":[{"href":"https:\/\/www.medienlb.com\/en\/wp-json\/wp\/v2\/product\/22104","targetHints":{"allow":["GET"]}}],"collection":[{"href":"https:\/\/www.medienlb.com\/en\/wp-json\/wp\/v2\/product"}],"about":[{"href":"https:\/\/www.medienlb.com\/en\/wp-json\/wp\/v2\/types\/product"}],"wp:featuredmedia":[{"embeddable":true,"href":"https:\/\/www.medienlb.com\/en\/wp-json\/wp\/v2\/media\/19474"}],"wp:attachment":[{"href":"https:\/\/www.medienlb.com\/en\/wp-json\/wp\/v2\/media?parent=22104"}],"wp:term":[{"taxonomy":"product_brand","embeddable":true,"href":"https:\/\/www.medienlb.com\/en\/wp-json\/wp\/v2\/product_brand?post=22104"},{"taxonomy":"product_cat","embeddable":true,"href":"https:\/\/www.medienlb.com\/en\/wp-json\/wp\/v2\/product_cat?post=22104"},{"taxonomy":"product_tag","embeddable":true,"href":"https:\/\/www.medienlb.com\/en\/wp-json\/wp\/v2\/product_tag?post=22104"}],"curies":[{"name":"wp","href":"https:\/\/api.w.org\/{rel}","templated":true}]}}