{"id":22089,"date":"2023-12-12T17:18:20","date_gmt":"2023-12-12T17:18:20","guid":{"rendered":"https:\/\/www.medienlb.com\/produkt\/grundlagen-des-heutigen-europa\/"},"modified":"2024-02-14T14:56:01","modified_gmt":"2024-02-14T14:56:01","slug":"grundlagen-des-heutigen-europa","status":"publish","type":"product","link":"https:\/\/www.medienlb.com\/en\/produkt\/grundlagen-des-heutigen-europa\/","title":{"rendered":"Grundlagen des heutigen Europa"},"content":{"rendered":"<p>F\u00fcr den Unterrichtempfohlen<\/p>\n<p>In unserem Arbeitsheft Geschichte 8, Vol. 1 &#8211; Grundlagen des heutigen Europa finden Sie 50 interaktive und didaktisch aufbereitete Aufgaben.<br \/>\nDas Medium bietet H5P-Aufgaben an, die ohne zus\u00e4tzliche Software verwendbar sind. Das Medium enth\u00e4lt interaktive Videos und 50 H5P-Aufgaben zu den Themen Europa nach Napoleon, Gr\u00fcndung des Deutschen Reiches.\u00a0<br \/>\nDurch interaktive Aufgabentypen wird das audiovisuelle und interaktive Lernen einfach.<br \/>\nLernen macht jetzt Spa\u00df!<\/p>\n","protected":false},"excerpt":{"rendered":"<p>F\u00fcr den Unterrichtempfohlen<\/p>\n","protected":false},"featured_media":24660,"template":"","meta":{"_acf_changed":false},"product_brand":[],"product_cat":[183],"product_tag":[155,110,134],"class_list":{"0":"post-22089","1":"product","2":"type-product","3":"status-publish","4":"has-post-thumbnail","6":"product_cat-interactive-workbook","7":"product_tag-old_image-2","8":"product_tag-subject-history","9":"product_tag-target-foe-2","11":"first","12":"instock","13":"taxable","14":"shipping-taxable","15":"purchasable","16":"product-type-variable"},"acf":{"subtitle":"","article_id":"55501804","languages":"DE","thumb_up":true,"cover_image":null,"linked_product":null,"linked_products":null,"banner":{"show":false,"text":"","color":""},"length":"","content_movie":"","learning_goals":"","preview_gif":"","trailer":{"file":"","url":"","image":""},"mediathek_id":"","amount":50,"demo_url":"","h5p_demo_id":"","content_interactive":"1. Aufstieg Russlands zur Gro\u00dfmacht - Interaktives Video\r\n2. Katharina II. - Interaktives Video\r\n3. Gottesgnadentum - Interaktives Video\r\n4. L'\u00c9tat c'est moi - Interaktives Video\r\n5. Der Sonnenk\u00f6nig - Interaktives Video\r\n6. Aufstieg Frankreichs zur Weltmacht - Interaktives Video\r\n7. Zentralisierung der Macht - Interaktives Video\r\n8. Merkantilismus - Interaktives Video\r\n9. Merkmale des Absolutismus - Interaktives Video\r\n10. Militarisierung Preu\u00dfens - Interaktives Video\r\n11. Ein aufgekl\u00e4rter Monarch: Friedrich II. - Interaktives Video\r\n12. Joseph II. - Interaktives Video\r\n13. Reformen Josephs II. - Interaktives Video\r\n14. Widerspruch zwischen Aufkl\u00e4rung und Absolutismus - Interaktives Video\r\n15. Ludwig XVI.: Ein neuer K\u00f6nig - Interaktives Video\r\n16. Die Generalst\u00e4nde - Interaktives Video\r\n17. Sturm auf die Bastille - Interaktives Video\r\n18. Beschl\u00fcsse der Nationalversammlung - Interaktives Video\r\n19. Ludwig XVI. nach dem Sturm auf die Bastille - Interaktives Video\r\n20. Robespierre - Interaktives Video\r\n21. La Terreur 1792-1794 - Interaktives Video\r\n22. Demokratischer Monarch? - Interaktive Aufgabe\r\n23. Aufstieg des kleinen Korsen - Interaktives Video\r\n24. Napoleon - Interaktive Aufgaben\r\n25. Zeittafel - Interaktive Aufgabe\r\n26. Expansive Au\u00dfenpolitik - Video und Interaktive Aufgaben\r\n27. Niedergang - Interaktive Aufgabe\r\n28. Gegner England - Interaktive Aufgaben\r\n29. Gegner Napoleons - Interaktive Aufgabe\r\n30. Erbe Napoleons - Interaktives Video\r\n31. Napoleons Stationen - Interaktive Aufgabe\r\n32. Franz\u00f6sischer Einfluss auf Deutschland - Interaktive Aufgaben\r\n33. Die Mainzer Republik - Interaktives Video\r\n34. Der Rheinisch-Deutsche Nationalkonvent - Interaktives Video\r\n35. Das Ende der Mainzer Republik - Interaktives Video\r\n36. Volkssouver\u00e4nit\u00e4t - Interaktives Video\r\n37. Der Wiener Kongress - Interaktive Aufgaben\r\n38. Gesandte auf dem Wiener Kongress - Wortsuche\r\n39. Vorm\u00e4rz - Interaktives Video\r\n40. Das Hambacher Fest - Interaktives Video\r\n41. Die Revolution von 1848 - Interaktives Video\r\n42. England\r\n das Mutterland der Industrialisierung - Interaktives Video\r\n43. Bismarcks Kindheit - L\u00fcckentext\r\n44. Wer ist Otto von Bismarck? - Bildzuordnung\r\n45. Technischer Aufbruch - Interaktive Aufgaben\r\n46. Einigungskriege - Interaktive Aufgaben\r\n47. Gr\u00fcndung des Deutschen Reiches - Interaktive Aufgaben mit Video\r\n48. Bismarcks B\u00fcndnispolitik - Interaktive Aufgaben\r\n49. Bismarck als Gewaltpolitiker? - Interaktive Aufgaben mit Video\r\n50. Bismarck - Testfragen","hide_numbers":true,"flyer":"","info_columns":null},"_links":{"self":[{"href":"https:\/\/www.medienlb.com\/en\/wp-json\/wp\/v2\/product\/22089","targetHints":{"allow":["GET"]}}],"collection":[{"href":"https:\/\/www.medienlb.com\/en\/wp-json\/wp\/v2\/product"}],"about":[{"href":"https:\/\/www.medienlb.com\/en\/wp-json\/wp\/v2\/types\/product"}],"wp:featuredmedia":[{"embeddable":true,"href":"https:\/\/www.medienlb.com\/en\/wp-json\/wp\/v2\/media\/24660"}],"wp:attachment":[{"href":"https:\/\/www.medienlb.com\/en\/wp-json\/wp\/v2\/media?parent=22089"}],"wp:term":[{"taxonomy":"product_brand","embeddable":true,"href":"https:\/\/www.medienlb.com\/en\/wp-json\/wp\/v2\/product_brand?post=22089"},{"taxonomy":"product_cat","embeddable":true,"href":"https:\/\/www.medienlb.com\/en\/wp-json\/wp\/v2\/product_cat?post=22089"},{"taxonomy":"product_tag","embeddable":true,"href":"https:\/\/www.medienlb.com\/en\/wp-json\/wp\/v2\/product_tag?post=22089"}],"curies":[{"name":"wp","href":"https:\/\/api.w.org\/{rel}","templated":true}]}}