{"id":22080,"date":"2023-12-12T17:18:33","date_gmt":"2023-12-12T17:18:33","guid":{"rendered":"https:\/\/www.medienlb.com\/produkt\/leben-im-wald\/"},"modified":"2024-02-14T14:55:51","modified_gmt":"2024-02-14T14:55:51","slug":"leben-im-wald","status":"publish","type":"product","link":"https:\/\/www.medienlb.com\/en\/produkt\/leben-im-wald\/","title":{"rendered":"Leben im Wald"},"content":{"rendered":"<p>F\u00fcr den Unterrichtempfohlen<\/p>\n<p>In unserem Arbeitsheft 55502502 &#8211; Grundschule 4, Heimat- und Sachunterricht, Vol. 1 &#8211; Leben im Wald finden Sie 50 interaktive und didaktisch aufbereitete Aufgaben.<br \/>\nDas Medium bietet H5P-Aufgaben an, die ohne zus\u00e4tzliche Software verwendbar sind. Das Medium enth\u00e4lt interaktive Videos und 50 H5P-Aufgaben zum Thema Leben im Wald. In \u00dcbungen wird Wissen zu den B\u00e4umen und Pflanzen eines Waldes ebenso vermittelt wie zu den Tieren, die hier leben.<br \/>\nMit Bastelvorlagen gelingt eine Verkn\u00fcpfung analoger und digitaler Unterrichtsmedien.\u00a0<br \/>\nDurch interaktive Aufgabentypen wird das audiovisuelle und interaktive Lernen einfach.<br \/>\nLernen macht jetzt Spa\u00df!<\/p>\n","protected":false},"excerpt":{"rendered":"<p>F\u00fcr den Unterrichtempfohlen<\/p>\n","protected":false},"featured_media":19531,"template":"","meta":{"_acf_changed":false},"product_brand":[],"product_cat":[183],"product_tag":[155,98,130,126],"class_list":{"0":"post-22080","1":"product","2":"type-product","3":"status-publish","4":"has-post-thumbnail","6":"product_cat-interactive-workbook","7":"product_tag-old_image-2","8":"product_tag-subject-primary-school","9":"product_tag-target-gru-2","10":"product_tag-target-sek-i-2","12":"first","13":"instock","14":"taxable","15":"shipping-taxable","16":"purchasable","17":"product-type-variable"},"acf":{"subtitle":"","article_id":"55502502","languages":"DE","thumb_up":true,"cover_image":null,"linked_product":null,"linked_products":null,"banner":{"show":false,"text":"","color":""},"length":"","content_movie":"","learning_goals":"","preview_gif":"","trailer":{"file":"","url":"","image":""},"mediathek_id":"","amount":50,"demo_url":"","h5p_demo_id":"","content_interactive":"1. Was ist ein Wald? - Interaktive Aufgaben\r\n2. Die \u201eStockwerke\" in einem Wald - Interaktive Aufgabe\r\n3. Die Schichten in einem Wald - Interaktive Aufgabe\r\n4. Die Moosschicht in einem Wald - Interaktives Video\r\n5. Die Krautschicht im Wald - Interaktives Video\r\n6. Die Strauchschicht im Wald - Interaktives Video\r\n7. Die Baumschicht - Interaktives Video\r\n8. Das Kronendach im Laubwald - Interaktives Video\r\n9. Erlebnis Baumwipfelweg - Interaktive Aufgaben\r\n10. Baumbilder Textk\u00e4rtchen zuordnen - Interaktive Aufgabe\r\n11. Die Teile eines Baumes - Interaktive Aufgabe\r\n12. Die Baumwurzeln - Interaktives Video\r\n13. Die Baumwurzeln - Interaktive Aufgaben\r\n14. Baumst\u00e4mme und B\u00e4ume - Interaktive Aufgabe\r\n15. Der Baumstamm - Interaktives Video\r\n16. Jahresringe beim Baum - Interaktive Aufgaben\r\n17. Der Laubwald - Interaktive Aufgaben\r\n18. Geheimsprache im Wald - Interaktive Aufgaben\r\n19. Blattformen bei Laubb\u00e4umen - Interaktive Aufgaben\r\n20. Wunderwelt Blatt - Warum Bl\u00e4tter gr\u00fcn sind (1) - Interaktive Aufgaben\r\n21. Wunderwelt Blatt - Warum Bl\u00e4tter gr\u00fcn sind (2) - Interaktive Aufgaben\r\n22. Wunder Fotosynthese - Interaktive Aufgaben\r\n23. Aus Laub wird neues Leben - Interaktive Aufgaben\r\n24. Der Mischwald - Interaktive Aufgaben\r\n25. Der Nadelwald - Interaktive Aufgaben\r\n26. Unordnung im Nadelwald? - Interaktive Aufgabe\r\n27. Tiere im Wald (1) - Interaktive Aufgaben\r\n28. Tiere im Wald (2) - Hirsch und Reh - Interaktive Aufgaben\r\n29. Tiere im Wald (3) - Ameisen - Interaktive Aufgaben\r\n30. Tiere im Wald (4) - Der Buntspecht - Interaktive Aufgaben\r\n31. Tiere im Wald (5) - Fuchs\r\n Dachs und Maus - Interaktive Aufgaben\r\n32. Wohnungsmarkt im Wald - Interaktive Aufgaben\r\n33. Lebenswichtiger Wald - Bildfolge\r\n34. Fr\u00fchling im Wald - Interaktive Aufgaben\r\n35. Winter im Wald- Interaktive Aufgaben\r\n36. Wandern im Wald (1) - Interaktive Aufgaben\r\n37. Wandern im Wald (2) - Interaktive Aufgaben\r\n38. Wandern im Wald (3) - Interaktive Aufgaben\r\n39. Versteckte B\u00e4ume suchen - Interaktive Aufgabe\r\n40. Versteckte Tiere suchen - Interaktive Aufgabe\r\n41. Der Wald als Lawinenschutz - Interaktive Aufgaben\r\n42. Pilze im Wald - Interaktive Aufgaben\r\n43. Sch\u00e4dlinge im Wald - Interaktive Aufgaben\r\n44. Der Wald - unser Holzlieferant - Interaktive Aufgaben\r\n45. Auwald und Regenwald - Interaktive Aufgaben\r\n46. Wald und Klima - Interaktive Aufgaben\r\n47. Der Wald als Wasserspeicher und -filter - Interaktive Aufgaben\r\n48. Die Bedeutung des Waldes einst und heute - Interaktive Aufgaben\r\n49. Bastelvorlage Wald\r\n50. Waldszene basteln - Arbeitsanleitung","hide_numbers":true,"flyer":"","info_columns":null},"_links":{"self":[{"href":"https:\/\/www.medienlb.com\/en\/wp-json\/wp\/v2\/product\/22080","targetHints":{"allow":["GET"]}}],"collection":[{"href":"https:\/\/www.medienlb.com\/en\/wp-json\/wp\/v2\/product"}],"about":[{"href":"https:\/\/www.medienlb.com\/en\/wp-json\/wp\/v2\/types\/product"}],"wp:featuredmedia":[{"embeddable":true,"href":"https:\/\/www.medienlb.com\/en\/wp-json\/wp\/v2\/media\/19531"}],"wp:attachment":[{"href":"https:\/\/www.medienlb.com\/en\/wp-json\/wp\/v2\/media?parent=22080"}],"wp:term":[{"taxonomy":"product_brand","embeddable":true,"href":"https:\/\/www.medienlb.com\/en\/wp-json\/wp\/v2\/product_brand?post=22080"},{"taxonomy":"product_cat","embeddable":true,"href":"https:\/\/www.medienlb.com\/en\/wp-json\/wp\/v2\/product_cat?post=22080"},{"taxonomy":"product_tag","embeddable":true,"href":"https:\/\/www.medienlb.com\/en\/wp-json\/wp\/v2\/product_tag?post=22080"}],"curies":[{"name":"wp","href":"https:\/\/api.w.org\/{rel}","templated":true}]}}