{"id":22047,"date":"2024-01-10T17:16:23","date_gmt":"2024-01-10T17:16:23","guid":{"rendered":"https:\/\/www.medienlb.com\/produkt\/wortschatz-avoir-etre-und-unregelmaessige-verben\/"},"modified":"2024-02-14T14:55:14","modified_gmt":"2024-02-14T14:55:14","slug":"wortschatz-avoir-etre-und-unregelmaessige-verben","status":"publish","type":"product","link":"https:\/\/www.medienlb.com\/en\/produkt\/wortschatz-avoir-etre-und-unregelmaessige-verben\/","title":{"rendered":"Wortschatz, avoir, \u00eatre und unregelm\u00e4\u00dfige Verben"},"content":{"rendered":"<p>In 10 interaktiven Aufgaben wird Wortschatz, die Verben Avoir, etre und andere unregelm\u00e4\u00dfigen Verben vermittelt und abgefragt.<\/p>\n<p>Das Medium bietet H5P-Aufgaben an, die ohne zus\u00e4tzliche Software verwendbar sind.<br \/>\nDurch interaktive Aufgabentypen wird das audiovisuelle und interaktive Lernen einfach.<br \/>\nLernen macht jetzt Spa\u00df!<\/p>\n","protected":false},"excerpt":{"rendered":"<p>In 10 interaktiven Aufgaben wird Wortschatz, die Verben Avoir, etre und andere unregelm\u00e4\u00dfigen Verben vermittelt und abgefragt.<\/p>\n","protected":false},"featured_media":21071,"template":"","meta":{"_acf_changed":false},"product_brand":[],"product_cat":[182],"product_tag":[155,153,126],"class_list":{"0":"post-22047","1":"product","2":"type-product","3":"status-publish","4":"has-post-thumbnail","6":"product_cat-interactive-unit","7":"product_tag-old_image-2","8":"product_tag-subject-foreign-language","9":"product_tag-target-sek-i-2","11":"first","12":"instock","13":"taxable","14":"shipping-taxable","15":"purchasable","16":"product-type-variable"},"acf":{"subtitle":"","article_id":"55502910","languages":"DE","thumb_up":false,"cover_image":null,"linked_product":null,"linked_products":null,"banner":{"show":false,"text":"","color":""},"length":"","content_movie":"","learning_goals":"","preview_gif":"","trailer":{"file":"","url":"","image":""},"mediathek_id":"","amount":10,"demo_url":"","h5p_demo_id":"","content_interactive":"1.Wortschatz_avoir  \u00eatre und unregelm\u00e4\u00dfige Verben - Finde die W\u00f6rter\r\n2. Wortschatz_unregelm. Verben konjugieren: mettre - L\u00fcckentext\r\n3. Wortschatz_unregelm. Verben konjugieren: pouvoir - L\u00fcckentext\r\n4. Wortschatz_unregelm. Verben konjugieren: prendre - L\u00fcckentext\r\n5. Wortschatz_unregelm. Verben konjugieren: savoir - L\u00fcckentext\r\n6. Wortschatz_unregelm. Verben konjugieren: venir - L\u00fcckentext\r\n7. Wortschatz_unregelm. Verben konjugieren: voir - L\u00fcckentext\r\n8. Wortschatz_unregelm. Verben konjugieren: vouloir, L\u00fcckentext\r\n9. Wortschatz_unregelm. Verben konjugieren: lire - L\u00fcckentext\r\n10. Wortschatz_avoir  \u00eatre und unregelm. Verben - Finde die W\u00f6rter 2        ","hide_numbers":true,"flyer":"","info_columns":null},"_links":{"self":[{"href":"https:\/\/www.medienlb.com\/en\/wp-json\/wp\/v2\/product\/22047","targetHints":{"allow":["GET"]}}],"collection":[{"href":"https:\/\/www.medienlb.com\/en\/wp-json\/wp\/v2\/product"}],"about":[{"href":"https:\/\/www.medienlb.com\/en\/wp-json\/wp\/v2\/types\/product"}],"wp:featuredmedia":[{"embeddable":true,"href":"https:\/\/www.medienlb.com\/en\/wp-json\/wp\/v2\/media\/21071"}],"wp:attachment":[{"href":"https:\/\/www.medienlb.com\/en\/wp-json\/wp\/v2\/media?parent=22047"}],"wp:term":[{"taxonomy":"product_brand","embeddable":true,"href":"https:\/\/www.medienlb.com\/en\/wp-json\/wp\/v2\/product_brand?post=22047"},{"taxonomy":"product_cat","embeddable":true,"href":"https:\/\/www.medienlb.com\/en\/wp-json\/wp\/v2\/product_cat?post=22047"},{"taxonomy":"product_tag","embeddable":true,"href":"https:\/\/www.medienlb.com\/en\/wp-json\/wp\/v2\/product_tag?post=22047"}],"curies":[{"name":"wp","href":"https:\/\/api.w.org\/{rel}","templated":true}]}}