{"id":22041,"date":"2024-01-10T21:54:11","date_gmt":"2024-01-10T21:54:11","guid":{"rendered":"https:\/\/www.medienlb.com\/produkt\/rechenspurgeschichten\/"},"modified":"2024-02-14T14:55:07","modified_gmt":"2024-02-14T14:55:07","slug":"rechenspurgeschichten","status":"publish","type":"product","link":"https:\/\/www.medienlb.com\/en\/produkt\/rechenspurgeschichten\/","title":{"rendered":"Rechenspurgeschichten"},"content":{"rendered":"<p>Ob im Weltraum, auf dem Bauernhof oder im M\u00e4rchenland \u2026 wo auch immer sie hinkommen, werden Lisa, Tim und Mia vor Aufgaben zu den Grundrechenarten gestellt.<br \/>\nIn 10 ansprechend gestalteten Geschichten errechnen die Sch\u00fcler:innen die Ergebnisse und l\u00f6sen so die Rechenr\u00e4tsel in den Geschichten.<\/p>\n<p>Das Medium bietet H5P-Aufgaben an, die ohne zus\u00e4tzliche Software verwendbar sind.<br \/>\nDurch interaktive Aufgabentypen wird das audiovisuelle und interaktive Lernen einfach.<br \/>\nLernen macht jetzt Spa\u00df!<\/p>\n","protected":false},"excerpt":{"rendered":"<p>Ob im Weltraum, auf dem Bauernhof oder im M\u00e4rchenland \u2026 wo auch immer sie hinkommen, werden Lisa, Tim und Mia vor Aufgaben zu den Grundrechenarten gestellt.<\/p>\n","protected":false},"featured_media":29785,"template":"","meta":{"_acf_changed":false},"product_brand":[],"product_cat":[182],"product_tag":[100,126],"class_list":{"0":"post-22041","1":"product","2":"type-product","3":"status-publish","4":"has-post-thumbnail","6":"product_cat-interactive-unit","7":"product_tag-subject-mathematics","8":"product_tag-target-sek-i-2","10":"first","11":"instock","12":"taxable","13":"shipping-taxable","14":"purchasable","15":"product-type-variable"},"acf":{"subtitle":"","article_id":"55506095","languages":"DE","thumb_up":false,"cover_image":null,"linked_product":null,"linked_products":null,"banner":{"show":false,"text":"","color":""},"length":"","content_movie":"","learning_goals":"","preview_gif":"","trailer":{"file":"","url":"","image":""},"mediathek_id":"","amount":10,"demo_url":"","h5p_demo_id":"","content_interactive":"I Rechenspurgeschichten, \r\nII Rechenspurgeschichten, \r\nIII Rechenspurgeschichten, \r\nIV Rechenspurgeschichten, \r\nV Rechenspurgeschichten, \r\nVI Rechenspurgeschichten, \r\nVII Rechenspurgeschichten, \r\nVIII Rechenspurgeschichten, \r\nIX Rechenspurgeschichten, \r\nX Rechenspurgeschichten","hide_numbers":true,"flyer":"","info_columns":null},"_links":{"self":[{"href":"https:\/\/www.medienlb.com\/en\/wp-json\/wp\/v2\/product\/22041","targetHints":{"allow":["GET"]}}],"collection":[{"href":"https:\/\/www.medienlb.com\/en\/wp-json\/wp\/v2\/product"}],"about":[{"href":"https:\/\/www.medienlb.com\/en\/wp-json\/wp\/v2\/types\/product"}],"wp:featuredmedia":[{"embeddable":true,"href":"https:\/\/www.medienlb.com\/en\/wp-json\/wp\/v2\/media\/29785"}],"wp:attachment":[{"href":"https:\/\/www.medienlb.com\/en\/wp-json\/wp\/v2\/media?parent=22041"}],"wp:term":[{"taxonomy":"product_brand","embeddable":true,"href":"https:\/\/www.medienlb.com\/en\/wp-json\/wp\/v2\/product_brand?post=22041"},{"taxonomy":"product_cat","embeddable":true,"href":"https:\/\/www.medienlb.com\/en\/wp-json\/wp\/v2\/product_cat?post=22041"},{"taxonomy":"product_tag","embeddable":true,"href":"https:\/\/www.medienlb.com\/en\/wp-json\/wp\/v2\/product_tag?post=22041"}],"curies":[{"name":"wp","href":"https:\/\/api.w.org\/{rel}","templated":true}]}}