{"id":22032,"date":"2024-02-07T14:17:34","date_gmt":"2024-02-07T14:17:34","guid":{"rendered":"https:\/\/www.medienlb.com\/produkt\/lerneinheit-mathematik-3-4\/"},"modified":"2024-02-14T14:53:52","modified_gmt":"2024-02-14T14:53:52","slug":"lerneinheit-mathematik-3-4","status":"publish","type":"product","link":"https:\/\/www.medienlb.com\/en\/produkt\/lerneinheit-mathematik-3-4\/","title":{"rendered":"Lerneinheit Mathematik 3\/4"},"content":{"rendered":"<p>In 10 interaktiven Aufgaben besch\u00e4ftigen sich die Lernenden mit Aufgabenstellungen bez\u00fcglich der Hundertertafel.<br \/>\n\u00dcber die anf\u00e4ngliche Erarbeitung der Struktur, gibt es Aufgaben zu Ausschnitten der Hundertertafel (Wege \/ Treppen), zu f\u00fcllende L\u00fccken, oder auch R\u00e4tsel zur Orientierung.<\/p>\n<p>Ansprechend und abwechslungsreich gestaltet dienen die Aufgaben der Wissensvertiefung und -abfrage.<\/p>\n","protected":false},"excerpt":{"rendered":"<p>In 10 interaktiven Aufgaben besch\u00e4ftigen sich die Lernenden mit Aufgabenstellungen bez\u00fcglich der Hundertertafel.<\/p>\n","protected":false},"featured_media":21668,"template":"","meta":{"_acf_changed":false},"product_brand":[],"product_cat":[182],"product_tag":[100,98,130],"class_list":{"0":"post-22032","1":"product","2":"type-product","3":"status-publish","4":"has-post-thumbnail","6":"product_cat-interactive-unit","7":"product_tag-subject-mathematics","8":"product_tag-subject-primary-school","9":"product_tag-target-gru-2","11":"first","12":"instock","13":"taxable","14":"shipping-taxable","15":"purchasable","16":"product-type-variable"},"acf":{"subtitle":"","article_id":"55506319","languages":"DE","thumb_up":false,"cover_image":null,"linked_product":null,"linked_products":null,"banner":{"show":false,"text":"","color":""},"length":"","content_movie":"","learning_goals":"","preview_gif":"","trailer":{"file":"","url":"","image":""},"mediathek_id":"","amount":10,"demo_url":"https:\/\/www.klassenarbeiten.online\/h5p\/4495\/embed\/","h5p_demo_id":"","content_interactive":"Hundertertafel\r\nHundertertafel\r\nHundertertafel\r\nHundertertafel\r\nHundertertafel\r\nHundertertafel\r\nHundertertafel\r\nHundertertafel\r\nHundertertafel\r\nHundertertafel","hide_numbers":false,"flyer":"","info_columns":null},"_links":{"self":[{"href":"https:\/\/www.medienlb.com\/en\/wp-json\/wp\/v2\/product\/22032","targetHints":{"allow":["GET"]}}],"collection":[{"href":"https:\/\/www.medienlb.com\/en\/wp-json\/wp\/v2\/product"}],"about":[{"href":"https:\/\/www.medienlb.com\/en\/wp-json\/wp\/v2\/types\/product"}],"wp:featuredmedia":[{"embeddable":true,"href":"https:\/\/www.medienlb.com\/en\/wp-json\/wp\/v2\/media\/21668"}],"wp:attachment":[{"href":"https:\/\/www.medienlb.com\/en\/wp-json\/wp\/v2\/media?parent=22032"}],"wp:term":[{"taxonomy":"product_brand","embeddable":true,"href":"https:\/\/www.medienlb.com\/en\/wp-json\/wp\/v2\/product_brand?post=22032"},{"taxonomy":"product_cat","embeddable":true,"href":"https:\/\/www.medienlb.com\/en\/wp-json\/wp\/v2\/product_cat?post=22032"},{"taxonomy":"product_tag","embeddable":true,"href":"https:\/\/www.medienlb.com\/en\/wp-json\/wp\/v2\/product_tag?post=22032"}],"curies":[{"name":"wp","href":"https:\/\/api.w.org\/{rel}","templated":true}]}}