{"id":22028,"date":"2024-02-12T10:55:05","date_gmt":"2024-02-12T10:55:05","guid":{"rendered":"https:\/\/www.medienlb.com\/produkt\/noten-lesen\/"},"modified":"2024-02-14T14:52:33","modified_gmt":"2024-02-14T14:52:33","slug":"noten-lesen","status":"publish","type":"product","link":"https:\/\/www.medienlb.com\/en\/produkt\/noten-lesen\/","title":{"rendered":"Noten lesen"},"content":{"rendered":"<p><span class=\"a_highlighter\">In 13 interaktiven Aufgaben und Videos wird Wissen \u00fcber das Lesen von Noten in drei verschiedenen Notenschl\u00fcsseln vermittelt und anschlie\u00dfend abgefragt. <\/span><\/p>\n<p>Das Medium bietet H5P-Aufgaben an, die ohne zus\u00e4tzliche Software verwendbar sind.<br \/>\nDurch interaktive Aufgabentypen wird das audiovisuelle und interaktive Lernen einfach.<br \/>\nLernen macht jetzt Spa\u00df!<\/p>\n","protected":false},"excerpt":{"rendered":"<p><span class=\"a_highlighter\">In 13 interaktiven Aufgaben und Videos wird Wissen \u00fcber das Lesen von Noten in drei verschiedenen Notenschl\u00fcsseln vermittelt und anschlie\u00dfend abgefragt. <\/span><\/p>\n","protected":false},"featured_media":21968,"template":"","meta":{"_acf_changed":false},"product_brand":[],"product_cat":[182],"product_tag":[80,126],"class_list":{"0":"post-22028","1":"product","2":"type-product","3":"status-publish","4":"has-post-thumbnail","6":"product_cat-interactive-unit","7":"product_tag-subject-music","8":"product_tag-target-sek-i-2","10":"first","11":"instock","12":"taxable","13":"shipping-taxable","14":"purchasable","15":"product-type-variable"},"acf":{"subtitle":"","article_id":"55502591","languages":"DE","thumb_up":false,"cover_image":null,"linked_product":null,"linked_products":null,"banner":{"show":false,"text":"","color":""},"length":"","content_movie":"","learning_goals":"","preview_gif":"","trailer":{"file":"","url":"","image":""},"mediathek_id":"","amount":10,"demo_url":"","h5p_demo_id":"","content_interactive":"I. Notenschl\u00fcssel - Interaktives Video\r\nII. Die Klaviatur - Interaktives Video\r\nIII. Versetzungs- und Vorzeichen - Interaktives Video\r\nIV. Noten lesen (Violinschl\u00fcssel) - Interaktive Aufgabe\r\nV. Noten lesen (Bassschl\u00fcssel) - Interaktive Aufgabe\r\nVI. Noten lesen (Bratschenschl\u00fcssel) - Interaktive Aufgabe\r\nVII. Kopfnuss: Schl\u00fcssel finden - Interaktive Aufgabe\r\nVIII. Finde die Note A - Interaktive Aufgabe\r\nIX. Fachbegriffe finden - Interaktive Aufgabe\r\nX. Schnelltest Notenlesen - Interaktive Aufgabe\r\nXI. Mit Noten buchstabieren - Interaktive Aufgabe\r\nXII. W\u00f6rter mit Noten schreiben - Interaktive Aufgabe\r\nXIII. Zu anderem Notenschl\u00fcssel transponieren - Interaktive Aufgabe\r\n","hide_numbers":true,"flyer":"","info_columns":null},"_links":{"self":[{"href":"https:\/\/www.medienlb.com\/en\/wp-json\/wp\/v2\/product\/22028","targetHints":{"allow":["GET"]}}],"collection":[{"href":"https:\/\/www.medienlb.com\/en\/wp-json\/wp\/v2\/product"}],"about":[{"href":"https:\/\/www.medienlb.com\/en\/wp-json\/wp\/v2\/types\/product"}],"wp:featuredmedia":[{"embeddable":true,"href":"https:\/\/www.medienlb.com\/en\/wp-json\/wp\/v2\/media\/21968"}],"wp:attachment":[{"href":"https:\/\/www.medienlb.com\/en\/wp-json\/wp\/v2\/media?parent=22028"}],"wp:term":[{"taxonomy":"product_brand","embeddable":true,"href":"https:\/\/www.medienlb.com\/en\/wp-json\/wp\/v2\/product_brand?post=22028"},{"taxonomy":"product_cat","embeddable":true,"href":"https:\/\/www.medienlb.com\/en\/wp-json\/wp\/v2\/product_cat?post=22028"},{"taxonomy":"product_tag","embeddable":true,"href":"https:\/\/www.medienlb.com\/en\/wp-json\/wp\/v2\/product_tag?post=22028"}],"curies":[{"name":"wp","href":"https:\/\/api.w.org\/{rel}","templated":true}]}}