{"id":21951,"date":"2024-02-12T10:15:59","date_gmt":"2024-02-12T10:15:59","guid":{"rendered":"https:\/\/www.medienlb.com\/?post_type=product&#038;p=21951"},"modified":"2025-02-07T13:46:09","modified_gmt":"2025-02-07T13:46:09","slug":"frosch-und-kroete","status":"publish","type":"product","link":"https:\/\/www.medienlb.com\/en\/produkt\/frosch-und-kroete\/","title":{"rendered":"Frosch und Kr\u00f6te"},"content":{"rendered":"<p>Fr\u00f6sche und Kr\u00f6ten sind Amphibien und geh\u00f6ren zur Ordnung der Froschlurche. Doch obwohl sie sich \u00e4u\u00dferlich sehr \u00e4hneln, gibt zahlreiche Unterschiede sowohl im Aussehen als auch Verhalten. Der Film zeigt die Ergebnisse rund um die Beobachtung unserer heimischen Amphibien.<br \/>\nSo beschreibt er u.a. die Charakteristiken der in Deutschland vorkommenden Fr\u00f6sche und Kr\u00f6ten und beantwortet Fragen wie: Warum quaken Fr\u00f6sche? Welche Farben k\u00f6nnen Fr\u00f6sche annehmen? Warum tragen Kr\u00f6tenweibchen die M\u00e4nnchen bei der Kr\u00f6tenwanderung? Wie vollzieht sich die Metamorphose von der Kaulquappe zum erwachsenen Tier? Auch zeigt der Film Gefahren, denen Fr\u00f6sche und Kr\u00f6ten ausgesetzt sind und zeigt Schutzma\u00dfnahmen auf.<\/p>\n<p>Interaktive Aufgaben, Testfragen und Glossar wurden mit H5P erstellt und k\u00f6nnen ohne weitere Software verwendet werden.<\/p>\n","protected":false},"excerpt":{"rendered":"<p>Fr\u00f6sche und Kr\u00f6ten sind Amphibien und geh\u00f6ren zur Ordnung der Froschlurche.<\/p>\n","protected":false},"featured_media":21956,"template":"","meta":{"_acf_changed":false},"product_brand":[],"product_cat":[70],"product_tag":[87,97,129],"class_list":{"0":"post-21951","1":"product","2":"type-product","3":"status-publish","4":"has-post-thumbnail","6":"product_cat-film","7":"product_tag-subject-biologie","8":"product_tag-subject-grundschule","9":"product_tag-target-gru","10":"product_shipping_class-dvd-versand","12":"first","13":"instock","14":"taxable","15":"shipping-taxable","16":"purchasable","17":"product-type-variable"},"acf":{"subtitle":"Arten, K\u00f6rperbau, Merkmale","article_id":"46505343 \/ 55505957","languages":"DE","thumb_up":true,"cover_image":27758,"linked_product":"","linked_products":null,"banner":{"show":true,"text":"","color":""},"length":"25:27 min","content_movie":"<ul>\r\n \t<li>Gesamtes Begleitmaterial: 70 Seiten<\/li>\r\n \t<li>Arbeitsbl\u00e4tter: 20 Seiten<\/li>\r\n \t<li>Testaufgaben: 20<\/li>\r\n \t<li>Interaktive Aufgaben: 10<\/li>\r\n<\/ul>","learning_goals":"<ol>\r\n \t<li>Die Lernenden k\u00f6nnen Fr\u00f6sche und Kr\u00f6ten exemplarisch beschreiben, benennen und unterscheiden.<\/li>\r\n \t<li>Die Lernenden k\u00f6nnen Anpassung der Tiere an ihre Lebensr\u00e4ume erkl\u00e4ren.<\/li>\r\n \t<li>Die Lernenden reflektieren einen respektvollen Umgang mit der Natur.<\/li>\r\n<\/ol>","preview_gif":21959,"trailer":{"file":21961,"url":"","image":21963},"mediathek_id":814,"amount":"","demo_url":"","h5p_demo_id":"","content_interactive":"","hide_numbers":false,"flyer":"","info_columns":null},"_links":{"self":[{"href":"https:\/\/www.medienlb.com\/en\/wp-json\/wp\/v2\/product\/21951","targetHints":{"allow":["GET"]}}],"collection":[{"href":"https:\/\/www.medienlb.com\/en\/wp-json\/wp\/v2\/product"}],"about":[{"href":"https:\/\/www.medienlb.com\/en\/wp-json\/wp\/v2\/types\/product"}],"wp:featuredmedia":[{"embeddable":true,"href":"https:\/\/www.medienlb.com\/en\/wp-json\/wp\/v2\/media\/21956"}],"wp:attachment":[{"href":"https:\/\/www.medienlb.com\/en\/wp-json\/wp\/v2\/media?parent=21951"}],"wp:term":[{"taxonomy":"product_brand","embeddable":true,"href":"https:\/\/www.medienlb.com\/en\/wp-json\/wp\/v2\/product_brand?post=21951"},{"taxonomy":"product_cat","embeddable":true,"href":"https:\/\/www.medienlb.com\/en\/wp-json\/wp\/v2\/product_cat?post=21951"},{"taxonomy":"product_tag","embeddable":true,"href":"https:\/\/www.medienlb.com\/en\/wp-json\/wp\/v2\/product_tag?post=21951"}],"curies":[{"name":"wp","href":"https:\/\/api.w.org\/{rel}","templated":true}]}}