{"id":21401,"date":"2024-01-26T08:30:24","date_gmt":"2024-01-26T08:30:24","guid":{"rendered":"https:\/\/www.medienlb.com\/?post_type=product&#038;p=21401"},"modified":"2025-01-31T10:34:13","modified_gmt":"2025-01-31T10:34:13","slug":"3d-druck-3","status":"publish","type":"product","link":"https:\/\/www.medienlb.com\/en\/produkt\/3d-druck-3\/","title":{"rendered":"3D Druck"},"content":{"rendered":"<p>Das <strong>SFI Erlebnispaket\u00a03D Druck<\/strong>\u00a0von Intel vermittelt den Sch\u00fclern die Planung und den Einsatz von 3D-Druck, um defekte Teile von Alltagsgegenst\u00e4nden wie etwa Spielsachen, Haushalts- oder Elektroger\u00e4ten nachzubauen. Es ist ein Gesamtpaket mit allem, was Lehrkr\u00e4fte f\u00fcr die Gestaltung ihres digitalen Unterrichts ben\u00f6tigen: Unterrichtspakete von Intel Skills for Innovation sowie optimal abgestimmte Hard- und Software.<\/p>\n<p>In dieser Unterrichtseinheit erforschen die Sch\u00fcler*innen die Einsatzzwecke, die Planung und den Druck eines 3D-Objektes. Dazu wiederholen die Lernenden die Grundlagen der Mechanik, um anschlie\u00dfend den Prototyp eines Rei\u00dfverschlusses mithilfe der Software Autodesk 360 Fusion zu entwickeln. Die entstandenen Objekte werden dann mithilfe eines 3D-Druckers produziert und deren Funktion in der Klasse reflektiert.<br \/>\nEin zuverl\u00e4ssiger und vielseitiger Desktop-3D-Drucker, der den Machern die Freiheit gibt, kreativ zu sein. Er ist vollgepackt mit Funktionen und liefert hochwertige 3D-Drucke auf einer breiten Palette von Materialien.<\/p>\n<p><strong>Alle Informationen und Anleitungen finden Sie unter:<\/strong><strong><br \/>\n<\/strong><a href=\"https:\/\/skillsforinnovation.intel.com\/landing\/index.html\" target=\"_blank\" rel=\"noopener\"><span style=\"color: #0000ff;\">https:\/\/skillsforinnovation.intel.com\/landing\/index.html<\/span><\/a><br \/>\nRegistrieren Sie sich dort mit Ihrem Aktivierungscode: CotecSFI<\/p>\n<p>&nbsp;<\/p>\n<div><\/div>\n<div><\/div>\n<div><\/div>\n","protected":false},"excerpt":{"rendered":"<p>Sch\u00fcler*innen erforschen die Einsatzzwecke, die Planung und den Druck von 3D-Objekten.<\/p>\n","protected":false},"featured_media":21403,"template":"","meta":{"_acf_changed":false},"product_brand":[],"product_cat":[75],"product_tag":[],"class_list":{"0":"post-21401","1":"product","2":"type-product","3":"status-publish","4":"has-post-thumbnail","6":"product_cat-hardware","8":"first","9":"instock","10":"taxable","11":"shipping-taxable","12":"purchasable","13":"product-type-variable"},"acf":{"subtitle":"Intel SFI Erlebnispaket ","article_id":"MS_19_Intel_3D-Druck","languages":"DE","thumb_up":false,"cover_image":"","linked_product":15994,"linked_products":null,"banner":{"show":true,"text":"","color":""},"length":"","content_movie":"","learning_goals":"","preview_gif":"","trailer":{"file":"","url":"","image":""},"mediathek_id":"","amount":"","demo_url":"","h5p_demo_id":"","content_interactive":"","hide_numbers":false,"flyer":21426,"info_columns":[{"heading":"","content":"<strong>Lieferumfang:<\/strong>\r\n\r\nXYZprinting Da Vinci Junior Pro X+ 3D Drucker\r\nXYZprinting PLA 1,75 mm Blau\r\nXYZprinting PLA 1,75 mm Wei\u00df\r\n\r\n&nbsp;"},{"heading":"","content":"<strong>Hardware Anforderungen:<\/strong>\r\n3D Printer\r\n3D Printer Filament Spool\r\nLaptop\/Desktop\r\n\r\n<strong>Software Anforderungen:<\/strong>\r\nAutodesk Fusion 360"},{"heading":"","content":""}]},"_links":{"self":[{"href":"https:\/\/www.medienlb.com\/en\/wp-json\/wp\/v2\/product\/21401","targetHints":{"allow":["GET"]}}],"collection":[{"href":"https:\/\/www.medienlb.com\/en\/wp-json\/wp\/v2\/product"}],"about":[{"href":"https:\/\/www.medienlb.com\/en\/wp-json\/wp\/v2\/types\/product"}],"acf:post":[{"embeddable":true,"href":"https:\/\/www.medienlb.com\/en\/wp-json\/wp\/v2\/product\/15994"}],"wp:featuredmedia":[{"embeddable":true,"href":"https:\/\/www.medienlb.com\/en\/wp-json\/wp\/v2\/media\/21403"}],"wp:attachment":[{"href":"https:\/\/www.medienlb.com\/en\/wp-json\/wp\/v2\/media?parent=21401"}],"wp:term":[{"taxonomy":"product_brand","embeddable":true,"href":"https:\/\/www.medienlb.com\/en\/wp-json\/wp\/v2\/product_brand?post=21401"},{"taxonomy":"product_cat","embeddable":true,"href":"https:\/\/www.medienlb.com\/en\/wp-json\/wp\/v2\/product_cat?post=21401"},{"taxonomy":"product_tag","embeddable":true,"href":"https:\/\/www.medienlb.com\/en\/wp-json\/wp\/v2\/product_tag?post=21401"}],"curies":[{"name":"wp","href":"https:\/\/api.w.org\/{rel}","templated":true}]}}