{"id":21385,"date":"2024-01-26T07:37:48","date_gmt":"2024-01-26T07:37:48","guid":{"rendered":"https:\/\/www.medienlb.com\/?post_type=product&#038;p=21385"},"modified":"2025-01-31T10:34:09","modified_gmt":"2025-01-31T10:34:09","slug":"mikrocontroller-roboter","status":"publish","type":"product","link":"https:\/\/www.medienlb.com\/en\/produkt\/mikrocontroller-roboter\/","title":{"rendered":"Mikrocontroller-Roboter"},"content":{"rendered":"<div>Das\u00a0<strong>SFI Erlebnispaket Mikrocontroller-Roboter<\/strong> von Intel ist ein Gesamtpaket mit allem, was Lehrkr\u00e4fte f\u00fcr die Gestaltung ihres digitalen Unterrichts ben\u00f6tigen: Unterrichtspakete von Intel Skills for Innovation sowie optimal abgestimmte Hard- und Software.<br \/>\nRoboter gewinnen seit Jahren an Bedeutung und nehmen bereits heute einen wichtigen Platz in unserem t\u00e4glichen Leben ein. Die Sch\u00fcler*innen lernen in dieser Unterrichtseinheit die Grundlagen der Robotik, indem sie die Anforderungen an einen Bodenreinigungsroboter diskutieren und diesen anschlie\u00dfend mithilfe eines Arduino-Mikrocontrollers selbstst\u00e4ndig bauen. Durch einen kollegialen Wettbewerb werden die Sch\u00fcler*innen angespornt, ihre Roboter sowie Algorithmen m\u00f6glichst nah an den zuvor definierten Anforderungen zu entwickeln.<\/div>\n<div>\n<div><strong>Alle Informationen und Anleitungen finden Sie unter:<\/strong><br \/>\n<span style=\"color: #0000ff;\"><a style=\"color: #0000ff;\" href=\"https:\/\/skillsforinnovation.intel.com\/landing\/index.html\" target=\"_blank\" rel=\"noopener\">https:\/\/skillsforinnovation.intel.com\/landing\/index.html<\/a><\/span><\/p>\n<div>Registrieren Sie sich dort mit Ihrem Aktivierungscode: CotecSFI<\/div>\n<\/div>\n<div><\/div>\n<\/div>\n<div><\/div>\n<div><\/div>\n<div><\/div>\n","protected":false},"excerpt":{"rendered":"<p>Anforderungen und Programmierung an einen Bodenreinigungsroboter werden diskutiert und\u00a0 anschlie\u00dfend mithilfe eines Arduino-Mikrocontrollers selbstst\u00e4ndig umgesetzt.<\/p>\n","protected":false},"featured_media":21397,"template":"","meta":{"_acf_changed":false},"product_brand":[],"product_cat":[75],"product_tag":[],"class_list":{"0":"post-21385","1":"product","2":"type-product","3":"status-publish","4":"has-post-thumbnail","6":"product_cat-hardware","8":"first","9":"instock","10":"taxable","11":"shipping-taxable","12":"purchasable","13":"product-type-variable"},"acf":{"subtitle":"Intel SFI Erlebnispaket ","article_id":"MS_18_Intel_Micro","languages":"DE","thumb_up":false,"cover_image":"","linked_product":15994,"linked_products":null,"banner":{"show":true,"text":"","color":""},"length":"","content_movie":"","learning_goals":"","preview_gif":"","trailer":{"file":"","url":"","image":""},"mediathek_id":"","amount":"","demo_url":"","h5p_demo_id":"","content_interactive":"","hide_numbers":false,"flyer":21388,"info_columns":[{"heading":"","content":"<strong>Lieferumfang:<\/strong>\r\nArduino Board Uno Rev3 SMD Core ATMega328\r\nArduino MOTOR SHIELD Shield\r\nMF-4838226 Erweiterungsset\r\nIduino ST1099 Ultraschallsensor\r\nJumper-Kabel Raspberry Pi, Banana Pi, Arduino\r\n[20x Drahtbr\u00fccken-Buchse - 20x Drahtbr\u00fccken-Buchse] 25\r\nTRU COMPONENTS SBH-9VAS+DC PLUG Batteriehalter 1x 9 V\r\nBlock Klinkenstecker (Seriennummer 1111)\r\nVarta LONGLIFE 9V (Seriennummer 000)"},{"heading":"","content":"<div><strong>Hardware Anforderungen:<\/strong>\r\nArduino microcontroller with USB cable\r\nLaptop\/Desktop\/Chromebook\r\nWheeled Robot Chassis (Preferably mBot products)<\/div>\r\n<div><\/div>\r\n<div><strong>Software Anforderungen:<\/strong>\r\nArduino for Windows\r\nCodebender for Chromebook<\/div>"},{"heading":"","content":""}]},"_links":{"self":[{"href":"https:\/\/www.medienlb.com\/en\/wp-json\/wp\/v2\/product\/21385","targetHints":{"allow":["GET"]}}],"collection":[{"href":"https:\/\/www.medienlb.com\/en\/wp-json\/wp\/v2\/product"}],"about":[{"href":"https:\/\/www.medienlb.com\/en\/wp-json\/wp\/v2\/types\/product"}],"acf:post":[{"embeddable":true,"href":"https:\/\/www.medienlb.com\/en\/wp-json\/wp\/v2\/product\/15994"}],"wp:featuredmedia":[{"embeddable":true,"href":"https:\/\/www.medienlb.com\/en\/wp-json\/wp\/v2\/media\/21397"}],"wp:attachment":[{"href":"https:\/\/www.medienlb.com\/en\/wp-json\/wp\/v2\/media?parent=21385"}],"wp:term":[{"taxonomy":"product_brand","embeddable":true,"href":"https:\/\/www.medienlb.com\/en\/wp-json\/wp\/v2\/product_brand?post=21385"},{"taxonomy":"product_cat","embeddable":true,"href":"https:\/\/www.medienlb.com\/en\/wp-json\/wp\/v2\/product_cat?post=21385"},{"taxonomy":"product_tag","embeddable":true,"href":"https:\/\/www.medienlb.com\/en\/wp-json\/wp\/v2\/product_tag?post=21385"}],"curies":[{"name":"wp","href":"https:\/\/api.w.org\/{rel}","templated":true}]}}