{"id":21302,"date":"2024-01-25T10:46:43","date_gmt":"2024-01-25T10:46:43","guid":{"rendered":"https:\/\/www.medienlb.com\/?post_type=product&#038;p=21302"},"modified":"2025-01-31T10:34:03","modified_gmt":"2025-01-31T10:34:03","slug":"makeblock-mtiny-discover-kit","status":"publish","type":"product","link":"https:\/\/www.medienlb.com\/en\/produkt\/makeblock-mtiny-discover-kit\/","title":{"rendered":"VR-Wissenschaftsmuseum"},"content":{"rendered":"<div>\n<p>Das <strong>SFI Erlebnispaket VR-Wissenschaftsmuseum<\/strong> von Intel ist ein Gesamtpaket mit allem, was Lehrkr\u00e4fte f\u00fcr die Gestaltung ihres digitalen Unterrichts ben\u00f6tigen: Unterrichtspakete von Intel Skills for Innovation sowie optimal abgestimmte Hard- und Software.<\/p>\n<\/div>\n<div>Die Nutzung von Virtual Reality erm\u00f6glicht eine Vielzahl an Lernerlebnissen in der Schule. In dieser Unterrichtseinheit erproben die Sch\u00fcler*innen eine dieser Facetten, indem sie ein eigenes virtuelles Naturkundemuseum entwickeln. Dazu kategorisieren die Sch\u00fcler*innen zun\u00e4chst verschiedene Tierarten, um den Aufbau und damit das Besucher*innen-Erlebnis ihres Museums konstruieren zu k\u00f6nnen. Hierzu erkunden sie die Anwendung CoSpaces und gestalten selbstst\u00e4ndig ihr eigenes virtuelles Naturkundemuseum. Im letzten Schritt erproben die Sch\u00fcler*innen gemeinsam die so erschaffenen virtuellen Museen und haben die M\u00f6glichkeit sich dar\u00fcber auszutauschen.<\/div>\n<div><\/div>\n","protected":false},"excerpt":{"rendered":"<div>Wir erschaffen ein VR-Museum &#8211; Eintritt in die Virtual Reality!<\/div>\n<div>Die Nutzung von Virtual Reality erm\u00f6glicht eine Vielzahl an Lernerlebnissen in der Schule<\/div>\n","protected":false},"featured_media":21330,"template":"","meta":{"_acf_changed":false},"product_brand":[],"product_cat":[75],"product_tag":[],"class_list":{"0":"post-21302","1":"product","2":"type-product","3":"status-publish","4":"has-post-thumbnail","6":"product_cat-hardware","8":"first","9":"instock","10":"taxable","11":"shipping-taxable","12":"purchasable","13":"product-type-variable"},"acf":{"subtitle":"Intel SFI Erlebnispaket ","article_id":"MS_17_VR-Museum","languages":"DE","thumb_up":false,"cover_image":"","linked_product":15895,"linked_products":null,"banner":{"show":true,"text":"","color":""},"length":"","content_movie":"","learning_goals":"","preview_gif":"","trailer":{"file":"","url":"","image":""},"mediathek_id":"","amount":"","demo_url":"","h5p_demo_id":"","content_interactive":"","hide_numbers":false,"flyer":21355,"info_columns":[{"heading":"","content":"<div><strong>Lieferumfang:<\/strong>\r\nHTC Vive Focus 3 Schwarz Virtual Reality Brille\r\ninkl. Bewegungssensoren mit integriertem Soundsystem\r\nHTC USB-Kabel - USB-C (M) rechtwinklig zu USB-C (M)<\/div>\r\n<div><\/div>\r\n<div><\/div>\r\n<div><strong>Hardware Anforderungen:\r\n<\/strong>Laptop\/Desktop\/Chromebook<\/div>\r\n<div><\/div>\r\n<div><strong>Software Anforderungen:<\/strong>\r\nCoSpaces<\/div>"},{"heading":"","content":""},{"heading":"","content":""}]},"_links":{"self":[{"href":"https:\/\/www.medienlb.com\/en\/wp-json\/wp\/v2\/product\/21302","targetHints":{"allow":["GET"]}}],"collection":[{"href":"https:\/\/www.medienlb.com\/en\/wp-json\/wp\/v2\/product"}],"about":[{"href":"https:\/\/www.medienlb.com\/en\/wp-json\/wp\/v2\/types\/product"}],"acf:post":[{"embeddable":true,"href":"https:\/\/www.medienlb.com\/en\/wp-json\/wp\/v2\/product\/15895"}],"wp:featuredmedia":[{"embeddable":true,"href":"https:\/\/www.medienlb.com\/en\/wp-json\/wp\/v2\/media\/21330"}],"wp:attachment":[{"href":"https:\/\/www.medienlb.com\/en\/wp-json\/wp\/v2\/media?parent=21302"}],"wp:term":[{"taxonomy":"product_brand","embeddable":true,"href":"https:\/\/www.medienlb.com\/en\/wp-json\/wp\/v2\/product_brand?post=21302"},{"taxonomy":"product_cat","embeddable":true,"href":"https:\/\/www.medienlb.com\/en\/wp-json\/wp\/v2\/product_cat?post=21302"},{"taxonomy":"product_tag","embeddable":true,"href":"https:\/\/www.medienlb.com\/en\/wp-json\/wp\/v2\/product_tag?post=21302"}],"curies":[{"name":"wp","href":"https:\/\/api.w.org\/{rel}","templated":true}]}}