{"id":21273,"date":"2024-01-22T11:33:12","date_gmt":"2024-01-22T11:33:12","guid":{"rendered":"https:\/\/www.medienlb.com\/produkt\/kamishibai-vol-4\/"},"modified":"2024-01-22T11:33:12","modified_gmt":"2024-01-22T11:33:12","slug":"kamishibai-vol-4","status":"publish","type":"product","link":"https:\/\/www.medienlb.com\/en\/produkt\/kamishibai-vol-4\/","title":{"rendered":"Kamishibai Vol. 4"},"content":{"rendered":"<p>In our workbook Kamishibai Vol. 4 &#8211; Picture stories (Level 1) you will find interactive and didactically prepared tasks.<\/p>\n<p>The medium offers H5P tasks that can be used without additional software. The medium contains texts and interactive tasks on the subject of picture stories.<br \/>\nThe given text promotes reading exercises and reading comprehension. The short stories are provided with illustrations and are therefore suitable for independent retelling or for telling your own stories.<br \/>\nLearning is fun now!<\/p>\n","protected":false},"excerpt":{"rendered":"<p>The medium offers H5P tasks that can be used without additional software. The medium contains texts and interactive tasks on the subject of picture stories.<\/p>\n","protected":false},"featured_media":26025,"template":"","meta":{"_acf_changed":false},"product_brand":[],"product_cat":[183,187],"product_tag":[120,130],"class_list":{"0":"post-21273","1":"product","2":"type-product","3":"status-publish","4":"has-post-thumbnail","6":"product_cat-interactive-workbook","7":"product_cat-kamishibai-en","8":"product_tag-subject-german","9":"product_tag-target-gru-2","11":"first","12":"instock","13":"taxable","14":"shipping-taxable","15":"purchasable","16":"product-type-variable"},"acf":{"subtitle":"Picture stories (Level 1)","article_id":"55506076","languages":"DE","thumb_up":false,"cover_image":null,"linked_product":null,"linked_products":null,"banner":{"show":false,"text":"","color":""},"length":"","content_movie":"","learning_goals":"","preview_gif":"","trailer":{"file":"","url":"","image":23805},"mediathek_id":"","amount":50,"demo_url":"https:\/\/www.interaktive-arbeitshefte.de\/de\/h5p\/29139\/embed","h5p_demo_id":"","content_interactive":"1. Mein Bruder und ich (Bildergeschichte Level 1)\r\n2. Umarmungen in der Stadt (Bildergeschichte Level 1)\r\n3. 7 Farben des Regenbogens (Bildergeschichte Level 1)\r\n4. Frechdachs (Bildergeschichte Level 1)\r\n5. Farben auf der Stra\u00dfe (Bildergeschichte Level 1)\r\n6. Maaloo, Kaaloo ...und wer? (Bildergeschichte Level 1)\r\n7. Der Lenkdrachen (Bildergeschichte Level 1)\r\n8. Gute-Nacht-Geschichten (Bildergeschichte Level 1)\r\n9. Was hat Ameena vor? (Bildergeschichte Level 1)\r\n10. Gefiederte Freunde (Bildergeschichte Level 1)\r\n11. Das Problem des Rades (Bildergeschichte Level 1)\r\n12. Schweinchen m\u00f6chte fliegen (Bildergeschichte Level 1)\r\n13. Teile des K\u00f6rpers (Bildergeschichte Level 1)\r\n14. Billy als Retter (Bildergeschichte Level 1)\r\n15. Goloo, der Kreis (Bildergeschichte Level 1)\r\n16. Wer bin ich? (Bildergeschichte Level 1)\r\n17. Die Howdah des L\u00f6wen (Bildergeschichte Level 1)\r\n18. Londi: Das tr\u00e4umende M\u00e4dchen (Bildergeschichte Level 1)\r\n19. Tommy und Tingu (Bildergeschichte Level 1)\r\n20. Ein sch\u00f6ner Tag (Bildergeschichte Level 1)\r\n21. Suma (Bildergeschichte Level 1)\r\n22. Essensmonster (Bildergeschichte Level 1)\r\n23. Was macht dich besonders? (Bildergeschichte Level 1)\r\n24. Lass uns gehen (Bildergeschichte Level 1)\r\n25. Freunde (Bildergeschichte Level 1)\r\n26. Mein Bruder und ich - L\u00fcckentext\r\n27. Umarmungen in der Stadt - L\u00fcckentext\r\n28. 7 Farben des Regenbogens - L\u00fcckentext\r\n29. Frechdachs - L\u00fcckentext\r\n30. Farben auf der Stra\u00dfe - L\u00fcckentext\r\n31. Maaloo, Kaaloo ...und wer? - L\u00fcckentext\r\n32. Der Lenkdrachen - L\u00fcckentext\r\n33. Gute-Nacht-Geschichten - L\u00fcckentext\r\n34. Was hat Ameena vor? - L\u00fcckentext\r\n35. Gefiederte Freunde - L\u00fcckentext\r\n36. Das Problem des Rades - L\u00fcckentext\r\n37. Schweinchen m\u00f6chte fliegen - L\u00fcckentext\r\n38. Teile des K\u00f6rpers - L\u00fcckentext\r\n39. Billy als Retter - L\u00fcckentext\r\n40. Goloo, der Kreis - L\u00fcckentext\r\n41. Wer bin ich? - L\u00fcckentext\r\n42. Die Howdah des L\u00f6wen - L\u00fcckentext\r\n43. Londi: Das tr\u00e4umende M\u00e4dchen - L\u00fcckentext\r\n44. Tommy und Tingu - L\u00fcckentext\r\n45. Ein sch\u00f6ner Tag - L\u00fcckentext\r\n46. Suma - L\u00fcckentext\r\n47. Essensmonster - L\u00fcckentext\r\n48. Was macht dich besonders? - L\u00fcckentext\r\n49. Lass uns gehen - L\u00fcckentext\r\n50. Freunde - L\u00fcckentext\r\n","hide_numbers":true,"flyer":"","info_columns":null},"_links":{"self":[{"href":"https:\/\/www.medienlb.com\/en\/wp-json\/wp\/v2\/product\/21273","targetHints":{"allow":["GET"]}}],"collection":[{"href":"https:\/\/www.medienlb.com\/en\/wp-json\/wp\/v2\/product"}],"about":[{"href":"https:\/\/www.medienlb.com\/en\/wp-json\/wp\/v2\/types\/product"}],"wp:featuredmedia":[{"embeddable":true,"href":"https:\/\/www.medienlb.com\/en\/wp-json\/wp\/v2\/media\/26025"}],"wp:attachment":[{"href":"https:\/\/www.medienlb.com\/en\/wp-json\/wp\/v2\/media?parent=21273"}],"wp:term":[{"taxonomy":"product_brand","embeddable":true,"href":"https:\/\/www.medienlb.com\/en\/wp-json\/wp\/v2\/product_brand?post=21273"},{"taxonomy":"product_cat","embeddable":true,"href":"https:\/\/www.medienlb.com\/en\/wp-json\/wp\/v2\/product_cat?post=21273"},{"taxonomy":"product_tag","embeddable":true,"href":"https:\/\/www.medienlb.com\/en\/wp-json\/wp\/v2\/product_tag?post=21273"}],"curies":[{"name":"wp","href":"https:\/\/api.w.org\/{rel}","templated":true}]}}