{"id":21203,"date":"2024-02-09T12:38:00","date_gmt":"2024-02-09T12:38:00","guid":{"rendered":"https:\/\/www.medienlb.com\/?post_type=product&#038;p=21203"},"modified":"2025-01-31T10:33:49","modified_gmt":"2025-01-31T10:33:49","slug":"sphero-bolt","status":"publish","type":"product","link":"https:\/\/www.medienlb.com\/en\/produkt\/sphero-bolt\/","title":{"rendered":"Sphero Bolt &#8211; Klassenset"},"content":{"rendered":"<div class=\"flex flex-grow flex-col max-w-full\">\n<div class=\"min-h-[20px] text-message flex flex-col items-start gap-3 whitespace-pre-wrap break-words [.text-message+&amp;]:mt-5 overflow-x-auto\" data-message-author-role=\"assistant\" data-message-id=\"4653d40d-7698-4c6a-8b72-0a0c1290771e\">\n<div class=\"markdown prose w-full break-words dark:prose-invert light\">\n<p>Der Klassensatz im Koffer bietet 15 Sphero Bolt Lernroboter f\u00fcr die Mittel- und Oberstufe. Durch das robuste und transparente Geh\u00e4use der Roboter-Kugel erhalten die Lernenden Einblick in die faszinierende Technik, darunter eine 8&#215;8 LED-Matrix und hochpr\u00e4zise Sensoren. \u00dcber die kostenlose Sphero Edu-App k\u00f6nnen die Roboter individuell gesteuert und programmiert werden. Die wahlweise Programmierung in\u00a0 Scratch\u2122 Blocks oder JavaScript erm\u00f6glicht eine flexible Nutzung entsprechend dem Wissensstand der Lernenden. Der Sphero Bolt erfasst Befehle zur Geschwindigkeit, Beschleunigung und Richtung, zeigt Animationen, Zeichen, Texte und Daten an. Die Roboter kommunizieren \u00fcber Infrarot miteinander, er\u00f6ffnen vielf\u00e4ltige Spiel- und Programmierm\u00f6glichkeiten und sind somit f\u00fcr den Unterricht von der Grundschule bis zur Sekundarstufe 2 geeignet. Die im Koffer integrierte Ladestation verf\u00fcgt \u00fcber ein K\u00fchlsystem und erm\u00f6glicht das sichere gleichzeitige Aufladen aller 15 Roboter. Der robuste, sperrbare Hartschalenkoffer mit praktischem Griff und Rollen gew\u00e4hrleistet den einfachen und sicheren Transport .<\/p>\n<\/div>\n<\/div>\n<\/div>\n<hr \/>\n<p>Hier ein Link zum Hersteller:\u00a0\u00a0 <span style=\"color: #3366ff;\"><a style=\"color: #3366ff;\" href=\"https:\/\/edu.sphero.com\/cwists\/?robot=BOLT\" target=\"_blank\" rel=\"noopener\">sphero.com<\/a><\/span><\/p>\n<hr \/>\n<p>Hier der Link zum<span style=\"color: #3366ff;\"> FILM <span style=\"color: #000000;\">(noch in Arbeit)<\/span><br \/>\n<\/span><\/p>\n","protected":false},"excerpt":{"rendered":"<p>Der kugelf\u00f6rmige Roboter f\u00fcr super spannenden Programmierunterricht mittels Blockly (\u00e4hnlich\u00a0 Scratch\u2122) oder mit JavaScript.<br \/>\nDie vielen integrierten Sensoren erm\u00f6glichen unz\u00e4hlige Programmierexperimente im MINT-Bereich.<\/p>\n","protected":false},"featured_media":21211,"template":"","meta":{"_acf_changed":false},"product_brand":[],"product_cat":[75],"product_tag":[],"class_list":{"0":"post-21203","1":"product","2":"type-product","3":"status-publish","4":"has-post-thumbnail","6":"product_cat-hardware","8":"first","9":"instock","10":"taxable","11":"shipping-taxable","12":"purchasable","13":"product-type-variable"},"acf":{"subtitle":"mit 15 Robotern im Transport- und Ladekoffer ","article_id":"MS_15_Sig_Num_Film","languages":"DE","thumb_up":false,"cover_image":"","linked_product":15928,"linked_products":null,"banner":{"show":true,"text":"","color":""},"length":"","content_movie":"","learning_goals":"","preview_gif":"","trailer":{"file":"","url":"","image":""},"mediathek_id":"","amount":"","demo_url":"","h5p_demo_id":"","content_interactive":"","hide_numbers":false,"flyer":21233,"info_columns":[{"heading":"","content":"<ul>\r\n \t<li>15 Sphero Bolt-Roboter<\/li>\r\n \t<li>15 360-Grad-Winkelmesser<\/li>\r\n \t<li>15 Turbo-H\u00fcllen f\u00fcr die Bolt-Roboter<\/li>\r\n \t<li>15 Labyrinthb\u00e4nder<\/li>\r\n \t<li>124 Sphero-Aufkleber geeignet f\u00fcr Kinder ab 7 Jahren<\/li>\r\n \t<li>Kompatibel mit der Sphero Edu-App und weiterer Sphero Software<\/li>\r\n \t<li>Akkulaufzeit bis zu 2 Stunden<\/li>\r\n \t<li>ideal f\u00fcr die ersten Programmiererfahrungen mit Blockly (\u00e4hnlich\u00a0 Scratch\u2122) bis zum fortgeschrittenen Programmieren mittels JavaScript<\/li>\r\n \t<li>die programmierbare LED-Matrix erm\u00f6glicht das Anzeigen von Daten und Nachrichten und auch die Darstellung von Emojis<\/li>\r\n<\/ul>"},{"heading":"","content":"<ul>\r\n \t<li>mit Auto-Aiming-Technologie f\u00fcr intuitive Fortbewegung<\/li>\r\n \t<li>das wasser- und sto\u00dffeste Geh\u00e4use erm\u00f6glicht den Einsatz im Innen- und Au\u00dfenbereich<\/li>\r\n \t<li>integrierte Sensoren f\u00fcr die Richtungs- und Beschleunigungserfassung, sowie f\u00fcr Helligkeit und Magnetfeld (digitalen Kompas) bieten unz\u00e4hligen Experimenten im MINT Bereich die technischen Voraussetzungen<\/li>\r\n \t<li>drahtlose Bluetooth SMART-Verbindung und Infrarotschnittstelle zur Steuerung und Programmierung der einzelnen Roboterkugeln und zur Kommunikation zwischen mehreren Sphero Bolts<\/li>\r\n \t<li>verschlie\u00dfbarer Koffer f\u00fcr 15 Roboter mit integrierter, gek\u00fchlter\u00a0 Ladestation<\/li>\r\n \t<li>einfacher Transport dank Rollen und einklappbarem Griff<\/li>\r\n<\/ul>"},{"heading":"","content":"Lieferumfang\r\n- 15 Sphero Bolt-Roboter\r\n- 1 Hartschalenkoffer mit 15 inkludierten induktiven Ladestationen\r\n- 1 Ladekabel f\u00fcr den Koffer\r\n- 15 360-Grad-Winkelmesser mit Kurs, Richtungen und Uhr\r\n- 15 Turbo-H\u00fcllen f\u00fcr Bolt-Roboter\r\n- 15 Labyrinthb\u00e4nder\r\n- 124 Sphero-Aufkleber\r\n- Leitfaden f\u00fcr Lehrkr\u00e4fte"}]},"_links":{"self":[{"href":"https:\/\/www.medienlb.com\/en\/wp-json\/wp\/v2\/product\/21203","targetHints":{"allow":["GET"]}}],"collection":[{"href":"https:\/\/www.medienlb.com\/en\/wp-json\/wp\/v2\/product"}],"about":[{"href":"https:\/\/www.medienlb.com\/en\/wp-json\/wp\/v2\/types\/product"}],"acf:post":[{"embeddable":true,"href":"https:\/\/www.medienlb.com\/en\/wp-json\/wp\/v2\/product\/15928"}],"wp:featuredmedia":[{"embeddable":true,"href":"https:\/\/www.medienlb.com\/en\/wp-json\/wp\/v2\/media\/21211"}],"wp:attachment":[{"href":"https:\/\/www.medienlb.com\/en\/wp-json\/wp\/v2\/media?parent=21203"}],"wp:term":[{"taxonomy":"product_brand","embeddable":true,"href":"https:\/\/www.medienlb.com\/en\/wp-json\/wp\/v2\/product_brand?post=21203"},{"taxonomy":"product_cat","embeddable":true,"href":"https:\/\/www.medienlb.com\/en\/wp-json\/wp\/v2\/product_cat?post=21203"},{"taxonomy":"product_tag","embeddable":true,"href":"https:\/\/www.medienlb.com\/en\/wp-json\/wp\/v2\/product_tag?post=21203"}],"curies":[{"name":"wp","href":"https:\/\/api.w.org\/{rel}","templated":true}]}}