{"id":20774,"date":"2024-02-09T15:08:09","date_gmt":"2024-02-09T15:08:09","guid":{"rendered":"https:\/\/medienlb.com\/?post_type=product&#038;p=20774"},"modified":"2025-12-11T08:45:12","modified_gmt":"2025-12-11T08:45:12","slug":"infento","status":"publish","type":"product","link":"https:\/\/www.medienlb.com\/en\/produkt\/infento\/","title":{"rendered":"Infento Amsterdam"},"content":{"rendered":"<p>Bis zu 51 Objekte und (elektrische) Fahrzeuge in einem Bausatz begeistern Sch\u00fcler f\u00fcr Technik, f\u00f6rdern die Kreativit\u00e4t und manuelle Geschicklichkeit. Die Infento-Kits sorgen f\u00fcr Spa\u00df beim Bauen in Montageteams und noch mehr bei anschlie\u00dfenden herausfordernden Challenges.<\/p>\n<hr \/>\n<p>Alle hier angebotenen Baus\u00e4tze, mit Ausnahme des InspireKits, werden in stabilen, stapelbaren Euro-Kuststoffboxen geliefert.<\/p>\n<hr \/>\n<p>Die angegebenen Preise sind ohne Versandkosten, diese werden auftragsspezifisch berechnet und angeboten.<\/p>\n<hr \/>\n<p><strong><span style=\"color: #ff0000;\">INFENTO erstellt im Moment neue Baus\u00e4tze, diese sind dann ab J\u00e4nner\/Februar 2026 hier erh\u00e4ltlich!<\/span><\/strong><\/p>\n<hr \/>\n<p>&nbsp;<\/p>\n<p>Hier der Link zum Film:\u00a0\u00a0 <a href=\"https:\/\/www.medienlb.com\/produkt\/konstruieren-im-unterricht\/\" target=\"_blank\" rel=\"noopener\"><img loading=\"lazy\" decoding=\"async\" class=\"alignnone wp-image-25337\" src=\"https:\/\/www.medienlb.com\/wp-content\/uploads\/2024\/02\/2024-07-11-20_46_55-Konstruieren-im-Unterricht-\u2013-MedienLB-\u2013-Mozilla-Firefox-298x300.png\" alt=\"\" width=\"174\" height=\"175\" srcset=\"https:\/\/www.medienlb.com\/wp-content\/uploads\/2024\/02\/2024-07-11-20_46_55-Konstruieren-im-Unterricht-\u2013-MedienLB-\u2013-Mozilla-Firefox-298x300.png 298w, https:\/\/www.medienlb.com\/wp-content\/uploads\/2024\/02\/2024-07-11-20_46_55-Konstruieren-im-Unterricht-\u2013-MedienLB-\u2013-Mozilla-Firefox-150x150.png 150w, https:\/\/www.medienlb.com\/wp-content\/uploads\/2024\/02\/2024-07-11-20_46_55-Konstruieren-im-Unterricht-\u2013-MedienLB-\u2013-Mozilla-Firefox-300x302.png 300w, https:\/\/www.medienlb.com\/wp-content\/uploads\/2024\/02\/2024-07-11-20_46_55-Konstruieren-im-Unterricht-\u2013-MedienLB-\u2013-Mozilla-Firefox-100x100.png 100w, https:\/\/www.medienlb.com\/wp-content\/uploads\/2024\/02\/2024-07-11-20_46_55-Konstruieren-im-Unterricht-\u2013-MedienLB-\u2013-Mozilla-Firefox.png 447w\" sizes=\"auto, (max-width: 174px) 100vw, 174px\" \/><\/a><\/p>\n<hr \/>\n<p><a href=\"https:\/\/www.medienlb.com\/wp-content\/uploads\/2024\/03\/2024_03_08-INFENTO-Bildung-Uebersicht.pdf\" target=\"_blank\" rel=\"noopener\">Link zu weiteren Informationen<\/a><\/p>\n<p>&nbsp;<\/p>\n","protected":false},"excerpt":{"rendered":"<p class=\" text-center mb-3\">Mit Infento bauen Schu\u0308ler lebensgro\u00dfe (elektrische) Fahrzeuge und viele andere supercoole Kreationen!<\/p>\n","protected":false},"featured_media":21010,"template":"","meta":{"_acf_changed":false},"product_brand":[],"product_cat":[75],"product_tag":[],"class_list":{"0":"post-20774","1":"product","2":"type-product","3":"status-publish","4":"has-post-thumbnail","6":"product_cat-hardware","8":"first","9":"instock","10":"taxable","11":"shipping-taxable","12":"purchasable","13":"product-type-variable"},"acf":{"subtitle":"Lebensgro\u00dfe Baus\u00e4tze f\u00fcr ganz viel Spa\u00df  im (MINT) Technikunterricht!","article_id":"MS_07_55506294","languages":"DE","thumb_up":false,"cover_image":"","linked_product":12588,"linked_products":null,"banner":{"show":true,"text":"","color":""},"length":"","content_movie":"","learning_goals":"","preview_gif":"","trailer":{"file":"","url":"","image":""},"mediathek_id":"","amount":"","demo_url":"","h5p_demo_id":"","content_interactive":"","hide_numbers":false,"flyer":33494,"info_columns":[{"heading":"","content":""},{"heading":"","content":""},{"heading":"","content":""}]},"_links":{"self":[{"href":"https:\/\/www.medienlb.com\/en\/wp-json\/wp\/v2\/product\/20774","targetHints":{"allow":["GET"]}}],"collection":[{"href":"https:\/\/www.medienlb.com\/en\/wp-json\/wp\/v2\/product"}],"about":[{"href":"https:\/\/www.medienlb.com\/en\/wp-json\/wp\/v2\/types\/product"}],"acf:post":[{"embeddable":true,"href":"https:\/\/www.medienlb.com\/en\/wp-json\/wp\/v2\/product\/12588"}],"wp:featuredmedia":[{"embeddable":true,"href":"https:\/\/www.medienlb.com\/en\/wp-json\/wp\/v2\/media\/21010"}],"wp:attachment":[{"href":"https:\/\/www.medienlb.com\/en\/wp-json\/wp\/v2\/media?parent=20774"}],"wp:term":[{"taxonomy":"product_brand","embeddable":true,"href":"https:\/\/www.medienlb.com\/en\/wp-json\/wp\/v2\/product_brand?post=20774"},{"taxonomy":"product_cat","embeddable":true,"href":"https:\/\/www.medienlb.com\/en\/wp-json\/wp\/v2\/product_cat?post=20774"},{"taxonomy":"product_tag","embeddable":true,"href":"https:\/\/www.medienlb.com\/en\/wp-json\/wp\/v2\/product_tag?post=20774"}],"curies":[{"name":"wp","href":"https:\/\/api.w.org\/{rel}","templated":true}]}}