{"id":20764,"date":"2023-12-22T20:41:42","date_gmt":"2023-12-22T20:41:42","guid":{"rendered":"https:\/\/medienlb.com\/?post_type=product&#038;p=20764"},"modified":"2025-01-31T10:33:00","modified_gmt":"2025-01-31T10:33:00","slug":"3d-drucker-makerbot","status":"publish","type":"product","link":"https:\/\/www.medienlb.com\/en\/produkt\/3d-drucker-makerbot\/","title":{"rendered":"3D Drucker MakerBot"},"content":{"rendered":"<p>Mit dem Verfahren des 3D-Drucks er\u00f6ffnet sich eine ganz neue Art der Produktion. Wurde Material<br \/>\nbislang durch Bearbeitung verkleinert und geformt, wird es beim 3D-Druck nach und nach,<br \/>\nSchicht f\u00fcr Schicht, erg\u00e4nzt.<\/p>\n<hr \/>\n<p>Hier der Link zum<a href=\"https:\/\/www.medienlb.com\/produkt\/3d-design-druck-in-der-schule\/\" target=\"_blank\" rel=\"noopener\"><span style=\"color: #3366ff;\"> FILM<\/span><\/a><\/p>\n","protected":false},"excerpt":{"rendered":"<p>Der preisgekr\u00f6nte Desktop-3D-Drucker von MakerBot ist f\u00fcr den schnellen und zuverl\u00e4ssigen 3D-Druck konzipiert<\/p>\n","protected":false},"featured_media":20375,"template":"","meta":{"_acf_changed":false},"product_brand":[],"product_cat":[75],"product_tag":[],"class_list":{"0":"post-20764","1":"product","2":"type-product","3":"status-publish","4":"has-post-thumbnail","6":"product_cat-hardware","8":"first","9":"instock","10":"taxable","11":"shipping-taxable","12":"purchasable","13":"product-type-variable"},"acf":{"subtitle":"Filament 3D Drucker","article_id":"MS_06_5565629","languages":"DE","thumb_up":false,"cover_image":"","linked_product":[13822,32645],"linked_products":null,"banner":{"show":true,"text":"","color":""},"length":"","content_movie":"","learning_goals":"","preview_gif":"","trailer":{"file":"","url":"","image":""},"mediathek_id":"","amount":"","demo_url":"","h5p_demo_id":"","content_interactive":"","hide_numbers":false,"flyer":20772,"info_columns":[{"heading":"Bestehend aus:","content":"<ul>\r\n \t<li>1x MakerBot Replicator+ mit Zubeh\u00f6r<\/li>\r\n \t<li>Extruder, PLACool-Gray,<\/li>\r\n \t<li>4Kabel, QuickStar Guide),<\/li>\r\n \t<li>robustes Trolly-CASE, PLA True-Orange,<\/li>\r\n<\/ul>"},{"heading":"","content":"<ul>\r\n \t<li>ein zus\u00e4tzlicher Extruder,<\/li>\r\n \t<li>Tutorial \u201cMakerbot in the Classroom\u201c,<\/li>\r\n \t<li>Lehrfilm 3D,<\/li>\r\n \t<li>Modellsammlung (5-teilig),<\/li>\r\n<\/ul>"},{"heading":"","content":""}]},"_links":{"self":[{"href":"https:\/\/www.medienlb.com\/en\/wp-json\/wp\/v2\/product\/20764","targetHints":{"allow":["GET"]}}],"collection":[{"href":"https:\/\/www.medienlb.com\/en\/wp-json\/wp\/v2\/product"}],"about":[{"href":"https:\/\/www.medienlb.com\/en\/wp-json\/wp\/v2\/types\/product"}],"acf:post":[{"embeddable":true,"href":"https:\/\/www.medienlb.com\/en\/wp-json\/wp\/v2\/product\/32645"},{"embeddable":true,"href":"https:\/\/www.medienlb.com\/en\/wp-json\/wp\/v2\/product\/13822"}],"wp:featuredmedia":[{"embeddable":true,"href":"https:\/\/www.medienlb.com\/en\/wp-json\/wp\/v2\/media\/20375"}],"wp:attachment":[{"href":"https:\/\/www.medienlb.com\/en\/wp-json\/wp\/v2\/media?parent=20764"}],"wp:term":[{"taxonomy":"product_brand","embeddable":true,"href":"https:\/\/www.medienlb.com\/en\/wp-json\/wp\/v2\/product_brand?post=20764"},{"taxonomy":"product_cat","embeddable":true,"href":"https:\/\/www.medienlb.com\/en\/wp-json\/wp\/v2\/product_cat?post=20764"},{"taxonomy":"product_tag","embeddable":true,"href":"https:\/\/www.medienlb.com\/en\/wp-json\/wp\/v2\/product_tag?post=20764"}],"curies":[{"name":"wp","href":"https:\/\/api.w.org\/{rel}","templated":true}]}}