{"id":20720,"date":"2023-12-22T12:38:41","date_gmt":"2023-12-22T12:38:41","guid":{"rendered":"https:\/\/medienlb.com\/?post_type=product&#038;p=20720"},"modified":"2025-01-31T10:31:24","modified_gmt":"2025-01-31T10:31:24","slug":"bernina-590-und-stickmodul-m-sdt","status":"publish","type":"product","link":"https:\/\/www.medienlb.com\/en\/produkt\/bernina-590-und-stickmodul-m-sdt\/","title":{"rendered":"BERNINA 590 und Stickmodul M (SDT)"},"content":{"rendered":"<p>Die perfekte Maschine f\u00fcrs N\u00e4hen, Quilten und Sticken. Dank dem Stickmodul mit Smart Drive Technology (SDT) erzielen Sie zuverl\u00e4ssige und atemberaubende Stickergebnisse. Zus\u00e4tzlich k\u00f6nnen dank Freiarmsticken bereits geschlossene, r\u00f6hrenf\u00f6rmige N\u00e4hprojekte wie zum Beispiel Blusen oder kleine T-Shirts problemlos bestickt werden.\u00a0 (Preise ohne Versandkosten)<\/p>\n<hr \/>\n<p>Hier der Link zum optionalen <span style=\"color: #3366ff;\"><a style=\"color: #3366ff;\" href=\"https:\/\/www.medienlb.com\/wp-content\/uploads\/2024\/07\/Stickmaschine-Bernina-590-_-Gesamtpaket.pdf\" target=\"_blank\" rel=\"noopener\">GESAMTPAKET!<\/a><\/span><\/p>\n<hr \/>\n<p><a href=\"https:\/\/www.medienlb.com\/produkt\/sticken-mit-der-stickmaschine\/\" target=\"_blank\" rel=\"noopener\">Hier der Link zum Film!<\/a><\/p>\n","protected":false},"excerpt":{"rendered":"<p>N\u00e4hen und computergesteuertes Sticken in h\u00f6chster Qualit\u00e4t!!<\/p>\n","protected":false},"featured_media":20734,"template":"","meta":{"_acf_changed":false},"product_brand":[],"product_cat":[75],"product_tag":[],"class_list":{"0":"post-20720","1":"product","2":"type-product","3":"status-publish","4":"has-post-thumbnail","6":"product_cat-hardware","8":"first","9":"instock","10":"taxable","11":"shipping-taxable","12":"purchasable","13":"product-type-variable"},"acf":{"subtitle":"N\u00e4hmaschine mit Stickmodul","article_id":"MS_04_55506124","languages":"","thumb_up":false,"cover_image":"","linked_product":21476,"linked_products":null,"banner":{"show":true,"text":"","color":""},"length":"","content_movie":"","learning_goals":"","preview_gif":"","trailer":{"file":"","url":"","image":""},"mediathek_id":"","amount":"","demo_url":"","h5p_demo_id":"","content_interactive":"","hide_numbers":false,"flyer":20741,"info_columns":[{"heading":"","content":""},{"heading":"","content":""},{"heading":"","content":""}]},"_links":{"self":[{"href":"https:\/\/www.medienlb.com\/en\/wp-json\/wp\/v2\/product\/20720","targetHints":{"allow":["GET"]}}],"collection":[{"href":"https:\/\/www.medienlb.com\/en\/wp-json\/wp\/v2\/product"}],"about":[{"href":"https:\/\/www.medienlb.com\/en\/wp-json\/wp\/v2\/types\/product"}],"acf:post":[{"embeddable":true,"href":"https:\/\/www.medienlb.com\/en\/wp-json\/wp\/v2\/product\/21476"}],"wp:featuredmedia":[{"embeddable":true,"href":"https:\/\/www.medienlb.com\/en\/wp-json\/wp\/v2\/media\/20734"}],"wp:attachment":[{"href":"https:\/\/www.medienlb.com\/en\/wp-json\/wp\/v2\/media?parent=20720"}],"wp:term":[{"taxonomy":"product_brand","embeddable":true,"href":"https:\/\/www.medienlb.com\/en\/wp-json\/wp\/v2\/product_brand?post=20720"},{"taxonomy":"product_cat","embeddable":true,"href":"https:\/\/www.medienlb.com\/en\/wp-json\/wp\/v2\/product_cat?post=20720"},{"taxonomy":"product_tag","embeddable":true,"href":"https:\/\/www.medienlb.com\/en\/wp-json\/wp\/v2\/product_tag?post=20720"}],"curies":[{"name":"wp","href":"https:\/\/api.w.org\/{rel}","templated":true}]}}