{"id":20597,"date":"2023-12-22T11:22:12","date_gmt":"2023-12-22T11:22:12","guid":{"rendered":"https:\/\/medienlb.com\/?post_type=product&#038;p=20597"},"modified":"2025-02-07T13:48:16","modified_gmt":"2025-02-07T13:48:16","slug":"sinnesorgane-schuetzen","status":"publish","type":"product","link":"https:\/\/www.medienlb.com\/en\/produkt\/sinnesorgane-schuetzen\/","title":{"rendered":"Sinnesorgane sch\u00fctzen"},"content":{"rendered":"<p>Das Arbeiten im Labor im Chemie-, Biologie- und Physikunterricht erfordert<br \/>\nSicherheitsvorkehrungen, um Unf\u00e4lle zu vermeiden.<br \/>\nDer Film zeigt das richtige Verhalten im Labor und stellt Ma\u00dfnahmen vor,<br \/>\nOhr, Auge, Haut, Mund und Nase zu sch\u00fctzen.<br \/>\nEin Schwerpunkt liegt auf der Prophylaxe von Unf\u00e4llen. Wie man im Notfall<br \/>\nrichtig handelt, erkl\u00e4rt der Film auf unterhaltsame Weise.<\/p>\n","protected":false},"excerpt":{"rendered":"<p>Das Arbeiten im Labor im Chemie-, Biologie- und Physikunterricht erfordert<br \/>\nSicherheitsvorkehrungen, um Unf\u00e4lle zu vermeiden.<\/p>\n","protected":false},"featured_media":20614,"template":"","meta":{"_acf_changed":false},"product_brand":[],"product_cat":[70],"product_tag":[87,125],"class_list":{"0":"post-20597","1":"product","2":"type-product","3":"status-publish","4":"has-post-thumbnail","6":"product_cat-film","7":"product_tag-subject-biologie","8":"product_tag-target-sek-i","9":"product_shipping_class-dvd-versand","11":"first","12":"instock","13":"taxable","14":"shipping-taxable","15":"purchasable","16":"product-type-variable"},"acf":{"subtitle":"Ma\u00dfnahmen im Labor","article_id":"46505037 \/ 55504916","languages":"DE","thumb_up":false,"cover_image":27819,"linked_product":"","linked_products":null,"banner":{"show":true,"text":"","color":""},"length":"14:04","content_movie":"Im ausf\u00fchrlichen Datenteil der DVD 70 Seiten Unterrichts- und Begleitmaterial, davon:\r\n21 Seiten Arbeitsbl\u00e4tter und Erg\u00e4nzungen mit L\u00f6sungen\r\n20 Testaufgaben\r\n10 Interaktive Aufgaben","learning_goals":"1. Die Sch\u00fcler:innen kennen grundlegende Verhaltensregeln im Labor\r\n2. Die Sch\u00fcler:innen f\u00fchren Experimente unter Beachtung der\r\nSicherheitsregeln durch","preview_gif":21171,"trailer":{"file":20604,"url":"","image":20606},"mediathek_id":804,"amount":"","demo_url":"","h5p_demo_id":"","content_interactive":"","hide_numbers":false,"flyer":"","info_columns":null},"_links":{"self":[{"href":"https:\/\/www.medienlb.com\/en\/wp-json\/wp\/v2\/product\/20597","targetHints":{"allow":["GET"]}}],"collection":[{"href":"https:\/\/www.medienlb.com\/en\/wp-json\/wp\/v2\/product"}],"about":[{"href":"https:\/\/www.medienlb.com\/en\/wp-json\/wp\/v2\/types\/product"}],"wp:featuredmedia":[{"embeddable":true,"href":"https:\/\/www.medienlb.com\/en\/wp-json\/wp\/v2\/media\/20614"}],"wp:attachment":[{"href":"https:\/\/www.medienlb.com\/en\/wp-json\/wp\/v2\/media?parent=20597"}],"wp:term":[{"taxonomy":"product_brand","embeddable":true,"href":"https:\/\/www.medienlb.com\/en\/wp-json\/wp\/v2\/product_brand?post=20597"},{"taxonomy":"product_cat","embeddable":true,"href":"https:\/\/www.medienlb.com\/en\/wp-json\/wp\/v2\/product_cat?post=20597"},{"taxonomy":"product_tag","embeddable":true,"href":"https:\/\/www.medienlb.com\/en\/wp-json\/wp\/v2\/product_tag?post=20597"}],"curies":[{"name":"wp","href":"https:\/\/api.w.org\/{rel}","templated":true}]}}