{"id":20583,"date":"2023-12-22T11:09:59","date_gmt":"2023-12-22T11:09:59","guid":{"rendered":"https:\/\/medienlb.com\/?post_type=product&#038;p=20583"},"modified":"2025-01-31T10:37:56","modified_gmt":"2025-01-31T10:37:56","slug":"makeblock-codey-rocky","status":"publish","type":"product","link":"https:\/\/www.medienlb.com\/en\/produkt\/makeblock-codey-rocky\/","title":{"rendered":"Makeblock Codey Rocky"},"content":{"rendered":"<p>Der ideale Einstiegsroboter f\u00fcr den modernen Unterricht,<br \/>\nmit dem Kinder spielerisch ihre ersten Schritte in der Welt<br \/>\ndes Programmierens machen k\u00f6nnen.<br \/>\nDurch die einfache Programmierung kann man sofort<br \/>\nloslegen. Variable Module erm\u00f6glichen eine Vielzahl<br \/>\nan Effekten und Funktionen, die Spa\u00df machen.<br \/>\nF\u00f6rdern Sie das logische Denken und die Problem-<br \/>\nl\u00f6sungsf\u00e4higkeiten Ihrer Sch\u00fclerinnen und Sch\u00fcler!<\/p>\n","protected":false},"excerpt":{"rendered":"<p>Der ideale Einstiegsroboter f\u00fcr den modernen Unterricht.<\/p>\n","protected":false},"featured_media":20589,"template":"","meta":{"_acf_changed":false},"product_brand":[],"product_cat":[75],"product_tag":[],"class_list":{"0":"post-20583","1":"product","2":"type-product","3":"status-publish","4":"has-post-thumbnail","6":"product_cat-hardware","8":"first","9":"instock","10":"taxable","11":"shipping-taxable","12":"purchasable","13":"product-type-variable"},"acf":{"subtitle":"Programmieren lernen, die Zukunft gestalten","article_id":"MS_11_FILM-Signum","languages":"DE","thumb_up":false,"cover_image":"","linked_product":13865,"linked_products":null,"banner":{"show":true,"text":"","color":""},"length":"","content_movie":"","learning_goals":"","preview_gif":"","trailer":{"file":"","url":"","image":""},"mediathek_id":"","amount":"","demo_url":"","h5p_demo_id":"","content_interactive":"","hide_numbers":false,"flyer":20613,"info_columns":[{"heading":"Produktinformation und Lieferumfang","content":"<ul>\r\n \t<li>Makeblock Codey Rocky : Mini Roboter mit einer einfach\r\nzu bedienenden Robotik-Hardware und der visuellen\r\nProgrammiersoftware mBlock 5, basierend auf SCratch\r\n3.0, einer leichten Programmiersprache f\u00fcr Anf\u00e4nger<\/li>\r\n \t<li>10 programmierbare elektronische Module mit einer\r\nbreiten Palette an lustigen Effekten und Funktionen<\/li>\r\n<\/ul>"},{"heading":"","content":"<ul>\r\n \t<li>8 Codey Rocky Farbkarten<\/li>\r\n \t<li>Schl\u00fcsselband<\/li>\r\n \t<li>Namensaufkleber<\/li>\r\n \t<li>Micro-USB-Datenkabel, auch Wi-Fi + Bluetooth geeignet<\/li>\r\n \t<li>Schnellstartanleitung in 9 Sprachen<\/li>\r\n \t<li>Mit Makeblock Neuron und LEGO-Steinen kompatibel<\/li>\r\n \t<li>Aus robustem Kunststoff<\/li>\r\n<\/ul>"},{"heading":"","content":""}]},"_links":{"self":[{"href":"https:\/\/www.medienlb.com\/en\/wp-json\/wp\/v2\/product\/20583","targetHints":{"allow":["GET"]}}],"collection":[{"href":"https:\/\/www.medienlb.com\/en\/wp-json\/wp\/v2\/product"}],"about":[{"href":"https:\/\/www.medienlb.com\/en\/wp-json\/wp\/v2\/types\/product"}],"acf:post":[{"embeddable":true,"href":"https:\/\/www.medienlb.com\/en\/wp-json\/wp\/v2\/product\/13865"}],"wp:featuredmedia":[{"embeddable":true,"href":"https:\/\/www.medienlb.com\/en\/wp-json\/wp\/v2\/media\/20589"}],"wp:attachment":[{"href":"https:\/\/www.medienlb.com\/en\/wp-json\/wp\/v2\/media?parent=20583"}],"wp:term":[{"taxonomy":"product_brand","embeddable":true,"href":"https:\/\/www.medienlb.com\/en\/wp-json\/wp\/v2\/product_brand?post=20583"},{"taxonomy":"product_cat","embeddable":true,"href":"https:\/\/www.medienlb.com\/en\/wp-json\/wp\/v2\/product_cat?post=20583"},{"taxonomy":"product_tag","embeddable":true,"href":"https:\/\/www.medienlb.com\/en\/wp-json\/wp\/v2\/product_tag?post=20583"}],"curies":[{"name":"wp","href":"https:\/\/api.w.org\/{rel}","templated":true}]}}