{"id":20535,"date":"2023-12-22T10:25:12","date_gmt":"2023-12-22T10:25:12","guid":{"rendered":"https:\/\/medienlb.com\/?post_type=product&#038;p=20535"},"modified":"2025-02-07T13:48:30","modified_gmt":"2025-02-07T13:48:30","slug":"audiostift-anybook-pro-im-unterricht","status":"publish","type":"product","link":"https:\/\/www.medienlb.com\/en\/produkt\/audiostift-anybook-pro-im-unterricht\/","title":{"rendered":"Audiostift Anybook Pro im Unterricht"},"content":{"rendered":"<p>Der Audiostift Anybook Pro ist eine technische Erg\u00e4nzung des Unterrichts mit gro\u00dfem Potenzial. Die Bedienung ist sehr einfach, man f\u00e4hrt mit der Stiftspitze auf den Code und bekommt eine Audiodatei ausgespielt. Urspr\u00fcnglich f\u00fcr die Unterst\u00fctzte Kommunikation entwickelt, eignet er sich ebenso bei der F\u00f6rderung von Sch\u00fcler:innen mit Lese-Rechtschreibschw\u00e4che oder bei der Unterst\u00fctzung von Sch\u00fcler:innen, die eine andere als die deutsche Herkunftssprache sprechen.<\/p>\n<p>Der Film stellt den Audiostift Anybook Pro in seinen praktischen Anwendungsm\u00f6glichkeiten vor.<\/p>\n","protected":false},"excerpt":{"rendered":"<p>Der Audiostift Anybook Pro ist eine technische Erg\u00e4nzung des Unterrichts mit gro\u00dfem Potenzial.<\/p>\n","protected":false},"featured_media":20546,"template":"","meta":{"_acf_changed":false},"product_brand":[],"product_cat":[70],"product_tag":[121,143],"class_list":{"0":"post-20535","1":"product","2":"type-product","3":"status-publish","4":"has-post-thumbnail","6":"product_cat-film","7":"product_tag-subject-lehrerfortbildung","8":"product_tag-target-lehrkraefte","9":"product_shipping_class-dvd-versand","11":"first","12":"instock","13":"taxable","14":"shipping-taxable","15":"purchasable","16":"product-type-variable"},"acf":{"subtitle":"Anwendung, M\u00f6glichkeiten, Technik","article_id":"46505023 \/ 55504905","languages":"DE","thumb_up":false,"cover_image":27825,"linked_product":[20782],"linked_products":null,"banner":{"show":true,"text":"","color":""},"length":"11:13","content_movie":"<ul>\r\n \t<li>Gesamtes Begleitmaterial: 20 Seiten<\/li>\r\n \t<li>Arbeitsbl\u00e4tter: 6 Seiten<\/li>\r\n<\/ul>\r\n\r\n<hr \/>\r\n\r\nhttps:\/\/www.medienlb.com\/produkt\/anybook-pro-audiostift\/","learning_goals":"","preview_gif":21153,"trailer":{"file":20539,"url":"","image":20541},"mediathek_id":807,"amount":"","demo_url":"","h5p_demo_id":"","content_interactive":"","hide_numbers":false,"flyer":"","info_columns":null},"_links":{"self":[{"href":"https:\/\/www.medienlb.com\/en\/wp-json\/wp\/v2\/product\/20535","targetHints":{"allow":["GET"]}}],"collection":[{"href":"https:\/\/www.medienlb.com\/en\/wp-json\/wp\/v2\/product"}],"about":[{"href":"https:\/\/www.medienlb.com\/en\/wp-json\/wp\/v2\/types\/product"}],"acf:post":[{"embeddable":true,"href":"https:\/\/www.medienlb.com\/en\/wp-json\/wp\/v2\/product\/20782"}],"wp:featuredmedia":[{"embeddable":true,"href":"https:\/\/www.medienlb.com\/en\/wp-json\/wp\/v2\/media\/20546"}],"wp:attachment":[{"href":"https:\/\/www.medienlb.com\/en\/wp-json\/wp\/v2\/media?parent=20535"}],"wp:term":[{"taxonomy":"product_brand","embeddable":true,"href":"https:\/\/www.medienlb.com\/en\/wp-json\/wp\/v2\/product_brand?post=20535"},{"taxonomy":"product_cat","embeddable":true,"href":"https:\/\/www.medienlb.com\/en\/wp-json\/wp\/v2\/product_cat?post=20535"},{"taxonomy":"product_tag","embeddable":true,"href":"https:\/\/www.medienlb.com\/en\/wp-json\/wp\/v2\/product_tag?post=20535"}],"curies":[{"name":"wp","href":"https:\/\/api.w.org\/{rel}","templated":true}]}}